{"id":6317,"date":"2025-07-22T17:28:26","date_gmt":"2025-07-22T15:28:26","guid":{"rendered":"https:\/\/labex-entreprendre.fr\/?page_id=6317"},"modified":"2025-11-03T11:22:56","modified_gmt":"2025-11-03T10:22:56","slug":"entrepreneurial-support-lab","status":"publish","type":"page","link":"https:\/\/labex-entreprendre.fr\/?page_id=6317","title":{"rendered":"Entrepreneurial Support Lab"},"content":{"rendered":"<p>[et_pb_section fb_built=\u00a0\u00bb1&Prime; _builder_version=\u00a0\u00bb4.16&Prime; global_colors_info=\u00a0\u00bb{}\u00a0\u00bb][et_pb_row _builder_version=\u00a0\u00bb4.16&Prime; background_size=\u00a0\u00bbinitial\u00a0\u00bb background_position=\u00a0\u00bbtop_left\u00a0\u00bb background_repeat=\u00a0\u00bbrepeat\u00a0\u00bb global_colors_info=\u00a0\u00bb{}\u00a0\u00bb][et_pb_column type=\u00a0\u00bb4_4&Prime; _builder_version=\u00a0\u00bb4.16&Prime; custom_padding=\u00a0\u00bb|||\u00a0\u00bb global_colors_info=\u00a0\u00bb{}\u00a0\u00bb custom_padding__hover=\u00a0\u00bb|||\u00a0\u00bb][et_pb_text _builder_version=\u00a0\u00bb4.27.4&Prime; header_font_size=\u00a0\u00bb52px\u00a0\u00bb background_size=\u00a0\u00bbinitial\u00a0\u00bb background_position=\u00a0\u00bbtop_left\u00a0\u00bb background_repeat=\u00a0\u00bbrepeat\u00a0\u00bb custom_padding=\u00a0\u00bb||0px|||\u00a0\u00bb global_colors_info=\u00a0\u00bb{}\u00a0\u00bb]<\/p>\n<h1>Entrepreneurial Support Lab\u00a0<\/h1>\n<p><!-- \/divi:paragraph --><\/p>\n<p><!-- divi:paragraph --><\/p>\n<p><!-- \/divi:paragraph --><\/p>\n<p>[\/et_pb_text][dsm_typing_effect before_typing_effect=\u00a0\u00bbUn programme\u00a0\u00bb typing_effect=\u00a0\u00bbde recherche centr\u00e9 sur l&rsquo;incubation sous toutes ses formes|ax\u00e9 sur l&rsquo;innovation et les start-ups |cr\u00e9atif de nouvelles strat\u00e9gies d&rsquo;accompagnement\u00a0\u00bb typing_speed=\u00a0\u00bb50ms\u00a0\u00bb typing_backspeed=\u00a0\u00bb1ms\u00a0\u00bb _builder_version=\u00a0\u00bb4.27.4&Prime; _module_preset=\u00a0\u00bbdefault\u00a0\u00bb global_colors_info=\u00a0\u00bb{}\u00a0\u00bb][\/dsm_typing_effect][\/et_pb_column][\/et_pb_row][et_pb_row column_structure=\u00a0\u00bb1_4,3_4&Prime; _builder_version=\u00a0\u00bb4.27.4&Prime; _module_preset=\u00a0\u00bbdefault\u00a0\u00bb global_colors_info=\u00a0\u00bb{}\u00a0\u00bb][et_pb_column type=\u00a0\u00bb1_4&Prime; _builder_version=\u00a0\u00bb4.27.4&Prime; _module_preset=\u00a0\u00bbdefault\u00a0\u00bb global_colors_info=\u00a0\u00bb{}\u00a0\u00bb][et_pb_team_member name=\u00a0\u00bbSylvie Sammut\u00a0\u00bb position=\u00a0\u00bbCharg\u00e9e du programme\u00a0\u00bb image_url=\u00a0\u00bbhttps:\/\/labex-entreprendre.fr\/wp-content\/uploads\/2022\/10\/Sylvie-Sammut-web-1-e1751616657550.jpg\u00a0\u00bb linkedin_url=\u00a0\u00bbhttps:\/\/www.linkedin.com\/in\/sylvie-sammut-418b9113a\/?originalSubdomain=fr\u00a0\u00bb _builder_version=\u00a0\u00bb4.27.4&Prime; _module_preset=\u00a0\u00bbdefault\u00a0\u00bb body_text_align=\u00a0\u00bbjustify\u00a0\u00bb body_font_size=\u00a0\u00bb12px\u00a0\u00bb body_line_height=\u00a0\u00bb1.3em\u00a0\u00bb global_colors_info=\u00a0\u00bb{}\u00a0\u00bb]<\/p>\n<p><strong>Sylvie Sammut<\/strong><span>\u00a0est professeure en entrepreneuriat et management strat\u00e9gique \u00e0 l\u2019Universit\u00e9 de Montpellier et au laboratoire MRM (Montpellier Recherche en Management)<\/span>. Directrice de Montpellier Management, elle est charg\u00e9e du programme <em data-start=\"285\" data-end=\"314\">Entrepreneurial Support Lab<\/em> et dirige la chaire <em data-start=\"328\" data-end=\"334\">AE2i<\/em>. Ses travaux portent sur l\u2019accompagnement entrepreneurial, l\u2019innovation et les strat\u00e9gies d\u2019incubation.<\/p>\n<p>[\/et_pb_team_member][et_pb_button button_url=\u00a0\u00bbhttps:\/\/hal.science\/search\/index\/?q=sylvie+sammut&#038;rows=30&Prime; button_text=\u00a0\u00bbPublications\u00a0\u00bb _builder_version=\u00a0\u00bb4.27.4&Prime; _module_preset=\u00a0\u00bbdefault\u00a0\u00bb global_colors_info=\u00a0\u00bb{}\u00a0\u00bb][\/et_pb_button][\/et_pb_column][et_pb_column type=\u00a0\u00bb3_4&Prime; _builder_version=\u00a0\u00bb4.27.4&Prime; _module_preset=\u00a0\u00bbdefault\u00a0\u00bb global_colors_info=\u00a0\u00bb{}\u00a0\u00bb][dsm_perspective_image src=\u00a0\u00bbhttps:\/\/labex-entreprendre.fr\/wp-content\/uploads\/2025\/07\/ChatGPT-Image-4-juil.-2025-11_52_35.png\u00a0\u00bb title_text=\u00a0\u00bbEntrepreneurial Support Lab\u00a0\u00bb perspective=\u00a0\u00bb588px\u00a0\u00bb dsm_rotate_y=\u00a0\u00bb-21deg\u00a0\u00bb dsm_rotate_x=\u00a0\u00bb-8deg\u00a0\u00bb _builder_version=\u00a0\u00bb4.27.4&Prime; _module_preset=\u00a0\u00bbdefault\u00a0\u00bb background_color=\u00a0\u00bb#8E2DAF\u00a0\u00bb global_colors_info=\u00a0\u00bb{}\u00a0\u00bb][\/dsm_perspective_image][dsm_text_divider header=\u00a0\u00bbMembres de l&rsquo;\u00e9quipe\u00a0\u00bb _builder_version=\u00a0\u00bb4.27.4&Prime; _module_preset=\u00a0\u00bbdefault\u00a0\u00bb global_colors_info=\u00a0\u00bb{}\u00a0\u00bb][\/dsm_text_divider][et_pb_text _builder_version=\u00a0\u00bb4.27.4&Prime; _module_preset=\u00a0\u00bbdefault\u00a0\u00bb hover_enabled=\u00a0\u00bb0&Prime; global_colors_info=\u00a0\u00bb{}\u00a0\u00bb sticky_enabled=\u00a0\u00bb0&Prime;]<\/p>\n<p>B\u00e9n\u00e9dicte Aldebert, Nina Augustyniak, <span>Dina Benbrahim, <\/span>Didier Chabaud, Annabelle Jaouen, Nadira Kercival, Sofia Lamperti, Amandine Maus, Sershen Naidoo,\u00a0<em>Doctorant.e.s : Yaser Ghanei.<\/em><\/p>\n<p>[\/et_pb_text][\/et_pb_column][\/et_pb_row][et_pb_row _builder_version=\u00a0\u00bb4.27.4&Prime; _module_preset=\u00a0\u00bbdefault\u00a0\u00bb global_colors_info=\u00a0\u00bb{}\u00a0\u00bb][et_pb_column type=\u00a0\u00bb4_4&Prime; _builder_version=\u00a0\u00bb4.27.4&Prime; _module_preset=\u00a0\u00bbdefault\u00a0\u00bb global_colors_info=\u00a0\u00bb{}\u00a0\u00bb][et_pb_text _builder_version=\u00a0\u00bb4.27.4&Prime; _module_preset=\u00a0\u00bbdefault\u00a0\u00bb global_colors_info=\u00a0\u00bb{}\u00a0\u00bb]<\/p>\n<p data-start=\"230\" data-end=\"615\" style=\"text-align: justify;\"><strong data-start=\"230\" data-end=\"274\">Le programme Entrepreneurial Support Lab<\/strong> est un espace de recherche d\u00e9di\u00e9 \u00e0 l\u2019exploration des dispositifs d\u2019accompagnement \u00e0 l\u2019entrepreneuriat, avec une approche pluridimensionnelle. Il s\u2019articule autour de plusieurs axes compl\u00e9mentaires qui visent \u00e0 mieux comprendre les pratiques, les strat\u00e9gies et les enjeux port\u00e9s par les acteurs de l\u2019accompagnement entrepreneurial en France.<\/p>\n<p data-start=\"617\" data-end=\"955\" style=\"text-align: justify;\">Le premier axe repose sur <strong data-start=\"643\" data-end=\"688\">l\u2019Observatoire de l\u2019incubation acad\u00e9mique<\/strong>, qui m\u00e8ne un travail d\u2019observation et d\u2019analyse des dispositifs mis en place par les \u00e9tablissements publics d\u2019enseignement sup\u00e9rieur. Il s\u2019agit de mieux saisir la diversit\u00e9 des mod\u00e8les d\u2019incubation acad\u00e9mique et leur articulation avec les missions de service public.<\/p>\n<p data-start=\"957\" data-end=\"1319\" style=\"text-align: justify;\">Le programme s\u2019int\u00e9resse aussi aux <strong data-start=\"992\" data-end=\"1045\">caract\u00e9ristiques de l\u2019universit\u00e9 entrepreneuriale<\/strong> et \u00e0 ses engagements strat\u00e9giques, en explorant les liens entre les politiques publiques nationales et les dynamiques des \u00e9cosyst\u00e8mes locaux. Cette r\u00e9flexion permet de mieux comprendre les r\u00f4les que jouent les universit\u00e9s dans la structuration territoriale de l\u2019innovation.<\/p>\n<p data-start=\"1321\" data-end=\"1624\" style=\"text-align: justify;\">Un autre axe de recherche porte sur les <strong data-start=\"1361\" data-end=\"1421\">strat\u00e9gies et politiques des structures d\u2019accompagnement<\/strong>, qu\u2019elles soient publiques ou priv\u00e9es. L\u2019\u00e9quipe analyse les business models adopt\u00e9s, les pratiques de co-accompagnement, ainsi que les approches en mati\u00e8re d\u2019innovation et de positionnement strat\u00e9gique.<\/p>\n<p data-start=\"1626\" data-end=\"1968\" style=\"text-align: justify;\">Enfin, le programme explore la <strong data-start=\"1657\" data-end=\"1714\">diversit\u00e9 des formes d\u2019accompagnement entrepreneurial<\/strong> : qu\u2019il s\u2019agisse de l\u2019accompagnement \u00e0 la lib\u00e9ration des entreprises, de l\u2019appui aux \u00e9quipes entrepreneuriales, de l\u2019accompagnement des duos f\u00e9minins, ou encore de la prise en compte des enjeux de durabilit\u00e9 au sein m\u00eame des structures d\u2019accompagnement.<\/p>\n<p data-start=\"1970\" data-end=\"2158\" style=\"text-align: justify;\">Ce programme participe au projet <strong data-start=\"358\" data-end=\"375\">UNIICo-Create<\/strong>, un projet Erasmus+ de renforcement des capacit\u00e9s lanc\u00e9 en mars 2025 \u00e0 Johannesburg. Ce projet vise \u00e0 repenser la collaboration entre universit\u00e9s et industrie dans la r\u00e9gion de la SADC (Communaut\u00e9 de D\u00e9veloppement de l\u2019Afrique Australe). \u00c0 ce titre, l\u2019<strong data-start=\"628\" data-end=\"659\">Entrepreneurial Support Lab<\/strong> contribue activement au transfert de connaissances et \u00e0 la formation, afin de favoriser l\u2019int\u00e9gration de l\u2019entrepreneuriat dans l\u2019enseignement sup\u00e9rieur, la modernisation des cursus et la formation de dipl\u00f4m\u00e9\u00b7e\u00b7s plus innovant\u00b7e\u00b7s et employables.<\/p>\n<p>[\/et_pb_text][et_pb_testimonial portrait_url=\u00a0\u00bbdata:image\/svg+xml;base64,PHN2ZyB3aWR0aD0iNTAwIiBoZWlnaHQ9IjUwMCIgdmlld0JveD0iMCAwIDUwMCA1MDAiIHhtbG5zPSJodHRwOi8vd3d3LnczLm9yZy8yMDAwL3N2ZyI+CiAgICA8ZyBmaWxsPSJub25lIiBmaWxsLXJ1bGU9ImV2ZW5vZGQiPgogICAgICAgIDxwYXRoIGZpbGw9IiNFQkVCRUIiIGQ9Ik0wIDBoNTAwdjUwMEgweiIvPgogICAgICAgIDxyZWN0IGZpbGwtb3BhY2l0eT0iLjEiIGZpbGw9IiMwMDAiIHg9IjY4IiB5PSIzMDUiIHdpZHRoPSIzNjQiIGhlaWdodD0iNTY4IiByeD0iMTgyIi8+CiAgICAgICAgPGNpcmNsZSBmaWxsLW9wYWNpdHk9Ii4xIiBmaWxsPSIjMDAwIiBjeD0iMjQ5IiBjeT0iMTcyIiByPSIxMDAiLz4KICAgIDwvZz4KPC9zdmc+Cg==\u00a0\u00bb _builder_version=\u00a0\u00bb4.27.4&Prime; _module_preset=\u00a0\u00bbdefault\u00a0\u00bb background_color=\u00a0\u00bb#f7b3fc\u00a0\u00bb global_colors_info=\u00a0\u00bb{}\u00a0\u00bb][\/et_pb_testimonial][\/et_pb_column][\/et_pb_row][et_pb_row _builder_version=\u00a0\u00bb4.27.4&Prime; _module_preset=\u00a0\u00bbdefault\u00a0\u00bb global_colors_info=\u00a0\u00bb{}\u00a0\u00bb][et_pb_column type=\u00a0\u00bb4_4&Prime; _builder_version=\u00a0\u00bb4.27.4&Prime; _module_preset=\u00a0\u00bbdefault\u00a0\u00bb global_colors_info=\u00a0\u00bb{}\u00a0\u00bb][divi8_image_carousel _builder_version=\u00a0\u00bb4.27.4&Prime; _module_preset=\u00a0\u00bbdefault\u00a0\u00bb global_colors_info=\u00a0\u00bb{}\u00a0\u00bb][divi8_image_carousel_item heading=\u00a0\u00bb \u00a0\u00bb description=\u00a0\u00bb \u00a0\u00bb img=\u00a0\u00bbhttps:\/\/labex-entreprendre.fr\/wp-content\/uploads\/2023\/11\/groupe-apero.jpg\u00a0\u00bb _builder_version=\u00a0\u00bb4.27.4&Prime; _module_preset=\u00a0\u00bbdefault\u00a0\u00bb global_colors_info=\u00a0\u00bb{}\u00a0\u00bb][\/divi8_image_carousel_item][divi8_image_carousel_item heading=\u00a0\u00bb \u00a0\u00bb description=\u00a0\u00bb \u00a0\u00bb img=\u00a0\u00bbhttps:\/\/labex-entreprendre.fr\/wp-content\/uploads\/2025\/06\/1-2.png\u00a0\u00bb _builder_version=\u00a0\u00bb4.27.4&Prime; _module_preset=\u00a0\u00bbdefault\u00a0\u00bb global_colors_info=\u00a0\u00bb{}\u00a0\u00bb][\/divi8_image_carousel_item][divi8_image_carousel_item heading=\u00a0\u00bb \u00a0\u00bb description=\u00a0\u00bb \u00a0\u00bb img=\u00a0\u00bbhttps:\/\/labex-entreprendre.fr\/wp-content\/uploads\/2025\/06\/1-1-1.png\u00a0\u00bb _builder_version=\u00a0\u00bb4.27.4&Prime; _module_preset=\u00a0\u00bbdefault\u00a0\u00bb global_colors_info=\u00a0\u00bb{}\u00a0\u00bb][\/divi8_image_carousel_item][divi8_image_carousel_item heading=\u00a0\u00bb \u00a0\u00bb description=\u00a0\u00bb \u00a0\u00bb img=\u00a0\u00bbhttps:\/\/labex-entreprendre.fr\/wp-content\/uploads\/2025\/06\/2-1.png\u00a0\u00bb _builder_version=\u00a0\u00bb4.27.4&Prime; _module_preset=\u00a0\u00bbdefault\u00a0\u00bb global_colors_info=\u00a0\u00bb{}\u00a0\u00bb][\/divi8_image_carousel_item][\/divi8_image_carousel][\/et_pb_column][\/et_pb_row][\/et_pb_section]<\/p>\n","protected":false},"excerpt":{"rendered":"<p>Entrepreneurial Support Lab\u00a0 <div class=\"et_pb_module dsm_typing_effect dsm_typing_effect_0 et_pb_bg_layout_light \">\n\t\t\t\t\n\t\t\t\t\n\t\t\t\t\n\t\t\t\t\n\t\t\t\t\n\t\t\t\t\n\t\t\t\t<div class=\"et_pb_module_inner\">\n\t\t\t\t\t<h1 class=\"dsm-typing-effect et_pb_module_header\"><span class=\"dsm-before-typing-effect\">Un programme&nbsp;<\/span><span class=\"dsm-typing-wrapper\"><span class=\"dsm-typing-strings\">de recherche centr\u00e9 sur l&#039;incubation sous toutes ses formes ax\u00e9 sur l&#039;innovation et les start-ups  cr\u00e9atif de nouvelles strat\u00e9gies d&#039;accompagnement<\/span><span class=\"dsm-typing\" data-dsm-typing-cursor=\"|\" data-dsm-typing-strings=\"de recherche centr\u00e9 sur l&#039;incubation sous toutes ses formes|ax\u00e9 sur l&#039;innovation et les start-ups |cr\u00e9atif de nouvelles strat\u00e9gies d&#039;accompagnement\" data-dsm-typing-speed=50ms data-dsm-typing-backspeed=1ms data-dsm-typing-backdelay=700ms data-dsm-typing-loop=true data-dsm-typing-fadeout=false data-dsm-typing-shuffle=false data-dsm-typing-delay=0ms data-dsm-typing-viewport=80% data-dsm-typing-repeat=on><\/span><\/span><\/h1>\n\t\t\t\t<\/div>\n\t\t\t<\/div>Sylvie Sammut\u00a0est professeure en entrepreneuriat et management strat\u00e9gique \u00e0 l\u2019Universit\u00e9 de Montpellier et au laboratoire MRM (Montpellier Recherche en Management). Directrice de Montpellier Management, elle est [&hellip;]<\/p>\n","protected":false},"author":5,"featured_media":6318,"parent":0,"menu_order":0,"comment_status":"closed","ping_status":"closed","template":"","meta":{"_et_pb_use_builder":"on","_et_pb_old_content":"","_et_gb_content_width":"","footnotes":""},"class_list":["post-6317","page","type-page","status-publish","has-post-thumbnail","hentry"],"yoast_head":"<!-- This site is optimized with the Yoast SEO plugin v23.4 - https:\/\/yoast.com\/wordpress\/plugins\/seo\/ -->\n<title>Entrepreneurial Support Lab - Lab Entreprendre<\/title>\n<meta name=\"robots\" content=\"index, follow, max-snippet:-1, max-image-preview:large, max-video-preview:-1\" \/>\n<link rel=\"canonical\" href=\"https:\/\/labex-entreprendre.fr\/?page_id=6317\" \/>\n<meta property=\"og:locale\" content=\"fr_FR\" \/>\n<meta property=\"og:type\" content=\"article\" \/>\n<meta property=\"og:title\" content=\"Entrepreneurial Support Lab - Lab Entreprendre\" \/>\n<meta property=\"og:description\" content=\"Entrepreneurial Support Lab\u00a0 Sylvie Sammut\u00a0est professeure en entrepreneuriat et management strat\u00e9gique \u00e0 l\u2019Universit\u00e9 de Montpellier et au laboratoire MRM (Montpellier Recherche en Management). Directrice de Montpellier Management, elle est [&hellip;]\" \/>\n<meta property=\"og:url\" content=\"https:\/\/labex-entreprendre.fr\/?page_id=6317\" \/>\n<meta property=\"og:site_name\" content=\"Lab Entreprendre\" \/>\n<meta property=\"article:modified_time\" content=\"2025-11-03T10:22:56+00:00\" \/>\n<meta property=\"og:image\" content=\"https:\/\/labex-entreprendre.fr\/wp-content\/uploads\/2025\/07\/ChatGPT-Image-4-juil.-2025-11_52_35-1024x683.png\" \/>\n\t<meta property=\"og:image:width\" content=\"1024\" \/>\n\t<meta property=\"og:image:height\" content=\"683\" \/>\n\t<meta property=\"og:image:type\" content=\"image\/png\" \/>\n<meta name=\"twitter:card\" content=\"summary_large_image\" \/>\n<meta name=\"twitter:label1\" content=\"Dur\u00e9e de lecture estim\u00e9e\" \/>\n\t<meta name=\"twitter:data1\" content=\"1 minute\" \/>\n<script type=\"application\/ld+json\" class=\"yoast-schema-graph\">{\"@context\":\"https:\/\/schema.org\",\"@graph\":[{\"@type\":\"WebPage\",\"@id\":\"https:\/\/labex-entreprendre.fr\/?page_id=6317\",\"url\":\"https:\/\/labex-entreprendre.fr\/?page_id=6317\",\"name\":\"Entrepreneurial Support Lab - Lab Entreprendre\",\"isPartOf\":{\"@id\":\"https:\/\/labex-entreprendre.fr\/#website\"},\"primaryImageOfPage\":{\"@id\":\"https:\/\/labex-entreprendre.fr\/?page_id=6317#primaryimage\"},\"image\":{\"@id\":\"https:\/\/labex-entreprendre.fr\/?page_id=6317#primaryimage\"},\"thumbnailUrl\":\"https:\/\/labex-entreprendre.fr\/wp-content\/uploads\/2025\/07\/ChatGPT-Image-4-juil.-2025-11_52_35.png\",\"datePublished\":\"2025-07-22T15:28:26+00:00\",\"dateModified\":\"2025-11-03T10:22:56+00:00\",\"breadcrumb\":{\"@id\":\"https:\/\/labex-entreprendre.fr\/?page_id=6317#breadcrumb\"},\"inLanguage\":\"fr-FR\",\"potentialAction\":[{\"@type\":\"ReadAction\",\"target\":[\"https:\/\/labex-entreprendre.fr\/?page_id=6317\"]}]},{\"@type\":\"ImageObject\",\"inLanguage\":\"fr-FR\",\"@id\":\"https:\/\/labex-entreprendre.fr\/?page_id=6317#primaryimage\",\"url\":\"https:\/\/labex-entreprendre.fr\/wp-content\/uploads\/2025\/07\/ChatGPT-Image-4-juil.-2025-11_52_35.png\",\"contentUrl\":\"https:\/\/labex-entreprendre.fr\/wp-content\/uploads\/2025\/07\/ChatGPT-Image-4-juil.-2025-11_52_35.png\",\"width\":1536,\"height\":1024},{\"@type\":\"BreadcrumbList\",\"@id\":\"https:\/\/labex-entreprendre.fr\/?page_id=6317#breadcrumb\",\"itemListElement\":[{\"@type\":\"ListItem\",\"position\":1,\"name\":\"Home\",\"item\":\"https:\/\/labex-entreprendre.fr\/\"},{\"@type\":\"ListItem\",\"position\":2,\"name\":\"Entrepreneurial Support Lab\"}]},{\"@type\":\"WebSite\",\"@id\":\"https:\/\/labex-entreprendre.fr\/#website\",\"url\":\"https:\/\/labex-entreprendre.fr\/\",\"name\":\"Lab Entreprendre\",\"description\":\"Universit\u00e9 de Montpellier\",\"potentialAction\":[{\"@type\":\"SearchAction\",\"target\":{\"@type\":\"EntryPoint\",\"urlTemplate\":\"https:\/\/labex-entreprendre.fr\/?s={search_term_string}\"},\"query-input\":{\"@type\":\"PropertyValueSpecification\",\"valueRequired\":true,\"valueName\":\"search_term_string\"}}],\"inLanguage\":\"fr-FR\"}]}<\/script>\n<!-- \/ Yoast SEO plugin. -->","yoast_head_json":{"title":"Entrepreneurial Support Lab - Lab Entreprendre","robots":{"index":"index","follow":"follow","max-snippet":"max-snippet:-1","max-image-preview":"max-image-preview:large","max-video-preview":"max-video-preview:-1"},"canonical":"https:\/\/labex-entreprendre.fr\/?page_id=6317","og_locale":"fr_FR","og_type":"article","og_title":"Entrepreneurial Support Lab - Lab Entreprendre","og_description":"Entrepreneurial Support Lab\u00a0 Sylvie Sammut\u00a0est professeure en entrepreneuriat et management strat\u00e9gique \u00e0 l\u2019Universit\u00e9 de Montpellier et au laboratoire MRM (Montpellier Recherche en Management). Directrice de Montpellier Management, elle est [&hellip;]","og_url":"https:\/\/labex-entreprendre.fr\/?page_id=6317","og_site_name":"Lab Entreprendre","article_modified_time":"2025-11-03T10:22:56+00:00","og_image":[{"width":1024,"height":683,"url":"https:\/\/labex-entreprendre.fr\/wp-content\/uploads\/2025\/07\/ChatGPT-Image-4-juil.-2025-11_52_35-1024x683.png","type":"image\/png"}],"twitter_card":"summary_large_image","twitter_misc":{"Dur\u00e9e de lecture estim\u00e9e":"1 minute"},"schema":{"@context":"https:\/\/schema.org","@graph":[{"@type":"WebPage","@id":"https:\/\/labex-entreprendre.fr\/?page_id=6317","url":"https:\/\/labex-entreprendre.fr\/?page_id=6317","name":"Entrepreneurial Support Lab - Lab Entreprendre","isPartOf":{"@id":"https:\/\/labex-entreprendre.fr\/#website"},"primaryImageOfPage":{"@id":"https:\/\/labex-entreprendre.fr\/?page_id=6317#primaryimage"},"image":{"@id":"https:\/\/labex-entreprendre.fr\/?page_id=6317#primaryimage"},"thumbnailUrl":"https:\/\/labex-entreprendre.fr\/wp-content\/uploads\/2025\/07\/ChatGPT-Image-4-juil.-2025-11_52_35.png","datePublished":"2025-07-22T15:28:26+00:00","dateModified":"2025-11-03T10:22:56+00:00","breadcrumb":{"@id":"https:\/\/labex-entreprendre.fr\/?page_id=6317#breadcrumb"},"inLanguage":"fr-FR","potentialAction":[{"@type":"ReadAction","target":["https:\/\/labex-entreprendre.fr\/?page_id=6317"]}]},{"@type":"ImageObject","inLanguage":"fr-FR","@id":"https:\/\/labex-entreprendre.fr\/?page_id=6317#primaryimage","url":"https:\/\/labex-entreprendre.fr\/wp-content\/uploads\/2025\/07\/ChatGPT-Image-4-juil.-2025-11_52_35.png","contentUrl":"https:\/\/labex-entreprendre.fr\/wp-content\/uploads\/2025\/07\/ChatGPT-Image-4-juil.-2025-11_52_35.png","width":1536,"height":1024},{"@type":"BreadcrumbList","@id":"https:\/\/labex-entreprendre.fr\/?page_id=6317#breadcrumb","itemListElement":[{"@type":"ListItem","position":1,"name":"Home","item":"https:\/\/labex-entreprendre.fr\/"},{"@type":"ListItem","position":2,"name":"Entrepreneurial Support Lab"}]},{"@type":"WebSite","@id":"https:\/\/labex-entreprendre.fr\/#website","url":"https:\/\/labex-entreprendre.fr\/","name":"Lab Entreprendre","description":"Universit\u00e9 de Montpellier","potentialAction":[{"@type":"SearchAction","target":{"@type":"EntryPoint","urlTemplate":"https:\/\/labex-entreprendre.fr\/?s={search_term_string}"},"query-input":{"@type":"PropertyValueSpecification","valueRequired":true,"valueName":"search_term_string"}}],"inLanguage":"fr-FR"}]}},"_links":{"self":[{"href":"https:\/\/labex-entreprendre.fr\/index.php?rest_route=\/wp\/v2\/pages\/6317","targetHints":{"allow":["GET"]}}],"collection":[{"href":"https:\/\/labex-entreprendre.fr\/index.php?rest_route=\/wp\/v2\/pages"}],"about":[{"href":"https:\/\/labex-entreprendre.fr\/index.php?rest_route=\/wp\/v2\/types\/page"}],"author":[{"embeddable":true,"href":"https:\/\/labex-entreprendre.fr\/index.php?rest_route=\/wp\/v2\/users\/5"}],"replies":[{"embeddable":true,"href":"https:\/\/labex-entreprendre.fr\/index.php?rest_route=%2Fwp%2Fv2%2Fcomments&post=6317"}],"version-history":[{"count":15,"href":"https:\/\/labex-entreprendre.fr\/index.php?rest_route=\/wp\/v2\/pages\/6317\/revisions"}],"predecessor-version":[{"id":6680,"href":"https:\/\/labex-entreprendre.fr\/index.php?rest_route=\/wp\/v2\/pages\/6317\/revisions\/6680"}],"wp:featuredmedia":[{"embeddable":true,"href":"https:\/\/labex-entreprendre.fr\/index.php?rest_route=\/wp\/v2\/media\/6318"}],"wp:attachment":[{"href":"https:\/\/labex-entreprendre.fr\/index.php?rest_route=%2Fwp%2Fv2%2Fmedia&parent=6317"}],"curies":[{"name":"wp","href":"https:\/\/api.w.org\/{rel}","templated":true}]}}