{"id":3549,"date":"2023-04-07T14:53:24","date_gmt":"2023-04-07T12:53:24","guid":{"rendered":"https:\/\/labex-entreprendre.fr\/?page_id=3549"},"modified":"2023-04-07T14:53:24","modified_gmt":"2023-04-07T12:53:24","slug":"membres-paul-amadieu","status":"publish","type":"page","link":"https:\/\/labex-entreprendre.fr\/?page_id=3549","title":{"rendered":"Membres &#8211; Paul Amadieu"},"content":{"rendered":"<p>[et_pb_section fb_built=\u00a0\u00bb1&Prime; _builder_version=\u00a0\u00bb4.16&Prime; _module_preset=\u00a0\u00bbdefault\u00a0\u00bb locked=\u00a0\u00bboff\u00a0\u00bb global_colors_info=\u00a0\u00bb{}\u00a0\u00bb][et_pb_row _builder_version=\u00a0\u00bb4.16&Prime; _module_preset=\u00a0\u00bbdefault\u00a0\u00bb global_colors_info=\u00a0\u00bb{}\u00a0\u00bb][et_pb_column type=\u00a0\u00bb4_4&Prime; _builder_version=\u00a0\u00bb4.16&Prime; _module_preset=\u00a0\u00bbdefault\u00a0\u00bb global_colors_info=\u00a0\u00bb{}\u00a0\u00bb][et_pb_text _builder_version=\u00a0\u00bb4.17.4&Prime; _module_preset=\u00a0\u00bbdefault\u00a0\u00bb text_font=\u00a0\u00bb|600||on|||||\u00a0\u00bb text_text_color=\u00a0\u00bb#18305D\u00a0\u00bb header_3_font=\u00a0\u00bb|700||on|||||\u00a0\u00bb header_3_text_color=\u00a0\u00bb#18305D\u00a0\u00bb global_colors_info=\u00a0\u00bb{}\u00a0\u00bb]<\/p>\n<h3><span style=\"color: #993366;\">Paul AMADIEU<\/span><\/h3>\n<p>Ma\u00eetre de conf\u00e9rences en Gestion &#8211; Comptabilit\u00e9 Finance<\/p>\n<p>[\/et_pb_text][\/et_pb_column][\/et_pb_row][et_pb_row column_structure=\u00a0\u00bb1_3,2_3&Prime; custom_padding_last_edited=\u00a0\u00bbon|desktop\u00a0\u00bb module_class=\u00a0\u00bbprofiles\u00a0\u00bb _builder_version=\u00a0\u00bb4.16&Prime; _module_preset=\u00a0\u00bbdefault\u00a0\u00bb background_color=\u00a0\u00bbRGBA(0,0,0,0)\u00a0\u00bb custom_margin=\u00a0\u00bb40px||||false|false\u00a0\u00bb custom_padding=\u00a0\u00bb0px|0px|0px|0px|true|true\u00a0\u00bb custom_padding_tablet=\u00a0\u00bb80px|80px|80px|80px|true|true\u00a0\u00bb custom_padding_phone=\u00a0\u00bb0px|0px|0px|0px|true|true\u00a0\u00bb locked=\u00a0\u00bboff\u00a0\u00bb global_colors_info=\u00a0\u00bb{}\u00a0\u00bb][et_pb_column type=\u00a0\u00bb1_3&Prime; _builder_version=\u00a0\u00bb4.16&Prime; _module_preset=\u00a0\u00bbdefault\u00a0\u00bb background_enable_image=\u00a0\u00bboff\u00a0\u00bb global_colors_info=\u00a0\u00bb{}\u00a0\u00bb][et_pb_image src=\u00a0\u00bbhttps:\/\/labex-entreprendre.fr\/wp-content\/uploads\/2023\/04\/Paul-amadieu.jpg\u00a0\u00bb title_text=\u00a0\u00bbPaul amadieu\u00a0\u00bb _builder_version=\u00a0\u00bb4.17.4&Prime; _module_preset=\u00a0\u00bbdefault\u00a0\u00bb global_colors_info=\u00a0\u00bb{}\u00a0\u00bb][\/et_pb_image][et_pb_text _builder_version=\u00a0\u00bb4.17.4&Prime; _module_preset=\u00a0\u00bbdefault\u00a0\u00bb text_font=\u00a0\u00bbSource Sans Pro||||||||\u00a0\u00bb text_text_color=\u00a0\u00bb#18305D\u00a0\u00bb text_line_height=\u00a0\u00bb1.3em\u00a0\u00bb header_font=\u00a0\u00bb|800|||||||\u00a0\u00bb header_text_color=\u00a0\u00bb#8E2DAF\u00a0\u00bb header_2_font=\u00a0\u00bb|800|||||||\u00a0\u00bb header_2_text_color=\u00a0\u00bb#18305D\u00a0\u00bb header_3_font=\u00a0\u00bbSource Sans Pro|700||on|||||\u00a0\u00bb header_3_text_color=\u00a0\u00bb#18305D\u00a0\u00bb header_3_font_size=\u00a0\u00bb18px\u00a0\u00bb global_colors_info=\u00a0\u00bb{}\u00a0\u00bb]<\/p>\n<h3>Coordonn\u00e9es<\/h3>\n<p>Montpellier Management<br \/>Espace Richter \u2013 Rue Vend\u00e9miaire<br \/>34\u00a0000 Montpellier<\/p>\n<p><strong>Email :<\/strong> <a href=\"mailto:paul.amadieu@umontpellier.fr\">paul.amadieu[a]umontpellier.fr<\/a><\/p>\n<p><strong>T\u00e9l\u00e9phone : <\/strong>+33 (0) 4 34 43 23 70<\/p>\n<p>[\/et_pb_text][et_pb_button button_url=\u00a0\u00bbhttps:\/\/www.montpellier-management.fr\/liste-des-enseignant-chercheur\/maitre-de-conference-paul-amadieu\/#1515136708117-4e6fc86d-e9747662-3879&Prime; button_text=\u00a0\u00bbEn savoir plus\u00a0\u00bb button_alignment=\u00a0\u00bbcenter\u00a0\u00bb _builder_version=\u00a0\u00bb4.17.4&Prime; custom_button=\u00a0\u00bbon\u00a0\u00bb button_text_size=\u00a0\u00bb14px\u00a0\u00bb button_text_color=\u00a0\u00bb#FFFFFF\u00a0\u00bb button_bg_color=\u00a0\u00bb#8E2DAF\u00a0\u00bb button_border_width=\u00a0\u00bb0px\u00a0\u00bb button_border_color=\u00a0\u00bb#FFFFFF\u00a0\u00bb button_border_radius=\u00a0\u00bb0px\u00a0\u00bb button_letter_spacing=\u00a0\u00bb1px\u00a0\u00bb button_font=\u00a0\u00bb|700||on|||||\u00a0\u00bb button_icon=\u00a0\u00bb&#xf061;||fa||900&Prime; custom_margin=\u00a0\u00bb0px||||false|false\u00a0\u00bb custom_padding=\u00a0\u00bb14px|40px|14px|40px|true|false\u00a0\u00bb locked=\u00a0\u00bboff\u00a0\u00bb global_colors_info=\u00a0\u00bb{}\u00a0\u00bb button_bg_color__hover_enabled=\u00a0\u00bbon\u00a0\u00bb box_shadow_vertical__hover=\u00a0\u00bb200px\u00a0\u00bb box_shadow_horizontal__hover_enabled=\u00a0\u00bbon\u00a0\u00bb box_shadow_horizontal__hover=\u00a0\u00bb350px\u00a0\u00bb button_text_color__hover_enabled=\u00a0\u00bbon|hover\u00a0\u00bb button_text_color__hover=\u00a0\u00bb#56BADE\u00a0\u00bb button_bg_color__hover=\u00a0\u00bbrgba(255,255,255,0)\u00a0\u00bb][\/et_pb_button][\/et_pb_column][et_pb_column type=\u00a0\u00bb2_3&Prime; _builder_version=\u00a0\u00bb4.16&Prime; _module_preset=\u00a0\u00bbdefault\u00a0\u00bb background_enable_image=\u00a0\u00bboff\u00a0\u00bb global_colors_info=\u00a0\u00bb{}\u00a0\u00bb][et_pb_text _builder_version=\u00a0\u00bb4.17.4&Prime; _module_preset=\u00a0\u00bbdefault\u00a0\u00bb text_font=\u00a0\u00bbSource Sans Pro||||||||\u00a0\u00bb text_text_color=\u00a0\u00bb#18305D\u00a0\u00bb text_line_height=\u00a0\u00bb1.3em\u00a0\u00bb header_font=\u00a0\u00bb|800|||||||\u00a0\u00bb header_text_color=\u00a0\u00bb#8E2DAF\u00a0\u00bb header_2_font=\u00a0\u00bb|800|||||||\u00a0\u00bb header_2_text_color=\u00a0\u00bb#18305D\u00a0\u00bb header_3_font=\u00a0\u00bbSource Sans Pro|700||on|||||\u00a0\u00bb header_3_text_color=\u00a0\u00bb#18305D\u00a0\u00bb header_3_font_size=\u00a0\u00bb18px\u00a0\u00bb custom_padding=\u00a0\u00bb||0px|||\u00a0\u00bb global_colors_info=\u00a0\u00bb{}\u00a0\u00bb]<\/p>\n<p><strong>FONCTIONS<\/strong><\/p>\n<ul>\n<li>Responsable du M2 Gestion de Patrimoine et Patrimoine Professionnel<\/li>\n<\/ul>\n<p>&nbsp;<\/p>\n<p>\u00a0<strong>FORMATION<\/strong><\/p>\n<ul>\n<li>Doctorat en 1998<\/li>\n<\/ul>\n<p>&nbsp;<\/p>\n<p><strong>TH\u00c9MATIQUE(S) DE RECHERCHE<\/strong><\/p>\n<p>Mes recherches portent sur les aspects financiers de la gestion des PME et des entreprises viticoles.<\/p>\n<p>&nbsp;<\/p>\n<p><strong>PRINCIPALES PUBLICATIONS<\/strong><\/p>\n<ul>\n<li>Management et marketing du vin \u2013 opportunit\u00e9s pour les entreprises et enjeux pour la fili\u00e8re, Sous la direction de Foued Cheriet, Carole Maurel, Paul Amadieu and Herv\u00e9 Hannin, 2021, ISTE.<\/li>\n<li>Picot-Coupey K., Viviani J.L., Amadieu P., Determinants of retail store network expansion via shop-in-shops, <em>International Journal of Retail &amp; Distribution Management. <\/em>2018, Vol.46 Issue:\u00a010, pp.\u00a0915-943.<\/li>\n<li>Valette J., Amadieu P., Sentis P., Cooperatives versus corporations: survival in the French wine industry, <em>Journal of Wine Economics.<\/em> 2018, Volume 13 Number 3, pp. 328-354.<\/li>\n<li>Valette J., Amadieu P., Sentis P., Les coop\u00e9ratives r\u00e9sistent-elles mieux\u00a0? Une analyse de survie des coop\u00e9ratives agricoles fran\u00e7aises, <em>Finance Contr\u00f4le Strat\u00e9gie<\/em>, 2018 21-2.<\/li>\n<\/ul>\n<p>&nbsp;<\/p>\n<p><strong>ENSEIGNEMENTS<\/strong><\/p>\n<p>Mes enseignements portent sur la comptabilit\u00e9 et la finance.<\/p>\n<p>&nbsp;<\/p>\n<p><strong>TRANSFERT ET VALORISATION DE LA RECHERCHE<\/strong><\/p>\n<ul>\n<li>Animation du Groupe Vin Montpellier r\u00e9unissant des chercheurs et des professionnels portant un int\u00e9r\u00eat \u00e0 la gestion des entreprises viticoles.<\/li>\n<\/ul>\n<p style=\"font-weight: 400;\">[\/et_pb_text][\/et_pb_column][\/et_pb_row][\/et_pb_section]<\/p>\n","protected":false},"excerpt":{"rendered":"<p>Paul AMADIEU Ma\u00eetre de conf\u00e9rences en Gestion &#8211; Comptabilit\u00e9 FinanceCoordonn\u00e9es Montpellier ManagementEspace Richter \u2013 Rue Vend\u00e9miaire34\u00a0000 Montpellier Email : paul.amadieu[a]umontpellier.fr T\u00e9l\u00e9phone : +33 (0) 4 34 43 23 70FONCTIONS Responsable du M2 Gestion de Patrimoine et Patrimoine Professionnel &nbsp; \u00a0FORMATION Doctorat en 1998 &nbsp; TH\u00c9MATIQUE(S) DE RECHERCHE Mes recherches portent sur les aspects financiers de [&hellip;]<\/p>\n","protected":false},"author":4,"featured_media":0,"parent":0,"menu_order":0,"comment_status":"closed","ping_status":"closed","template":"","meta":{"_et_pb_use_builder":"on","_et_pb_old_content":"","_et_gb_content_width":"","footnotes":""},"class_list":["post-3549","page","type-page","status-publish","hentry"],"yoast_head":"<!-- This site is optimized with the Yoast SEO plugin v23.4 - https:\/\/yoast.com\/wordpress\/plugins\/seo\/ -->\n<title>Membres - Paul Amadieu - Lab Entreprendre<\/title>\n<meta name=\"robots\" content=\"index, follow, max-snippet:-1, max-image-preview:large, max-video-preview:-1\" \/>\n<link rel=\"canonical\" href=\"https:\/\/labex-entreprendre.fr\/?page_id=3549\" \/>\n<meta property=\"og:locale\" content=\"fr_FR\" \/>\n<meta property=\"og:type\" content=\"article\" \/>\n<meta property=\"og:title\" content=\"Membres - Paul Amadieu - Lab Entreprendre\" \/>\n<meta property=\"og:description\" content=\"Paul AMADIEU Ma\u00eetre de conf\u00e9rences en Gestion - Comptabilit\u00e9 FinanceCoordonn\u00e9es Montpellier ManagementEspace Richter \u2013 Rue Vend\u00e9miaire34\u00a0000 Montpellier Email : paul.amadieu[a]umontpellier.fr T\u00e9l\u00e9phone : +33 (0) 4 34 43 23 70FONCTIONS Responsable du M2 Gestion de Patrimoine et Patrimoine Professionnel &nbsp; \u00a0FORMATION Doctorat en 1998 &nbsp; TH\u00c9MATIQUE(S) DE RECHERCHE Mes recherches portent sur les aspects financiers de [&hellip;]\" \/>\n<meta property=\"og:url\" content=\"https:\/\/labex-entreprendre.fr\/?page_id=3549\" \/>\n<meta property=\"og:site_name\" content=\"Lab Entreprendre\" \/>\n<meta name=\"twitter:card\" content=\"summary_large_image\" \/>\n<meta name=\"twitter:label1\" content=\"Dur\u00e9e de lecture estim\u00e9e\" \/>\n\t<meta name=\"twitter:data1\" content=\"3 minutes\" \/>\n<script type=\"application\/ld+json\" class=\"yoast-schema-graph\">{\"@context\":\"https:\/\/schema.org\",\"@graph\":[{\"@type\":\"WebPage\",\"@id\":\"https:\/\/labex-entreprendre.fr\/?page_id=3549\",\"url\":\"https:\/\/labex-entreprendre.fr\/?page_id=3549\",\"name\":\"Membres - Paul Amadieu - Lab Entreprendre\",\"isPartOf\":{\"@id\":\"https:\/\/labex-entreprendre.fr\/#website\"},\"datePublished\":\"2023-04-07T12:53:24+00:00\",\"dateModified\":\"2023-04-07T12:53:24+00:00\",\"breadcrumb\":{\"@id\":\"https:\/\/labex-entreprendre.fr\/?page_id=3549#breadcrumb\"},\"inLanguage\":\"fr-FR\",\"potentialAction\":[{\"@type\":\"ReadAction\",\"target\":[\"https:\/\/labex-entreprendre.fr\/?page_id=3549\"]}]},{\"@type\":\"BreadcrumbList\",\"@id\":\"https:\/\/labex-entreprendre.fr\/?page_id=3549#breadcrumb\",\"itemListElement\":[{\"@type\":\"ListItem\",\"position\":1,\"name\":\"Home\",\"item\":\"https:\/\/labex-entreprendre.fr\/\"},{\"@type\":\"ListItem\",\"position\":2,\"name\":\"Membres &#8211; Paul Amadieu\"}]},{\"@type\":\"WebSite\",\"@id\":\"https:\/\/labex-entreprendre.fr\/#website\",\"url\":\"https:\/\/labex-entreprendre.fr\/\",\"name\":\"Lab Entreprendre\",\"description\":\"Universit\u00e9 de Montpellier\",\"potentialAction\":[{\"@type\":\"SearchAction\",\"target\":{\"@type\":\"EntryPoint\",\"urlTemplate\":\"https:\/\/labex-entreprendre.fr\/?s={search_term_string}\"},\"query-input\":{\"@type\":\"PropertyValueSpecification\",\"valueRequired\":true,\"valueName\":\"search_term_string\"}}],\"inLanguage\":\"fr-FR\"}]}<\/script>\n<!-- \/ Yoast SEO plugin. -->","yoast_head_json":{"title":"Membres - Paul Amadieu - Lab Entreprendre","robots":{"index":"index","follow":"follow","max-snippet":"max-snippet:-1","max-image-preview":"max-image-preview:large","max-video-preview":"max-video-preview:-1"},"canonical":"https:\/\/labex-entreprendre.fr\/?page_id=3549","og_locale":"fr_FR","og_type":"article","og_title":"Membres - Paul Amadieu - Lab Entreprendre","og_description":"Paul AMADIEU Ma\u00eetre de conf\u00e9rences en Gestion - Comptabilit\u00e9 FinanceCoordonn\u00e9es Montpellier ManagementEspace Richter \u2013 Rue Vend\u00e9miaire34\u00a0000 Montpellier Email : paul.amadieu[a]umontpellier.fr T\u00e9l\u00e9phone : +33 (0) 4 34 43 23 70FONCTIONS Responsable du M2 Gestion de Patrimoine et Patrimoine Professionnel &nbsp; \u00a0FORMATION Doctorat en 1998 &nbsp; TH\u00c9MATIQUE(S) DE RECHERCHE Mes recherches portent sur les aspects financiers de [&hellip;]","og_url":"https:\/\/labex-entreprendre.fr\/?page_id=3549","og_site_name":"Lab Entreprendre","twitter_card":"summary_large_image","twitter_misc":{"Dur\u00e9e de lecture estim\u00e9e":"3 minutes"},"schema":{"@context":"https:\/\/schema.org","@graph":[{"@type":"WebPage","@id":"https:\/\/labex-entreprendre.fr\/?page_id=3549","url":"https:\/\/labex-entreprendre.fr\/?page_id=3549","name":"Membres - Paul Amadieu - Lab Entreprendre","isPartOf":{"@id":"https:\/\/labex-entreprendre.fr\/#website"},"datePublished":"2023-04-07T12:53:24+00:00","dateModified":"2023-04-07T12:53:24+00:00","breadcrumb":{"@id":"https:\/\/labex-entreprendre.fr\/?page_id=3549#breadcrumb"},"inLanguage":"fr-FR","potentialAction":[{"@type":"ReadAction","target":["https:\/\/labex-entreprendre.fr\/?page_id=3549"]}]},{"@type":"BreadcrumbList","@id":"https:\/\/labex-entreprendre.fr\/?page_id=3549#breadcrumb","itemListElement":[{"@type":"ListItem","position":1,"name":"Home","item":"https:\/\/labex-entreprendre.fr\/"},{"@type":"ListItem","position":2,"name":"Membres &#8211; Paul Amadieu"}]},{"@type":"WebSite","@id":"https:\/\/labex-entreprendre.fr\/#website","url":"https:\/\/labex-entreprendre.fr\/","name":"Lab Entreprendre","description":"Universit\u00e9 de Montpellier","potentialAction":[{"@type":"SearchAction","target":{"@type":"EntryPoint","urlTemplate":"https:\/\/labex-entreprendre.fr\/?s={search_term_string}"},"query-input":{"@type":"PropertyValueSpecification","valueRequired":true,"valueName":"search_term_string"}}],"inLanguage":"fr-FR"}]}},"_links":{"self":[{"href":"https:\/\/labex-entreprendre.fr\/index.php?rest_route=\/wp\/v2\/pages\/3549","targetHints":{"allow":["GET"]}}],"collection":[{"href":"https:\/\/labex-entreprendre.fr\/index.php?rest_route=\/wp\/v2\/pages"}],"about":[{"href":"https:\/\/labex-entreprendre.fr\/index.php?rest_route=\/wp\/v2\/types\/page"}],"author":[{"embeddable":true,"href":"https:\/\/labex-entreprendre.fr\/index.php?rest_route=\/wp\/v2\/users\/4"}],"replies":[{"embeddable":true,"href":"https:\/\/labex-entreprendre.fr\/index.php?rest_route=%2Fwp%2Fv2%2Fcomments&post=3549"}],"version-history":[{"count":3,"href":"https:\/\/labex-entreprendre.fr\/index.php?rest_route=\/wp\/v2\/pages\/3549\/revisions"}],"predecessor-version":[{"id":3554,"href":"https:\/\/labex-entreprendre.fr\/index.php?rest_route=\/wp\/v2\/pages\/3549\/revisions\/3554"}],"wp:attachment":[{"href":"https:\/\/labex-entreprendre.fr\/index.php?rest_route=%2Fwp%2Fv2%2Fmedia&parent=3549"}],"curies":[{"name":"wp","href":"https:\/\/api.w.org\/{rel}","templated":true}]}}