{"id":3338,"date":"2023-03-13T09:30:21","date_gmt":"2023-03-13T08:30:21","guid":{"rendered":"https:\/\/labex-entreprendre.fr\/?page_id=3338"},"modified":"2023-03-13T09:30:27","modified_gmt":"2023-03-13T08:30:27","slug":"membres-sophie-giordano-spring","status":"publish","type":"page","link":"https:\/\/labex-entreprendre.fr\/?page_id=3338","title":{"rendered":"Membres &#8211; Sophie Giordano-Spring"},"content":{"rendered":"<p>[et_pb_section fb_built=\u00a0\u00bb1&Prime; _builder_version=\u00a0\u00bb4.16&Prime; _module_preset=\u00a0\u00bbdefault\u00a0\u00bb locked=\u00a0\u00bboff\u00a0\u00bb global_colors_info=\u00a0\u00bb{}\u00a0\u00bb theme_builder_area=\u00a0\u00bbpost_content\u00a0\u00bb][et_pb_row _builder_version=\u00a0\u00bb4.16&Prime; _module_preset=\u00a0\u00bbdefault\u00a0\u00bb global_colors_info=\u00a0\u00bb{}\u00a0\u00bb theme_builder_area=\u00a0\u00bbpost_content\u00a0\u00bb][et_pb_column type=\u00a0\u00bb4_4&Prime; _builder_version=\u00a0\u00bb4.16&Prime; _module_preset=\u00a0\u00bbdefault\u00a0\u00bb global_colors_info=\u00a0\u00bb{}\u00a0\u00bb theme_builder_area=\u00a0\u00bbpost_content\u00a0\u00bb][et_pb_text _builder_version=\u00a0\u00bb4.17.4&Prime; _module_preset=\u00a0\u00bbdefault\u00a0\u00bb text_font=\u00a0\u00bb|600||on|||||\u00a0\u00bb text_text_color=\u00a0\u00bb#18305D\u00a0\u00bb header_3_font=\u00a0\u00bb|700||on|||||\u00a0\u00bb header_3_text_color=\u00a0\u00bb#18305D\u00a0\u00bb hover_enabled=\u00a0\u00bb0&Prime; global_colors_info=\u00a0\u00bb{}\u00a0\u00bb theme_builder_area=\u00a0\u00bbpost_content\u00a0\u00bb sticky_enabled=\u00a0\u00bb0&Prime;]<\/p>\n<h3><span style=\"color: #993366;\">Sophie GIORDANO-SPRING<\/span><\/h3>\n<p>Professeur Sciences de Gestion, Comptabilit\u00e9 (Universit\u00e9 de Montpellier)<\/p>\n<p>[\/et_pb_text][\/et_pb_column][\/et_pb_row][et_pb_row column_structure=\u00a0\u00bb1_3,2_3&Prime; custom_padding_last_edited=\u00a0\u00bbon|desktop\u00a0\u00bb module_class=\u00a0\u00bbprofiles\u00a0\u00bb _builder_version=\u00a0\u00bb4.16&Prime; _module_preset=\u00a0\u00bbdefault\u00a0\u00bb background_color=\u00a0\u00bbRGBA(0,0,0,0)\u00a0\u00bb custom_margin=\u00a0\u00bb40px||||false|false\u00a0\u00bb custom_padding=\u00a0\u00bb0px|0px|0px|0px|true|true\u00a0\u00bb custom_padding_tablet=\u00a0\u00bb80px|80px|80px|80px|true|true\u00a0\u00bb custom_padding_phone=\u00a0\u00bb0px|0px|0px|0px|true|true\u00a0\u00bb locked=\u00a0\u00bboff\u00a0\u00bb global_colors_info=\u00a0\u00bb{}\u00a0\u00bb theme_builder_area=\u00a0\u00bbpost_content\u00a0\u00bb][et_pb_column type=\u00a0\u00bb1_3&Prime; _builder_version=\u00a0\u00bb4.16&Prime; _module_preset=\u00a0\u00bbdefault\u00a0\u00bb background_enable_image=\u00a0\u00bboff\u00a0\u00bb global_colors_info=\u00a0\u00bb{}\u00a0\u00bb theme_builder_area=\u00a0\u00bbpost_content\u00a0\u00bb][et_pb_image src=\u00a0\u00bbhttps:\/\/labex-entreprendre.fr\/wp-content\/uploads\/2023\/03\/sophie-spring.jpg\u00a0\u00bb title_text=\u00a0\u00bbsophie spring\u00a0\u00bb _builder_version=\u00a0\u00bb4.17.4&Prime; _module_preset=\u00a0\u00bbdefault\u00a0\u00bb hover_enabled=\u00a0\u00bb0&Prime; global_colors_info=\u00a0\u00bb{}\u00a0\u00bb theme_builder_area=\u00a0\u00bbpost_content\u00a0\u00bb sticky_enabled=\u00a0\u00bb0&Prime;][\/et_pb_image][et_pb_text _builder_version=\u00a0\u00bb4.17.4&Prime; _module_preset=\u00a0\u00bbdefault\u00a0\u00bb text_font=\u00a0\u00bbSource Sans Pro||||||||\u00a0\u00bb text_text_color=\u00a0\u00bb#18305D\u00a0\u00bb text_line_height=\u00a0\u00bb1.3em\u00a0\u00bb header_font=\u00a0\u00bb|800|||||||\u00a0\u00bb header_text_color=\u00a0\u00bb#8E2DAF\u00a0\u00bb header_2_font=\u00a0\u00bb|800|||||||\u00a0\u00bb header_2_text_color=\u00a0\u00bb#18305D\u00a0\u00bb header_3_font=\u00a0\u00bbSource Sans Pro|700||on|||||\u00a0\u00bb header_3_text_color=\u00a0\u00bb#18305D\u00a0\u00bb header_3_font_size=\u00a0\u00bb18px\u00a0\u00bb hover_enabled=\u00a0\u00bb0&Prime; global_colors_info=\u00a0\u00bb{}\u00a0\u00bb theme_builder_area=\u00a0\u00bbpost_content\u00a0\u00bb sticky_enabled=\u00a0\u00bb0&Prime;]<\/p>\n<h3>Coordonn\u00e9es<\/h3>\n<p>Montpellier Management \u2013 Espace Richter, Rue Vend\u00e9miaire, 34000 Montpellier<\/p>\n<p><span><strong>Email :<\/strong> <a href=\"mailto:sophie.spring@umontpellier.fr\">sophie.spring[a]umontpellier.fr<\/a><\/span><\/p>\n<p><span><strong>Bureau :<\/strong> B431<\/span><\/p>\n<p>[\/et_pb_text][et_pb_button button_url=\u00a0\u00bbhttps:\/\/cv.archives-ouvertes.fr\/sophie-giordano-spring\u00a0\u00bb button_text=\u00a0\u00bbEn savoir plus\u00a0\u00bb button_alignment=\u00a0\u00bbcenter\u00a0\u00bb _builder_version=\u00a0\u00bb4.17.4&Prime; custom_button=\u00a0\u00bbon\u00a0\u00bb button_text_size=\u00a0\u00bb14px\u00a0\u00bb button_text_color=\u00a0\u00bb#FFFFFF\u00a0\u00bb button_bg_color=\u00a0\u00bb#8E2DAF\u00a0\u00bb button_border_width=\u00a0\u00bb0px\u00a0\u00bb button_border_color=\u00a0\u00bb#FFFFFF\u00a0\u00bb button_border_radius=\u00a0\u00bb0px\u00a0\u00bb button_letter_spacing=\u00a0\u00bb1px\u00a0\u00bb button_font=\u00a0\u00bb|700||on|||||\u00a0\u00bb button_icon=\u00a0\u00bb&#xf061;||fa||900&Prime; custom_margin=\u00a0\u00bb0px||||false|false\u00a0\u00bb custom_padding=\u00a0\u00bb14px|40px|14px|40px|true|false\u00a0\u00bb hover_enabled=\u00a0\u00bb0&Prime; locked=\u00a0\u00bboff\u00a0\u00bb global_colors_info=\u00a0\u00bb{}\u00a0\u00bb button_bg_color__hover_enabled=\u00a0\u00bbon\u00a0\u00bb box_shadow_vertical__hover=\u00a0\u00bb200px\u00a0\u00bb box_shadow_horizontal__hover_enabled=\u00a0\u00bbon\u00a0\u00bb box_shadow_horizontal__hover=\u00a0\u00bb350px\u00a0\u00bb button_text_color__hover_enabled=\u00a0\u00bbon|hover\u00a0\u00bb button_text_color__hover=\u00a0\u00bb#56BADE\u00a0\u00bb button_bg_color__hover=\u00a0\u00bbrgba(255,255,255,0)\u00a0\u00bb theme_builder_area=\u00a0\u00bbpost_content\u00a0\u00bb sticky_enabled=\u00a0\u00bb0&Prime;][\/et_pb_button][\/et_pb_column][et_pb_column type=\u00a0\u00bb2_3&Prime; _builder_version=\u00a0\u00bb4.16&Prime; _module_preset=\u00a0\u00bbdefault\u00a0\u00bb background_enable_image=\u00a0\u00bboff\u00a0\u00bb global_colors_info=\u00a0\u00bb{}\u00a0\u00bb theme_builder_area=\u00a0\u00bbpost_content\u00a0\u00bb][et_pb_text _builder_version=\u00a0\u00bb4.17.4&Prime; _module_preset=\u00a0\u00bbdefault\u00a0\u00bb text_font=\u00a0\u00bbSource Sans Pro||||||||\u00a0\u00bb text_text_color=\u00a0\u00bb#18305D\u00a0\u00bb text_line_height=\u00a0\u00bb1.3em\u00a0\u00bb header_font=\u00a0\u00bb|800|||||||\u00a0\u00bb header_text_color=\u00a0\u00bb#8E2DAF\u00a0\u00bb header_2_font=\u00a0\u00bb|800|||||||\u00a0\u00bb header_2_text_color=\u00a0\u00bb#18305D\u00a0\u00bb header_3_font=\u00a0\u00bbSource Sans Pro|700||on|||||\u00a0\u00bb header_3_text_color=\u00a0\u00bb#18305D\u00a0\u00bb header_3_font_size=\u00a0\u00bb18px\u00a0\u00bb hover_enabled=\u00a0\u00bb0&Prime; global_colors_info=\u00a0\u00bb{}\u00a0\u00bb theme_builder_area=\u00a0\u00bbpost_content\u00a0\u00bb sticky_enabled=\u00a0\u00bb0&Prime;]<\/p>\n<p><strong>FONCTIONS<\/strong><\/p>\n<ul>\n<li>Directrice Adjointe de l\u2019Institut Montpellier Management, en charge de la Valorisation et des Partenariats Recherche<\/li>\n<li>Co-fondatrice de la Chaire Soutenabilit\u00e9, Comptabilit\u00e9s &amp; Reporting (SCORE)<\/li>\n<li>Co-responsable de l\u2019axe A2P1 (Normes et Management Responsable) du Labex Entreprendre<\/li>\n<li>Co-responsable du groupe de recherche MRM \u2013 Comptabilit\u00e9s &amp; Soci\u00e9t\u00e9<\/li>\n<\/ul>\n<p>&nbsp;<\/p>\n<p><strong><\/strong><\/p>\n<p><strong>FORMATION<\/strong><\/p>\n<ul>\n<li>Doctorat en Sciences de Gestion de l\u2019Universit\u00e9 de Montpellier<\/li>\n<li>Habilitation \u00e0 diriger des recherches de l\u2019Universit\u00e9 de Montpellier<\/li>\n<\/ul>\n<p><strong><\/strong><\/p>\n<p><strong><\/strong><\/p>\n<p><strong>TH\u00c9MATIQUE(S) DE RECHERCHE<\/strong><\/p>\n<p>Mes recherches portent sur le reporting durabilit\u00e9 et la comptabilit\u00e9 environnementale et sociale. Je m\u2019int\u00e9resse en particulier \u00e0 la qualit\u00e9 des informations publi\u00e9es \u00e0 destination des tiers et aux conditions de leur pr\u00e9paration au sein des organisations. Un autre axe de mes travaux porte sur la normalisations du reporting durabilit\u00e9.<\/p>\n<p><strong><\/strong><\/p>\n<p><strong><\/strong><\/p>\n<p><strong>PRINCIPALES PUBLICATIONS<\/strong><\/p>\n<ul>\n<li>Bastien David, Sophie Giordano-Spring. Connectivit\u00e9 entre le reporting financier et extra-financier : une exploration \u00e0 travers la comptabilit\u00e9 \u00ab climat \u00bb.<span>\u00a0<\/span><em>Comptabilit\u00e9 &#8211; Contr\u00f4le &#8211; Audit<\/em>, 2022, Tome 28 (4), pp.21-50.<span>\u00a0<\/span><a href=\"https:\/\/dx.doi.org\/10.3917\/cca.284.0021\">\u27e810.3917\/cca.284.0021\u27e9<\/a>.<\/li>\n<li>Nicolas Garcia-Torea, Sophie Giordano-Spring, Carlos Larrinaga, G\u00e9raldine Rivi\u00e8re-Giordano. Accounting for Carbon Emission Allowances: An Empirical Analysis in the EU ETS Phase 3.<span>\u00a0<\/span><em>Social and Environmental Accountability Journal<\/em>, 2021, pp.1-23.<span>\u00a0<\/span><a href=\"https:\/\/dx.doi.org\/10.1080\/0969160X.2021.2012496\">\u27e810.1080\/0969160X.2021.2012496\u27e9<\/a>.<\/li>\n<li>Bastien David, Sophie Giordano-Spring. Climate Reporting Related to the TCFD Framework: An Exploration of the Air Transport Sector.<span>\u00a0<\/span><em>Social and Environmental Accountability Journal<\/em>, 2021, pp.1-20.<span>\u00a0<\/span><a href=\"https:\/\/dx.doi.org\/10.1080\/0969160x.2021.2007784\">\u27e810.1080\/0969160x.2021.2007784\u27e9<\/a>.<\/li>\n<li>Juliette Senn, Sophie Giordano-Spring. The limits of environmental accounting disclosure: enforcement of regulations, standards and interpretative strategies.<span>\u00a0<\/span><em>Accounting, Auditing and Accountability Journal<\/em>, 2020, 33 (6), pp.1367-1393.<span>\u00a0<\/span><a href=\"https:\/\/dx.doi.org\/10.1108\/AAAJ-04-2018-3461\">\u27e810.1108\/AAAJ-04-2018-3461\u27e9<\/a>.<\/li>\n<li>G\u00e9raldine Rivi\u00e8re-Giordano, Sophie Giordano-Spring, Charles H. Cho. Does the level of assurance statement on environmental disclosure affect investor assessment?.<span>\u00a0<\/span><em>Sustainability Accounting, Management and Policy Journal<\/em>, 2018, 9 (3), pp.336-360.<span>\u00a0<\/span><a href=\"https:\/\/dx.doi.org\/10.1108\/SAMPJ-03-2018-0054\">\u27e810.1108\/SAMPJ-03-2018-0054\u27e9<\/a>.<\/li>\n<li>Jean-No\u00ebl Chauvey, Sophie Giordano-Spring, Charles H. Cho, Dennis M. Patten. The Normativity and Legitimacy of CSR Disclosure: Evidence from France.<span>\u00a0<\/span><em>Journal of Business Ethics<\/em>, 2015, 130 (4), pp.789-803.<span>\u00a0<\/span><a href=\"https:\/\/dx.doi.org\/10.1007\/s10551-014-2114-y\">\u27e810.1007\/s10551-014-2114-y\u27e9<\/a>.<\/li>\n<\/ul>\n<p><strong><\/strong><\/p>\n<p><strong><\/strong><\/p>\n<p><strong>ENSEIGNEMENTS<\/strong><\/p>\n<p>Mes enseignements portent sur la comptabilit\u00e9 des groupes, en normes fran\u00e7aises et internationales, ainsi que sur le reporting durabilit\u00e9 et la comptabilit\u00e9 carbone.<\/p>\n<p><strong><\/strong><\/p>\n<p><strong><\/strong><\/p>\n<p><strong>TRANSFERT ET VALORISATION DE LA RECHERCHE<\/strong><\/p>\n<ul>\n<li>Laur\u00e9ate du Prix de l\u2019Innovation MUSE 2021 pour la coordination d\u2019un serious game d\u00e9di\u00e9 \u00e0 la cr\u00e9ation d\u2019entreprise avec sensibilisation \u00e0 la responsabilit\u00e9 sociale et environnementale (<a href=\"https:\/\/www.umontpellier.fr\/articles\/incubagame-jouez-le-jeu-du-management\">https:\/\/www.umontpellier.fr\/articles\/incubagame-jouez-le-jeu-du-management<\/a>) (<a href=\"https:\/\/muse.edu.umontpellier.fr\/2021\/12\/16\/les-laureats-des-prix-2021-de-linnovation-montpellier-universite-dexcellence\/\">https:\/\/muse.edu.umontpellier.fr\/2021\/12\/16\/les-laureats-des-prix-2021-de-linnovation-montpellier-universite-dexcellence\/<\/a>)<\/li>\n<li>R\u00e9alisation d\u2019une Vid\u00e9o FNEGE M\u00e9dias Dico du Management \u00ab\u00a0Qu\u2019est-ce que le reporting soci\u00e9tal\u00a0?\u00a0\u00bb <a href=\"https:\/\/fnege-medias.fr\/fnege-video\/quest-ce-que-le-reporting-durabilite\/\">https:\/\/fnege-medias.fr\/fnege-video\/quest-ce-que-le-reporting-durabilite\/<\/a><\/li>\n<li>Derni\u00e8re parution d\u2019ouvrage collectif de recherche\u00a0: Sophie Giordano-Spring, Fabienne Villes\u00e8que-Dubus (Dir.). Reporting et pilotage des organisations pour une soci\u00e9t\u00e9 r\u00e9siliente. EMS Editions, 2022,<span>\u00a0<\/span><a href=\"https:\/\/dx.doi.org\/10.3917\/ems.giord.2022.01\">\u27e810.3917\/ems.giord.2022.01\u27e9<\/a>.<\/li>\n<\/ul>\n<p>[\/et_pb_text][\/et_pb_column][\/et_pb_row][\/et_pb_section]<\/p>\n","protected":false},"excerpt":{"rendered":"<p>Sophie GIORDANO-SPRING Professeur Sciences de Gestion, Comptabilit\u00e9 (Universit\u00e9 de Montpellier)Coordonn\u00e9es Montpellier Management \u2013 Espace Richter, Rue Vend\u00e9miaire, 34000 Montpellier Email : sophie.spring[a]umontpellier.fr Bureau : B431FONCTIONS Directrice Adjointe de l\u2019Institut Montpellier Management, en charge de la Valorisation et des Partenariats Recherche Co-fondatrice de la Chaire Soutenabilit\u00e9, Comptabilit\u00e9s &amp; Reporting (SCORE) Co-responsable de l\u2019axe A2P1 (Normes et [&hellip;]<\/p>\n","protected":false},"author":4,"featured_media":0,"parent":0,"menu_order":0,"comment_status":"closed","ping_status":"closed","template":"","meta":{"_et_pb_use_builder":"on","_et_pb_old_content":"","_et_gb_content_width":"","footnotes":""},"class_list":["post-3338","page","type-page","status-publish","hentry"],"yoast_head":"<!-- This site is optimized with the Yoast SEO plugin v23.4 - https:\/\/yoast.com\/wordpress\/plugins\/seo\/ -->\n<title>Membres - Sophie Giordano-Spring - Lab Entreprendre<\/title>\n<meta name=\"robots\" content=\"index, follow, max-snippet:-1, max-image-preview:large, max-video-preview:-1\" \/>\n<link rel=\"canonical\" href=\"https:\/\/labex-entreprendre.fr\/?page_id=3338\" \/>\n<meta property=\"og:locale\" content=\"fr_FR\" \/>\n<meta property=\"og:type\" content=\"article\" \/>\n<meta property=\"og:title\" content=\"Membres - Sophie Giordano-Spring - Lab Entreprendre\" \/>\n<meta property=\"og:description\" content=\"Sophie GIORDANO-SPRING Professeur Sciences de Gestion, Comptabilit\u00e9 (Universit\u00e9 de Montpellier)Coordonn\u00e9es Montpellier Management \u2013 Espace Richter, Rue Vend\u00e9miaire, 34000 Montpellier Email : sophie.spring[a]umontpellier.fr Bureau : B431FONCTIONS Directrice Adjointe de l\u2019Institut Montpellier Management, en charge de la Valorisation et des Partenariats Recherche Co-fondatrice de la Chaire Soutenabilit\u00e9, Comptabilit\u00e9s &amp; Reporting (SCORE) Co-responsable de l\u2019axe A2P1 (Normes et [&hellip;]\" \/>\n<meta property=\"og:url\" content=\"https:\/\/labex-entreprendre.fr\/?page_id=3338\" \/>\n<meta property=\"og:site_name\" content=\"Lab Entreprendre\" \/>\n<meta property=\"article:modified_time\" content=\"2023-03-13T08:30:27+00:00\" \/>\n<meta name=\"twitter:card\" content=\"summary_large_image\" \/>\n<meta name=\"twitter:label1\" content=\"Dur\u00e9e de lecture estim\u00e9e\" \/>\n\t<meta name=\"twitter:data1\" content=\"5 minutes\" \/>\n<script type=\"application\/ld+json\" class=\"yoast-schema-graph\">{\"@context\":\"https:\/\/schema.org\",\"@graph\":[{\"@type\":\"WebPage\",\"@id\":\"https:\/\/labex-entreprendre.fr\/?page_id=3338\",\"url\":\"https:\/\/labex-entreprendre.fr\/?page_id=3338\",\"name\":\"Membres - Sophie Giordano-Spring - Lab Entreprendre\",\"isPartOf\":{\"@id\":\"https:\/\/labex-entreprendre.fr\/#website\"},\"datePublished\":\"2023-03-13T08:30:21+00:00\",\"dateModified\":\"2023-03-13T08:30:27+00:00\",\"breadcrumb\":{\"@id\":\"https:\/\/labex-entreprendre.fr\/?page_id=3338#breadcrumb\"},\"inLanguage\":\"fr-FR\",\"potentialAction\":[{\"@type\":\"ReadAction\",\"target\":[\"https:\/\/labex-entreprendre.fr\/?page_id=3338\"]}]},{\"@type\":\"BreadcrumbList\",\"@id\":\"https:\/\/labex-entreprendre.fr\/?page_id=3338#breadcrumb\",\"itemListElement\":[{\"@type\":\"ListItem\",\"position\":1,\"name\":\"Home\",\"item\":\"https:\/\/labex-entreprendre.fr\/\"},{\"@type\":\"ListItem\",\"position\":2,\"name\":\"Membres &#8211; Sophie Giordano-Spring\"}]},{\"@type\":\"WebSite\",\"@id\":\"https:\/\/labex-entreprendre.fr\/#website\",\"url\":\"https:\/\/labex-entreprendre.fr\/\",\"name\":\"Lab Entreprendre\",\"description\":\"Universit\u00e9 de Montpellier\",\"potentialAction\":[{\"@type\":\"SearchAction\",\"target\":{\"@type\":\"EntryPoint\",\"urlTemplate\":\"https:\/\/labex-entreprendre.fr\/?s={search_term_string}\"},\"query-input\":{\"@type\":\"PropertyValueSpecification\",\"valueRequired\":true,\"valueName\":\"search_term_string\"}}],\"inLanguage\":\"fr-FR\"}]}<\/script>\n<!-- \/ Yoast SEO plugin. -->","yoast_head_json":{"title":"Membres - Sophie Giordano-Spring - Lab Entreprendre","robots":{"index":"index","follow":"follow","max-snippet":"max-snippet:-1","max-image-preview":"max-image-preview:large","max-video-preview":"max-video-preview:-1"},"canonical":"https:\/\/labex-entreprendre.fr\/?page_id=3338","og_locale":"fr_FR","og_type":"article","og_title":"Membres - Sophie Giordano-Spring - Lab Entreprendre","og_description":"Sophie GIORDANO-SPRING Professeur Sciences de Gestion, Comptabilit\u00e9 (Universit\u00e9 de Montpellier)Coordonn\u00e9es Montpellier Management \u2013 Espace Richter, Rue Vend\u00e9miaire, 34000 Montpellier Email : sophie.spring[a]umontpellier.fr Bureau : B431FONCTIONS Directrice Adjointe de l\u2019Institut Montpellier Management, en charge de la Valorisation et des Partenariats Recherche Co-fondatrice de la Chaire Soutenabilit\u00e9, Comptabilit\u00e9s &amp; Reporting (SCORE) Co-responsable de l\u2019axe A2P1 (Normes et [&hellip;]","og_url":"https:\/\/labex-entreprendre.fr\/?page_id=3338","og_site_name":"Lab Entreprendre","article_modified_time":"2023-03-13T08:30:27+00:00","twitter_card":"summary_large_image","twitter_misc":{"Dur\u00e9e de lecture estim\u00e9e":"5 minutes"},"schema":{"@context":"https:\/\/schema.org","@graph":[{"@type":"WebPage","@id":"https:\/\/labex-entreprendre.fr\/?page_id=3338","url":"https:\/\/labex-entreprendre.fr\/?page_id=3338","name":"Membres - Sophie Giordano-Spring - Lab Entreprendre","isPartOf":{"@id":"https:\/\/labex-entreprendre.fr\/#website"},"datePublished":"2023-03-13T08:30:21+00:00","dateModified":"2023-03-13T08:30:27+00:00","breadcrumb":{"@id":"https:\/\/labex-entreprendre.fr\/?page_id=3338#breadcrumb"},"inLanguage":"fr-FR","potentialAction":[{"@type":"ReadAction","target":["https:\/\/labex-entreprendre.fr\/?page_id=3338"]}]},{"@type":"BreadcrumbList","@id":"https:\/\/labex-entreprendre.fr\/?page_id=3338#breadcrumb","itemListElement":[{"@type":"ListItem","position":1,"name":"Home","item":"https:\/\/labex-entreprendre.fr\/"},{"@type":"ListItem","position":2,"name":"Membres &#8211; Sophie Giordano-Spring"}]},{"@type":"WebSite","@id":"https:\/\/labex-entreprendre.fr\/#website","url":"https:\/\/labex-entreprendre.fr\/","name":"Lab Entreprendre","description":"Universit\u00e9 de Montpellier","potentialAction":[{"@type":"SearchAction","target":{"@type":"EntryPoint","urlTemplate":"https:\/\/labex-entreprendre.fr\/?s={search_term_string}"},"query-input":{"@type":"PropertyValueSpecification","valueRequired":true,"valueName":"search_term_string"}}],"inLanguage":"fr-FR"}]}},"_links":{"self":[{"href":"https:\/\/labex-entreprendre.fr\/index.php?rest_route=\/wp\/v2\/pages\/3338","targetHints":{"allow":["GET"]}}],"collection":[{"href":"https:\/\/labex-entreprendre.fr\/index.php?rest_route=\/wp\/v2\/pages"}],"about":[{"href":"https:\/\/labex-entreprendre.fr\/index.php?rest_route=\/wp\/v2\/types\/page"}],"author":[{"embeddable":true,"href":"https:\/\/labex-entreprendre.fr\/index.php?rest_route=\/wp\/v2\/users\/4"}],"replies":[{"embeddable":true,"href":"https:\/\/labex-entreprendre.fr\/index.php?rest_route=%2Fwp%2Fv2%2Fcomments&post=3338"}],"version-history":[{"count":2,"href":"https:\/\/labex-entreprendre.fr\/index.php?rest_route=\/wp\/v2\/pages\/3338\/revisions"}],"predecessor-version":[{"id":3343,"href":"https:\/\/labex-entreprendre.fr\/index.php?rest_route=\/wp\/v2\/pages\/3338\/revisions\/3343"}],"wp:attachment":[{"href":"https:\/\/labex-entreprendre.fr\/index.php?rest_route=%2Fwp%2Fv2%2Fmedia&parent=3338"}],"curies":[{"name":"wp","href":"https:\/\/api.w.org\/{rel}","templated":true}]}}