{"id":3291,"date":"2023-02-17T11:22:38","date_gmt":"2023-02-17T10:22:38","guid":{"rendered":"https:\/\/labex-entreprendre.fr\/?page_id=3291"},"modified":"2023-02-17T11:23:25","modified_gmt":"2023-02-17T10:23:25","slug":"membres-laurianne-enjolras","status":"publish","type":"page","link":"https:\/\/labex-entreprendre.fr\/?page_id=3291","title":{"rendered":"Membres &#8211; Laurianne Enjolras"},"content":{"rendered":"<p>[et_pb_section fb_built=\u00a0\u00bb1&Prime; _builder_version=\u00a0\u00bb4.16&Prime; _module_preset=\u00a0\u00bbdefault\u00a0\u00bb locked=\u00a0\u00bboff\u00a0\u00bb global_colors_info=\u00a0\u00bb{}\u00a0\u00bb theme_builder_area=\u00a0\u00bbpost_content\u00a0\u00bb][et_pb_row _builder_version=\u00a0\u00bb4.16&Prime; _module_preset=\u00a0\u00bbdefault\u00a0\u00bb global_colors_info=\u00a0\u00bb{}\u00a0\u00bb theme_builder_area=\u00a0\u00bbpost_content\u00a0\u00bb][et_pb_column type=\u00a0\u00bb4_4&Prime; _builder_version=\u00a0\u00bb4.16&Prime; _module_preset=\u00a0\u00bbdefault\u00a0\u00bb global_colors_info=\u00a0\u00bb{}\u00a0\u00bb theme_builder_area=\u00a0\u00bbpost_content\u00a0\u00bb][et_pb_text _builder_version=\u00a0\u00bb4.17.4&Prime; _module_preset=\u00a0\u00bbdefault\u00a0\u00bb text_font=\u00a0\u00bb|600||on|||||\u00a0\u00bb text_text_color=\u00a0\u00bb#18305D\u00a0\u00bb header_3_font=\u00a0\u00bb|700||on|||||\u00a0\u00bb header_3_text_color=\u00a0\u00bb#18305D\u00a0\u00bb hover_enabled=\u00a0\u00bb0&Prime; global_colors_info=\u00a0\u00bb{}\u00a0\u00bb theme_builder_area=\u00a0\u00bbpost_content\u00a0\u00bb sticky_enabled=\u00a0\u00bb0&Prime;]<\/p>\n<h3><span style=\"color: #993366;\">Laurianne ENJOLRAS<\/span><\/h3>\n<p>Ma\u00eetresse de conf\u00e9rences en droit priv\u00e9 \u00e0 l\u2019Universit\u00e9 de Montpellier<\/p>\n<p>[\/et_pb_text][\/et_pb_column][\/et_pb_row][et_pb_row column_structure=\u00a0\u00bb1_3,2_3&Prime; custom_padding_last_edited=\u00a0\u00bbon|desktop\u00a0\u00bb module_class=\u00a0\u00bbprofiles\u00a0\u00bb _builder_version=\u00a0\u00bb4.16&Prime; _module_preset=\u00a0\u00bbdefault\u00a0\u00bb background_color=\u00a0\u00bbRGBA(0,0,0,0)\u00a0\u00bb custom_margin=\u00a0\u00bb40px||||false|false\u00a0\u00bb custom_padding=\u00a0\u00bb0px|0px|0px|0px|true|true\u00a0\u00bb custom_padding_tablet=\u00a0\u00bb80px|80px|80px|80px|true|true\u00a0\u00bb custom_padding_phone=\u00a0\u00bb0px|0px|0px|0px|true|true\u00a0\u00bb locked=\u00a0\u00bboff\u00a0\u00bb global_colors_info=\u00a0\u00bb{}\u00a0\u00bb theme_builder_area=\u00a0\u00bbpost_content\u00a0\u00bb][et_pb_column type=\u00a0\u00bb1_3&Prime; _builder_version=\u00a0\u00bb4.16&Prime; _module_preset=\u00a0\u00bbdefault\u00a0\u00bb background_enable_image=\u00a0\u00bboff\u00a0\u00bb global_colors_info=\u00a0\u00bb{}\u00a0\u00bb theme_builder_area=\u00a0\u00bbpost_content\u00a0\u00bb][et_pb_image src=\u00a0\u00bbhttps:\/\/labex-entreprendre.fr\/wp-content\/uploads\/2023\/02\/Laurianne-Enjolras-scaled.jpg\u00a0\u00bb title_text=\u00a0\u00bbLaurianne Enjolras\u00a0\u00bb _builder_version=\u00a0\u00bb4.17.4&Prime; _module_preset=\u00a0\u00bbdefault\u00a0\u00bb hover_enabled=\u00a0\u00bb0&Prime; global_colors_info=\u00a0\u00bb{}\u00a0\u00bb theme_builder_area=\u00a0\u00bbpost_content\u00a0\u00bb sticky_enabled=\u00a0\u00bb0&Prime;][\/et_pb_image][et_pb_text _builder_version=\u00a0\u00bb4.17.4&Prime; _module_preset=\u00a0\u00bbdefault\u00a0\u00bb text_font=\u00a0\u00bbSource Sans Pro||||||||\u00a0\u00bb text_text_color=\u00a0\u00bb#18305D\u00a0\u00bb text_line_height=\u00a0\u00bb1.3em\u00a0\u00bb header_font=\u00a0\u00bb|800|||||||\u00a0\u00bb header_text_color=\u00a0\u00bb#8E2DAF\u00a0\u00bb header_2_font=\u00a0\u00bb|800|||||||\u00a0\u00bb header_2_text_color=\u00a0\u00bb#18305D\u00a0\u00bb header_3_font=\u00a0\u00bbSource Sans Pro|700||on|||||\u00a0\u00bb header_3_text_color=\u00a0\u00bb#18305D\u00a0\u00bb header_3_font_size=\u00a0\u00bb18px\u00a0\u00bb hover_enabled=\u00a0\u00bb0&Prime; global_colors_info=\u00a0\u00bb{}\u00a0\u00bb theme_builder_area=\u00a0\u00bbpost_content\u00a0\u00bb sticky_enabled=\u00a0\u00bb0&Prime;]<\/p>\n<h3>Coordonn\u00e9es<\/h3>\n<p>Facult\u00e9 de droit et science politique \u2013 39 rue de l\u2019Universit\u00e9, 34060 Montpellier<\/p>\n<p><strong>Email :<\/strong> <a href=\"mailto:laurianne.enjolras@umontpellier.fr\">laurianne.enjolras[a]umontpellier.fr<\/a><\/p>\n<p>[\/et_pb_text][et_pb_button button_url=\u00a0\u00bbhttps:\/\/www.linkedin.com\/in\/laurianne-enjolras\/\u00a0\u00bb button_text=\u00a0\u00bbEn savoir plus\u00a0\u00bb button_alignment=\u00a0\u00bbcenter\u00a0\u00bb _builder_version=\u00a0\u00bb4.17.4&Prime; custom_button=\u00a0\u00bbon\u00a0\u00bb button_text_size=\u00a0\u00bb14px\u00a0\u00bb button_text_color=\u00a0\u00bb#FFFFFF\u00a0\u00bb button_bg_color=\u00a0\u00bb#8E2DAF\u00a0\u00bb button_border_width=\u00a0\u00bb0px\u00a0\u00bb button_border_color=\u00a0\u00bb#FFFFFF\u00a0\u00bb button_border_radius=\u00a0\u00bb0px\u00a0\u00bb button_letter_spacing=\u00a0\u00bb1px\u00a0\u00bb button_font=\u00a0\u00bb|700||on|||||\u00a0\u00bb button_icon=\u00a0\u00bb&#xf061;||fa||900&Prime; custom_margin=\u00a0\u00bb0px||||false|false\u00a0\u00bb custom_padding=\u00a0\u00bb14px|40px|14px|40px|true|false\u00a0\u00bb hover_enabled=\u00a0\u00bb0&Prime; locked=\u00a0\u00bboff\u00a0\u00bb global_colors_info=\u00a0\u00bb{}\u00a0\u00bb button_bg_color__hover_enabled=\u00a0\u00bbon\u00a0\u00bb box_shadow_vertical__hover=\u00a0\u00bb200px\u00a0\u00bb box_shadow_horizontal__hover_enabled=\u00a0\u00bbon\u00a0\u00bb box_shadow_horizontal__hover=\u00a0\u00bb350px\u00a0\u00bb button_text_color__hover_enabled=\u00a0\u00bbon|hover\u00a0\u00bb button_text_color__hover=\u00a0\u00bb#56BADE\u00a0\u00bb button_bg_color__hover=\u00a0\u00bbrgba(255,255,255,0)\u00a0\u00bb theme_builder_area=\u00a0\u00bbpost_content\u00a0\u00bb sticky_enabled=\u00a0\u00bb0&Prime;][\/et_pb_button][\/et_pb_column][et_pb_column type=\u00a0\u00bb2_3&Prime; _builder_version=\u00a0\u00bb4.16&Prime; _module_preset=\u00a0\u00bbdefault\u00a0\u00bb background_enable_image=\u00a0\u00bboff\u00a0\u00bb global_colors_info=\u00a0\u00bb{}\u00a0\u00bb theme_builder_area=\u00a0\u00bbpost_content\u00a0\u00bb][et_pb_text _builder_version=\u00a0\u00bb4.17.4&Prime; _module_preset=\u00a0\u00bbdefault\u00a0\u00bb text_font=\u00a0\u00bbSource Sans Pro||||||||\u00a0\u00bb text_text_color=\u00a0\u00bb#18305D\u00a0\u00bb text_line_height=\u00a0\u00bb1.3em\u00a0\u00bb header_font=\u00a0\u00bb|800|||||||\u00a0\u00bb header_text_color=\u00a0\u00bb#8E2DAF\u00a0\u00bb header_2_font=\u00a0\u00bb|800|||||||\u00a0\u00bb header_2_text_color=\u00a0\u00bb#18305D\u00a0\u00bb header_3_font=\u00a0\u00bbSource Sans Pro|700||on|||||\u00a0\u00bb header_3_text_color=\u00a0\u00bb#18305D\u00a0\u00bb header_3_font_size=\u00a0\u00bb18px\u00a0\u00bb hover_enabled=\u00a0\u00bb0&Prime; global_colors_info=\u00a0\u00bb{}\u00a0\u00bb theme_builder_area=\u00a0\u00bbpost_content\u00a0\u00bb sticky_enabled=\u00a0\u00bb0&Prime;]<\/p>\n<p><strong>FONCTIONS<\/strong><\/p>\n<ul>\n<li>Ma\u00eetresse de conf\u00e9rences en droit priv\u00e9<\/li>\n<li>Directrice adjointe de l\u2019\u00c9cole de droit social de Montpellier (UR_UM204)<\/li>\n<li>Co-directrice de la Chaire RSE et dialogue social (LabEx Entreprendre)<\/li>\n<li>Co-directrice du Master 2 Droit social (Formation continue)<\/li>\n<li>Co-directrice du DU Droit et pratique du dialogue social<\/li>\n<li>Membre \u00e9lu au Conseil de la Facult\u00e9 de droit et de science politique &#8211; Universit\u00e9 de Montpellier<\/li>\n<\/ul>\n<p>&nbsp;<\/p>\n<p>\u00a0<strong>FORMATION<\/strong><\/p>\n<ul>\n<li>Doctorat en Droit priv\u00e9 et sciences criminelles (Universit\u00e9 Montpellier 1, 2013)\u00a0: La relation triangulaire de travail<\/li>\n<\/ul>\n<p>&nbsp;<\/p>\n<p><strong>TH\u00c9MATIQUE(S) DE RECHERCHE<\/strong><\/p>\n<p>Mon activit\u00e9 de recherche porte sur trois grands axes s\u2019articulant autour du th\u00e8me des mutations du travail\u00a0: relations triangulaires de travail, responsabilit\u00e9 sociale des entreprises et dialogue social.<\/p>\n<p><strong><\/strong><\/p>\n<p><strong><\/strong><\/p>\n<p><strong>DERNIERES PUBLICATIONS<\/strong><\/p>\n<ul>\n<li>\u00ab\u00a0Autonomie du salari\u00e9 et lieu de travail\u00a0\u00bb, <em>BJT<\/em> 2022, n\u00b0 11, p. 61.<\/li>\n<li>\u00ab\u00a0L\u2019entrepreneuriat salari\u00e9 \u2013 R\u00e9flexions autour des coop\u00e9ratives d\u2019activit\u00e9 et d\u2019emploi et du portage salarial\u00a0\u00bb, <em>RJS<\/em> 2022, p. 797.<\/li>\n<li>\u00ab\u00a0CSE et transition \u00e9cologique\u00a0: de nouvelles attributions sans moyens d\u00e9di\u00e9s\u00a0\u00bb, <em>in <\/em>Actualit\u00e9 du droit et de la pratique de la n\u00e9gociation collective, <em> soc. <\/em>2021, p. 992.<\/li>\n<li>\u00ab\u00a0Le CDI int\u00e9rimaire, entre stabilit\u00e9 de l\u2019emploi et flexibilit\u00e9 du travail\u00a0\u00bb, <em>Droit ouvrier<\/em> 2021, p. 555.<\/li>\n<li>\u00ab\u00a0Les pratiques innovantes en mati\u00e8re de n\u00e9gociation collective sur la reconnaissance et la valorisation du parcours syndical\u00a0\u00bb, <em>BJT<\/em> 2019, n\u00b0 10, p. 72.<\/li>\n<li>\u00ab\u00a0Le volet RSE de la loi Pacte\u00a0\u00bb, <em>RLDA<\/em> 2019, n\u00b0 150, p. 42.<\/li>\n<li>\u00ab\u00a0Les syndicats face aux mutations du travail\u00a0\u00bb <em>in <\/em>Les mutations du travail,\u00a0\u00e9d. La D\u00e9couverte, 2019, pp. 179-193.<\/li>\n<li>\u00ab\u00a0La repr\u00e9sentation du personnel et la petite entreprise\u00a0\u00bb, <em> soc. <\/em>2018, n\u00b0 309, p. 358.<\/li>\n<\/ul>\n<p>&nbsp;<\/p>\n<p><strong>ENSEIGNEMENTS<\/strong><\/p>\n<p>Mes enseignements portent principalement sur le droit du travail (relations individuelles et collectives), le droit de l\u2019emploi et la responsabilit\u00e9 sociale des entreprises.<\/p>\n<p><strong><\/strong><\/p>\n<p><strong><\/strong><\/p>\n<p><strong>TRANSFERT ET VALORISATION DE LA RECHERCHE<\/strong><\/p>\n<ul>\n<li>Participation et organisation de colloques, tables rondes et s\u00e9minaires<\/li>\n<li>Participation au projet ANR ON-REAL, Les r\u00e9alit\u00e9s de l\u2019ordre n\u00e9goci\u00e9 (Dir. Fr\u00e9d\u00e9ric G\u00e9a et Florence Bergeron) (2023-2025)<\/li>\n<li>Participation au projet ANR JCJC MUTADATA (2020-2023), Les mutations du travail politique au prisme du big data (Dir. Ana\u00efs Th\u00e9viot)<\/li>\n<li>Direction de m\u00e9moires de master et encadrement de projets tutor\u00e9s de master<\/li>\n<\/ul>\n<p>[\/et_pb_text][\/et_pb_column][\/et_pb_row][\/et_pb_section]<\/p>\n","protected":false},"excerpt":{"rendered":"<p>Laurianne ENJOLRAS Ma\u00eetresse de conf\u00e9rences en droit priv\u00e9 \u00e0 l\u2019Universit\u00e9 de MontpellierCoordonn\u00e9es Facult\u00e9 de droit et science politique \u2013 39 rue de l\u2019Universit\u00e9, 34060 Montpellier Email : laurianne.enjolras[a]umontpellier.frFONCTIONS Ma\u00eetresse de conf\u00e9rences en droit priv\u00e9 Directrice adjointe de l\u2019\u00c9cole de droit social de Montpellier (UR_UM204) Co-directrice de la Chaire RSE et dialogue social (LabEx Entreprendre) Co-directrice [&hellip;]<\/p>\n","protected":false},"author":4,"featured_media":0,"parent":0,"menu_order":0,"comment_status":"closed","ping_status":"closed","template":"","meta":{"_et_pb_use_builder":"on","_et_pb_old_content":"","_et_gb_content_width":"","footnotes":""},"class_list":["post-3291","page","type-page","status-publish","hentry"],"yoast_head":"<!-- This site is optimized with the Yoast SEO plugin v23.4 - https:\/\/yoast.com\/wordpress\/plugins\/seo\/ -->\n<title>Membres - Laurianne Enjolras - Lab Entreprendre<\/title>\n<meta name=\"robots\" content=\"index, follow, max-snippet:-1, max-image-preview:large, max-video-preview:-1\" \/>\n<link rel=\"canonical\" href=\"https:\/\/labex-entreprendre.fr\/?page_id=3291\" \/>\n<meta property=\"og:locale\" content=\"fr_FR\" \/>\n<meta property=\"og:type\" content=\"article\" \/>\n<meta property=\"og:title\" content=\"Membres - Laurianne Enjolras - Lab Entreprendre\" \/>\n<meta property=\"og:description\" content=\"Laurianne ENJOLRAS Ma\u00eetresse de conf\u00e9rences en droit priv\u00e9 \u00e0 l\u2019Universit\u00e9 de MontpellierCoordonn\u00e9es Facult\u00e9 de droit et science politique \u2013 39 rue de l\u2019Universit\u00e9, 34060 Montpellier Email : laurianne.enjolras[a]umontpellier.frFONCTIONS Ma\u00eetresse de conf\u00e9rences en droit priv\u00e9 Directrice adjointe de l\u2019\u00c9cole de droit social de Montpellier (UR_UM204) Co-directrice de la Chaire RSE et dialogue social (LabEx Entreprendre) Co-directrice [&hellip;]\" \/>\n<meta property=\"og:url\" content=\"https:\/\/labex-entreprendre.fr\/?page_id=3291\" \/>\n<meta property=\"og:site_name\" content=\"Lab Entreprendre\" \/>\n<meta property=\"article:modified_time\" content=\"2023-02-17T10:23:25+00:00\" \/>\n<meta name=\"twitter:card\" content=\"summary_large_image\" \/>\n<meta name=\"twitter:label1\" content=\"Dur\u00e9e de lecture estim\u00e9e\" \/>\n\t<meta name=\"twitter:data1\" content=\"4 minutes\" \/>\n<script type=\"application\/ld+json\" class=\"yoast-schema-graph\">{\"@context\":\"https:\/\/schema.org\",\"@graph\":[{\"@type\":\"WebPage\",\"@id\":\"https:\/\/labex-entreprendre.fr\/?page_id=3291\",\"url\":\"https:\/\/labex-entreprendre.fr\/?page_id=3291\",\"name\":\"Membres - Laurianne Enjolras - Lab Entreprendre\",\"isPartOf\":{\"@id\":\"https:\/\/labex-entreprendre.fr\/#website\"},\"datePublished\":\"2023-02-17T10:22:38+00:00\",\"dateModified\":\"2023-02-17T10:23:25+00:00\",\"breadcrumb\":{\"@id\":\"https:\/\/labex-entreprendre.fr\/?page_id=3291#breadcrumb\"},\"inLanguage\":\"fr-FR\",\"potentialAction\":[{\"@type\":\"ReadAction\",\"target\":[\"https:\/\/labex-entreprendre.fr\/?page_id=3291\"]}]},{\"@type\":\"BreadcrumbList\",\"@id\":\"https:\/\/labex-entreprendre.fr\/?page_id=3291#breadcrumb\",\"itemListElement\":[{\"@type\":\"ListItem\",\"position\":1,\"name\":\"Home\",\"item\":\"https:\/\/labex-entreprendre.fr\/\"},{\"@type\":\"ListItem\",\"position\":2,\"name\":\"Membres &#8211; Laurianne Enjolras\"}]},{\"@type\":\"WebSite\",\"@id\":\"https:\/\/labex-entreprendre.fr\/#website\",\"url\":\"https:\/\/labex-entreprendre.fr\/\",\"name\":\"Lab Entreprendre\",\"description\":\"Universit\u00e9 de Montpellier\",\"potentialAction\":[{\"@type\":\"SearchAction\",\"target\":{\"@type\":\"EntryPoint\",\"urlTemplate\":\"https:\/\/labex-entreprendre.fr\/?s={search_term_string}\"},\"query-input\":{\"@type\":\"PropertyValueSpecification\",\"valueRequired\":true,\"valueName\":\"search_term_string\"}}],\"inLanguage\":\"fr-FR\"}]}<\/script>\n<!-- \/ Yoast SEO plugin. -->","yoast_head_json":{"title":"Membres - Laurianne Enjolras - Lab Entreprendre","robots":{"index":"index","follow":"follow","max-snippet":"max-snippet:-1","max-image-preview":"max-image-preview:large","max-video-preview":"max-video-preview:-1"},"canonical":"https:\/\/labex-entreprendre.fr\/?page_id=3291","og_locale":"fr_FR","og_type":"article","og_title":"Membres - Laurianne Enjolras - Lab Entreprendre","og_description":"Laurianne ENJOLRAS Ma\u00eetresse de conf\u00e9rences en droit priv\u00e9 \u00e0 l\u2019Universit\u00e9 de MontpellierCoordonn\u00e9es Facult\u00e9 de droit et science politique \u2013 39 rue de l\u2019Universit\u00e9, 34060 Montpellier Email : laurianne.enjolras[a]umontpellier.frFONCTIONS Ma\u00eetresse de conf\u00e9rences en droit priv\u00e9 Directrice adjointe de l\u2019\u00c9cole de droit social de Montpellier (UR_UM204) Co-directrice de la Chaire RSE et dialogue social (LabEx Entreprendre) Co-directrice [&hellip;]","og_url":"https:\/\/labex-entreprendre.fr\/?page_id=3291","og_site_name":"Lab Entreprendre","article_modified_time":"2023-02-17T10:23:25+00:00","twitter_card":"summary_large_image","twitter_misc":{"Dur\u00e9e de lecture estim\u00e9e":"4 minutes"},"schema":{"@context":"https:\/\/schema.org","@graph":[{"@type":"WebPage","@id":"https:\/\/labex-entreprendre.fr\/?page_id=3291","url":"https:\/\/labex-entreprendre.fr\/?page_id=3291","name":"Membres - Laurianne Enjolras - Lab Entreprendre","isPartOf":{"@id":"https:\/\/labex-entreprendre.fr\/#website"},"datePublished":"2023-02-17T10:22:38+00:00","dateModified":"2023-02-17T10:23:25+00:00","breadcrumb":{"@id":"https:\/\/labex-entreprendre.fr\/?page_id=3291#breadcrumb"},"inLanguage":"fr-FR","potentialAction":[{"@type":"ReadAction","target":["https:\/\/labex-entreprendre.fr\/?page_id=3291"]}]},{"@type":"BreadcrumbList","@id":"https:\/\/labex-entreprendre.fr\/?page_id=3291#breadcrumb","itemListElement":[{"@type":"ListItem","position":1,"name":"Home","item":"https:\/\/labex-entreprendre.fr\/"},{"@type":"ListItem","position":2,"name":"Membres &#8211; Laurianne Enjolras"}]},{"@type":"WebSite","@id":"https:\/\/labex-entreprendre.fr\/#website","url":"https:\/\/labex-entreprendre.fr\/","name":"Lab Entreprendre","description":"Universit\u00e9 de Montpellier","potentialAction":[{"@type":"SearchAction","target":{"@type":"EntryPoint","urlTemplate":"https:\/\/labex-entreprendre.fr\/?s={search_term_string}"},"query-input":{"@type":"PropertyValueSpecification","valueRequired":true,"valueName":"search_term_string"}}],"inLanguage":"fr-FR"}]}},"_links":{"self":[{"href":"https:\/\/labex-entreprendre.fr\/index.php?rest_route=\/wp\/v2\/pages\/3291","targetHints":{"allow":["GET"]}}],"collection":[{"href":"https:\/\/labex-entreprendre.fr\/index.php?rest_route=\/wp\/v2\/pages"}],"about":[{"href":"https:\/\/labex-entreprendre.fr\/index.php?rest_route=\/wp\/v2\/types\/page"}],"author":[{"embeddable":true,"href":"https:\/\/labex-entreprendre.fr\/index.php?rest_route=\/wp\/v2\/users\/4"}],"replies":[{"embeddable":true,"href":"https:\/\/labex-entreprendre.fr\/index.php?rest_route=%2Fwp%2Fv2%2Fcomments&post=3291"}],"version-history":[{"count":2,"href":"https:\/\/labex-entreprendre.fr\/index.php?rest_route=\/wp\/v2\/pages\/3291\/revisions"}],"predecessor-version":[{"id":3295,"href":"https:\/\/labex-entreprendre.fr\/index.php?rest_route=\/wp\/v2\/pages\/3291\/revisions\/3295"}],"wp:attachment":[{"href":"https:\/\/labex-entreprendre.fr\/index.php?rest_route=%2Fwp%2Fv2%2Fmedia&parent=3291"}],"curies":[{"name":"wp","href":"https:\/\/api.w.org\/{rel}","templated":true}]}}