{"id":3249,"date":"2023-02-13T11:35:41","date_gmt":"2023-02-13T10:35:41","guid":{"rendered":"https:\/\/labex-entreprendre.fr\/?page_id=3249"},"modified":"2023-02-13T11:35:47","modified_gmt":"2023-02-13T10:35:47","slug":"membres-florence-bergeron","status":"publish","type":"page","link":"https:\/\/labex-entreprendre.fr\/?page_id=3249","title":{"rendered":"Membres &#8211; Florence Bergeron"},"content":{"rendered":"<p>[et_pb_section fb_built=\u00a0\u00bb1&Prime; _builder_version=\u00a0\u00bb4.16&Prime; _module_preset=\u00a0\u00bbdefault\u00a0\u00bb locked=\u00a0\u00bboff\u00a0\u00bb global_colors_info=\u00a0\u00bb{}\u00a0\u00bb theme_builder_area=\u00a0\u00bbpost_content\u00a0\u00bb][et_pb_row _builder_version=\u00a0\u00bb4.16&Prime; _module_preset=\u00a0\u00bbdefault\u00a0\u00bb global_colors_info=\u00a0\u00bb{}\u00a0\u00bb theme_builder_area=\u00a0\u00bbpost_content\u00a0\u00bb][et_pb_column type=\u00a0\u00bb4_4&Prime; _builder_version=\u00a0\u00bb4.16&Prime; _module_preset=\u00a0\u00bbdefault\u00a0\u00bb global_colors_info=\u00a0\u00bb{}\u00a0\u00bb theme_builder_area=\u00a0\u00bbpost_content\u00a0\u00bb][et_pb_text _builder_version=\u00a0\u00bb4.17.4&Prime; _module_preset=\u00a0\u00bbdefault\u00a0\u00bb text_font=\u00a0\u00bb|600||on|||||\u00a0\u00bb text_text_color=\u00a0\u00bb#18305D\u00a0\u00bb header_3_font=\u00a0\u00bb|700||on|||||\u00a0\u00bb header_3_text_color=\u00a0\u00bb#18305D\u00a0\u00bb hover_enabled=\u00a0\u00bb0&Prime; global_colors_info=\u00a0\u00bb{}\u00a0\u00bb theme_builder_area=\u00a0\u00bbpost_content\u00a0\u00bb sticky_enabled=\u00a0\u00bb0&Prime;]<\/p>\n<h3><span style=\"color: #993366;\">Florence BERGERON<\/span><\/h3>\n<p>Professeur de droit priv\u00e9 \u00e0 l\u2019Universit\u00e9 de Montpellier<\/p>\n<p>[\/et_pb_text][\/et_pb_column][\/et_pb_row][et_pb_row column_structure=\u00a0\u00bb1_3,2_3&Prime; custom_padding_last_edited=\u00a0\u00bbon|desktop\u00a0\u00bb module_class=\u00a0\u00bbprofiles\u00a0\u00bb _builder_version=\u00a0\u00bb4.16&Prime; _module_preset=\u00a0\u00bbdefault\u00a0\u00bb background_color=\u00a0\u00bbRGBA(0,0,0,0)\u00a0\u00bb custom_margin=\u00a0\u00bb40px||||false|false\u00a0\u00bb custom_padding=\u00a0\u00bb0px|0px|0px|0px|true|true\u00a0\u00bb custom_padding_tablet=\u00a0\u00bb80px|80px|80px|80px|true|true\u00a0\u00bb custom_padding_phone=\u00a0\u00bb0px|0px|0px|0px|true|true\u00a0\u00bb locked=\u00a0\u00bboff\u00a0\u00bb global_colors_info=\u00a0\u00bb{}\u00a0\u00bb theme_builder_area=\u00a0\u00bbpost_content\u00a0\u00bb][et_pb_column type=\u00a0\u00bb1_3&Prime; _builder_version=\u00a0\u00bb4.16&Prime; _module_preset=\u00a0\u00bbdefault\u00a0\u00bb background_enable_image=\u00a0\u00bboff\u00a0\u00bb global_colors_info=\u00a0\u00bb{}\u00a0\u00bb theme_builder_area=\u00a0\u00bbpost_content\u00a0\u00bb][et_pb_image src=\u00a0\u00bbhttps:\/\/labex-entreprendre.fr\/wp-content\/uploads\/2023\/02\/florence-bergeron.png\u00a0\u00bb title_text=\u00a0\u00bbflorence bergeron\u00a0\u00bb _builder_version=\u00a0\u00bb4.17.4&Prime; _module_preset=\u00a0\u00bbdefault\u00a0\u00bb hover_enabled=\u00a0\u00bb0&Prime; global_colors_info=\u00a0\u00bb{}\u00a0\u00bb theme_builder_area=\u00a0\u00bbpost_content\u00a0\u00bb sticky_enabled=\u00a0\u00bb0&Prime;][\/et_pb_image][et_pb_text _builder_version=\u00a0\u00bb4.17.4&Prime; _module_preset=\u00a0\u00bbdefault\u00a0\u00bb text_font=\u00a0\u00bbSource Sans Pro||||||||\u00a0\u00bb text_text_color=\u00a0\u00bb#18305D\u00a0\u00bb text_line_height=\u00a0\u00bb1.3em\u00a0\u00bb header_font=\u00a0\u00bb|800|||||||\u00a0\u00bb header_text_color=\u00a0\u00bb#8E2DAF\u00a0\u00bb header_2_font=\u00a0\u00bb|800|||||||\u00a0\u00bb header_2_text_color=\u00a0\u00bb#18305D\u00a0\u00bb header_3_font=\u00a0\u00bbSource Sans Pro|700||on|||||\u00a0\u00bb header_3_text_color=\u00a0\u00bb#18305D\u00a0\u00bb header_3_font_size=\u00a0\u00bb18px\u00a0\u00bb hover_enabled=\u00a0\u00bb0&Prime; global_colors_info=\u00a0\u00bb{}\u00a0\u00bb theme_builder_area=\u00a0\u00bbpost_content\u00a0\u00bb sticky_enabled=\u00a0\u00bb0&Prime;]<\/p>\n<h3>Coordonn\u00e9es<\/h3>\n<p>39 rue de l\u2019Universit\u00e9 &#8211; 34000 Montpellier<\/p>\n<p><strong>Email :<\/strong> <a href=\"mailto:florence.bergeron@umontpellier.fr\">florence.bergeron[a]umontpellier.fr<\/a><\/p>\n<p><strong>Bureau :<\/strong> G 3-14<\/p>\n<p>&nbsp;<\/p>\n<p>[\/et_pb_text][et_pb_button button_url=\u00a0\u00bbhttps:\/\/www.linkedin.com\/in\/florence-bergeron-7a62701a9\/?originalSubdomain=fr\u00a0\u00bb button_text=\u00a0\u00bbEn savoir plus\u00a0\u00bb button_alignment=\u00a0\u00bbcenter\u00a0\u00bb _builder_version=\u00a0\u00bb4.17.4&Prime; custom_button=\u00a0\u00bbon\u00a0\u00bb button_text_size=\u00a0\u00bb14px\u00a0\u00bb button_text_color=\u00a0\u00bb#FFFFFF\u00a0\u00bb button_bg_color=\u00a0\u00bb#8E2DAF\u00a0\u00bb button_border_width=\u00a0\u00bb0px\u00a0\u00bb button_border_color=\u00a0\u00bb#FFFFFF\u00a0\u00bb button_border_radius=\u00a0\u00bb0px\u00a0\u00bb button_letter_spacing=\u00a0\u00bb1px\u00a0\u00bb button_font=\u00a0\u00bb|700||on|||||\u00a0\u00bb button_icon=\u00a0\u00bb&#xf061;||fa||900&Prime; custom_margin=\u00a0\u00bb0px||||false|false\u00a0\u00bb custom_padding=\u00a0\u00bb14px|40px|14px|40px|true|false\u00a0\u00bb hover_enabled=\u00a0\u00bb0&Prime; locked=\u00a0\u00bboff\u00a0\u00bb global_colors_info=\u00a0\u00bb{}\u00a0\u00bb button_bg_color__hover_enabled=\u00a0\u00bbon\u00a0\u00bb box_shadow_vertical__hover=\u00a0\u00bb200px\u00a0\u00bb box_shadow_horizontal__hover_enabled=\u00a0\u00bbon\u00a0\u00bb box_shadow_horizontal__hover=\u00a0\u00bb350px\u00a0\u00bb button_text_color__hover_enabled=\u00a0\u00bbon|hover\u00a0\u00bb button_text_color__hover=\u00a0\u00bb#56BADE\u00a0\u00bb button_bg_color__hover=\u00a0\u00bbrgba(255,255,255,0)\u00a0\u00bb theme_builder_area=\u00a0\u00bbpost_content\u00a0\u00bb sticky_enabled=\u00a0\u00bb0&Prime;][\/et_pb_button][\/et_pb_column][et_pb_column type=\u00a0\u00bb2_3&Prime; _builder_version=\u00a0\u00bb4.16&Prime; _module_preset=\u00a0\u00bbdefault\u00a0\u00bb background_enable_image=\u00a0\u00bboff\u00a0\u00bb global_colors_info=\u00a0\u00bb{}\u00a0\u00bb theme_builder_area=\u00a0\u00bbpost_content\u00a0\u00bb][et_pb_text _builder_version=\u00a0\u00bb4.17.4&Prime; _module_preset=\u00a0\u00bbdefault\u00a0\u00bb text_font=\u00a0\u00bbSource Sans Pro||||||||\u00a0\u00bb text_text_color=\u00a0\u00bb#18305D\u00a0\u00bb text_line_height=\u00a0\u00bb1.3em\u00a0\u00bb header_font=\u00a0\u00bb|800|||||||\u00a0\u00bb header_text_color=\u00a0\u00bb#8E2DAF\u00a0\u00bb header_2_font=\u00a0\u00bb|800|||||||\u00a0\u00bb header_2_text_color=\u00a0\u00bb#18305D\u00a0\u00bb header_3_font=\u00a0\u00bbSource Sans Pro|700||on|||||\u00a0\u00bb header_3_text_color=\u00a0\u00bb#18305D\u00a0\u00bb header_3_font_size=\u00a0\u00bb18px\u00a0\u00bb hover_enabled=\u00a0\u00bb0&Prime; global_colors_info=\u00a0\u00bb{}\u00a0\u00bb theme_builder_area=\u00a0\u00bbpost_content\u00a0\u00bb sticky_enabled=\u00a0\u00bb0&Prime;]<\/p>\n<p><strong>FONCTIONS<\/strong><\/p>\n<ul>\n<li>Directrice de l\u2019\u00c9cole de droit social de Montpellier (EDSM)<\/li>\n<li>Co-directrice du Master 2 Droit social Formation continue<\/li>\n<li>Membre nomm\u00e9 de la section 01 du CNU (2019-2023)<\/li>\n<li>Membre de la Commission RH Droit, Science politique et Administration \u2013 P\u00f4le Recherche de l\u2019Universit\u00e9 de Montpellier<\/li>\n<li>Membre du conseil d\u2019administration de l\u2019URSSAF Languedoc-Roussillon en qualit\u00e9 de personne qualifi\u00e9e (2018-2022)<\/li>\n<\/ul>\n<p>&nbsp;<\/p>\n<p><strong>FORMATION<\/strong><\/p>\n<ul>\n<li>\u00c9cole Normale Sup\u00e9rieure de Cachan (agr\u00e9g\u00e9e d\u2019\u00e9conomie-gestion)<\/li>\n<li>Doctorat en droit priv\u00e9 et sciences criminelles, Universit\u00e9 Paris 1 (2004)<\/li>\n<li>Habilitation \u00e0 diriger des recherches, Universit\u00e9 de Montpellier (2010)<\/li>\n<li>Agr\u00e9gation interne de droit priv\u00e9 et sciences criminelles (2013)<\/li>\n<\/ul>\n<p>&nbsp;<\/p>\n<p><strong>TH\u00c9MATIQUE(S) DE RECHERCHE<\/strong><\/p>\n<p>L\u2019essentiel de mon activit\u00e9 de recherche est consacr\u00e9 au droit social, et plus pr\u00e9cis\u00e9ment au droit du travail (relations individuelles et collectives).<\/p>\n<p><strong>\u00a0<\/strong><\/p>\n<p><strong>PRINCIPALES PUBLICATIONS<\/strong><\/p>\n<p><strong>Ouvrages\u00a0:<\/strong><\/p>\n<ul>\n<li><em>L\u2019ordre public en droit du travail<\/em>, LGDJ, Biblioth\u00e8que de l\u2019Institut Andr\u00e9 Tunc, tome 14, 2007<\/li>\n<li>Manuel de <em>Droit du travail<\/em> 2023, coll. Cours, Dalloz (9\u00e8me \u00e9dition).<\/li>\n<\/ul>\n<p><strong>Articles de M\u00e9langes\u00a0:<\/strong><\/p>\n<ul>\n<li>\u00ab\u00a0Accord collectif et contrat de travail\u00a0\u00bb, co-r\u00e9dig\u00e9 avec Michel Morand, M\u00e9langes en l\u2019honneur de Pierre-Yves Verkindt, LGDJ 2022.<\/li>\n<li>\u00ab Questions d\u00e9sordonn\u00e9es sur le droit contemporain des accords collectifs de travail \u00bb, co-r\u00e9dig\u00e9 avec le Professeur Arnaud Martinon, in Voyage au bout de la logique juridique, M\u00e9langes offerts au Professeur Jean Mouly, Pulim, 2020, p. 81.<\/li>\n<li>\u00ab L\u2019apport de la jurisprudence dans le droit de la dur\u00e9e du travail : l\u2019accord d\u2019am\u00e9nagement du temps de travail \u00bb, in M\u00e9langes en l\u2019honneur de Michel Morand, Lamy Axe droit, 2016.<\/li>\n<li>\u00ab N\u00e9gocier sous contrainte. Un nouveau visage de la n\u00e9gociation collective en France ? \u00bb, co-r\u00e9dig\u00e9 avec le Professeur Pierre-Yves Verkindt, in M\u00e9langes en l\u2019honneur du Professeur Fran\u00e7ois Gaudu, IRJS \u00c9ditions, 2014, p. 241.<\/li>\n<\/ul>\n<p><strong>Articles\u00a0:<\/strong><\/p>\n<ul>\n<li>\u00ab\u00a0L\u2019ill\u00e9galit\u00e9 de l\u2019accord collectif invoqu\u00e9 par voie d\u2019exception\u00a0\u00bb, Droit social, \u00e0 para\u00eetre mars 2023<\/li>\n<li>\u00c9lections partielles : les listes syndicales doivent respecter la proportion de femmes et d&rsquo;hommes figurant dans le protocole d&rsquo;accord pr\u00e9\u00e9lectoral \u00e9tabli pour les \u00e9lections initiales, Cass. soc., 9 nov. 2022, n\u00b0 21-60183, F-B, n\u00b0 BJT201x5, p. 14<\/li>\n<li>D\u00e9signation des d\u00e9l\u00e9gu\u00e9s syndicaux : p\u00e9rim\u00e8tre et charge de la preuve, Cass. soc., 9 nov. 2022, n\u00b0 21-20525, F-B, n\u00b0 BJT201x7, p. 17<\/li>\n<li>\u00ab\u00a0Salaires minima hi\u00e9rarchiques : le Conseil d\u2019\u00c9tat au secours des branches\u00a0\u00bb, commentaire CE, 7 octobre 2021\u00a0\u00bb, n\u00b0 433053, JCP G, 15 nov 2021, 1205<\/li>\n<li>Livre blanc : L\u2019avocat face \u00e0 l\u2019\u00e9volution du droit social, dir. Krys Pagani, Lefebvre-Dalloz, 2022. Contribution : \u00ab L\u2019articulation des accords collectifs de travail \u00bb, p. 22<\/li>\n<li>\u00ab\u00a0Le pr\u00e9alable obligatoire de n\u00e9gociation s\u2019\u00e9tend au recours au vote \u00e9lectronique\u00a0\u00bb, Sem. Soc. Lamy, 15 f\u00e9vr. 2021, p. 18<\/li>\n<li>\u00ab Ordonnancement des conventions collectives entre elles : panorama des cas de concours et des r\u00e8gles d\u2019articulation \u00bb, Bull. Joly Travail, avr. 2020, p. 58<\/li>\n<li>\u00ab L\u2019emploi de reclassement \u00bb, actes de colloque, Cour de cassation, (d\u00e9c. 2017), Cah. soc. mars 2018, p. 168<\/li>\n<li>\u00ab R\u00e9forme du Code du travail : analyse des nouvelles r\u00e8gles sur la rupture du contrat de travail \u00bb, r\u00e9alisation de l\u2019\u00e9tude intitul\u00e9e \u00ab L\u2019accord de comp\u00e9titivit\u00e9 3.0 \u00bb, RJS f\u00e9vr. 2018, \u00a7 31 s.<\/li>\n<li>\u00ab L\u2019articulation entre accord de branche et accord d\u2019entreprise : entre continuit\u00e9 et ruptures \u00bb, Dr. ouvr., f\u00e9vr. 2018, p. 61<\/li>\n<li>\u00ab La n\u00e9gociation dans les entreprises d\u00e9pourvues de d\u00e9l\u00e9gu\u00e9s syndicaux \u00bb, Dr. soc., d\u00e9c. 2017, p. 1033<\/li>\n<li>\u00ab Le recul de l\u2019ordre public face \u00e0 l\u2019accord collectif \u00bb, Dr. ouvr., juin 2017, p. 342<\/li>\n<\/ul>\n<p>&nbsp;<\/p>\n<p><strong>ENSEIGNEMENTS<\/strong><\/p>\n<p>Mes enseignements portent sur le droit du travail (relations individuelles et collectives, L3, M1, M2, DU).<\/p>\n<p>&nbsp;<\/p>\n<p><strong>TRANSFERT ET VALORISATION DE LA RECHERCHE<\/strong><\/p>\n<ul>\n<li>Participation \u00e0 Colloques, journ\u00e9es d\u2019\u00e9tudes et tables rondes<\/li>\n<li>Direction scientifique et organisation de Colloques, journ\u00e9es d\u2019\u00e9tudes et tables rondes<\/li>\n<li>Co-direction d\u2019un projet ANR<\/li>\n<li>Direction de th\u00e8ses de doctorat<\/li>\n<li>Direction de m\u00e9moires de master et encadrement de projets tutor\u00e9s de master<\/li>\n<\/ul>\n<p>[\/et_pb_text][\/et_pb_column][\/et_pb_row][\/et_pb_section]<\/p>\n","protected":false},"excerpt":{"rendered":"<p>Florence BERGERON Professeur de droit priv\u00e9 \u00e0 l\u2019Universit\u00e9 de MontpellierCoordonn\u00e9es 39 rue de l\u2019Universit\u00e9 &#8211; 34000 Montpellier Email : florence.bergeron[a]umontpellier.fr Bureau : G 3-14 &nbsp;FONCTIONS Directrice de l\u2019\u00c9cole de droit social de Montpellier (EDSM) Co-directrice du Master 2 Droit social Formation continue Membre nomm\u00e9 de la section 01 du CNU (2019-2023) Membre de la Commission [&hellip;]<\/p>\n","protected":false},"author":4,"featured_media":0,"parent":0,"menu_order":0,"comment_status":"closed","ping_status":"closed","template":"","meta":{"_et_pb_use_builder":"on","_et_pb_old_content":"","_et_gb_content_width":"","footnotes":""},"class_list":["post-3249","page","type-page","status-publish","hentry"],"yoast_head":"<!-- This site is optimized with the Yoast SEO plugin v23.4 - https:\/\/yoast.com\/wordpress\/plugins\/seo\/ -->\n<title>Membres - Florence Bergeron - Lab Entreprendre<\/title>\n<meta name=\"robots\" content=\"index, follow, max-snippet:-1, max-image-preview:large, max-video-preview:-1\" \/>\n<link rel=\"canonical\" href=\"https:\/\/labex-entreprendre.fr\/?page_id=3249\" \/>\n<meta property=\"og:locale\" content=\"fr_FR\" \/>\n<meta property=\"og:type\" content=\"article\" \/>\n<meta property=\"og:title\" content=\"Membres - Florence Bergeron - Lab Entreprendre\" \/>\n<meta property=\"og:description\" content=\"Florence BERGERON Professeur de droit priv\u00e9 \u00e0 l\u2019Universit\u00e9 de MontpellierCoordonn\u00e9es 39 rue de l\u2019Universit\u00e9 - 34000 Montpellier Email : florence.bergeron[a]umontpellier.fr Bureau : G 3-14 &nbsp;FONCTIONS Directrice de l\u2019\u00c9cole de droit social de Montpellier (EDSM) Co-directrice du Master 2 Droit social Formation continue Membre nomm\u00e9 de la section 01 du CNU (2019-2023) Membre de la Commission [&hellip;]\" \/>\n<meta property=\"og:url\" content=\"https:\/\/labex-entreprendre.fr\/?page_id=3249\" \/>\n<meta property=\"og:site_name\" content=\"Lab Entreprendre\" \/>\n<meta property=\"article:modified_time\" content=\"2023-02-13T10:35:47+00:00\" \/>\n<meta name=\"twitter:card\" content=\"summary_large_image\" \/>\n<meta name=\"twitter:label1\" content=\"Dur\u00e9e de lecture estim\u00e9e\" \/>\n\t<meta name=\"twitter:data1\" content=\"6 minutes\" \/>\n<script type=\"application\/ld+json\" class=\"yoast-schema-graph\">{\"@context\":\"https:\/\/schema.org\",\"@graph\":[{\"@type\":\"WebPage\",\"@id\":\"https:\/\/labex-entreprendre.fr\/?page_id=3249\",\"url\":\"https:\/\/labex-entreprendre.fr\/?page_id=3249\",\"name\":\"Membres - Florence Bergeron - Lab Entreprendre\",\"isPartOf\":{\"@id\":\"https:\/\/labex-entreprendre.fr\/#website\"},\"datePublished\":\"2023-02-13T10:35:41+00:00\",\"dateModified\":\"2023-02-13T10:35:47+00:00\",\"breadcrumb\":{\"@id\":\"https:\/\/labex-entreprendre.fr\/?page_id=3249#breadcrumb\"},\"inLanguage\":\"fr-FR\",\"potentialAction\":[{\"@type\":\"ReadAction\",\"target\":[\"https:\/\/labex-entreprendre.fr\/?page_id=3249\"]}]},{\"@type\":\"BreadcrumbList\",\"@id\":\"https:\/\/labex-entreprendre.fr\/?page_id=3249#breadcrumb\",\"itemListElement\":[{\"@type\":\"ListItem\",\"position\":1,\"name\":\"Home\",\"item\":\"https:\/\/labex-entreprendre.fr\/\"},{\"@type\":\"ListItem\",\"position\":2,\"name\":\"Membres &#8211; Florence Bergeron\"}]},{\"@type\":\"WebSite\",\"@id\":\"https:\/\/labex-entreprendre.fr\/#website\",\"url\":\"https:\/\/labex-entreprendre.fr\/\",\"name\":\"Lab Entreprendre\",\"description\":\"Universit\u00e9 de Montpellier\",\"potentialAction\":[{\"@type\":\"SearchAction\",\"target\":{\"@type\":\"EntryPoint\",\"urlTemplate\":\"https:\/\/labex-entreprendre.fr\/?s={search_term_string}\"},\"query-input\":{\"@type\":\"PropertyValueSpecification\",\"valueRequired\":true,\"valueName\":\"search_term_string\"}}],\"inLanguage\":\"fr-FR\"}]}<\/script>\n<!-- \/ Yoast SEO plugin. -->","yoast_head_json":{"title":"Membres - Florence Bergeron - Lab Entreprendre","robots":{"index":"index","follow":"follow","max-snippet":"max-snippet:-1","max-image-preview":"max-image-preview:large","max-video-preview":"max-video-preview:-1"},"canonical":"https:\/\/labex-entreprendre.fr\/?page_id=3249","og_locale":"fr_FR","og_type":"article","og_title":"Membres - Florence Bergeron - Lab Entreprendre","og_description":"Florence BERGERON Professeur de droit priv\u00e9 \u00e0 l\u2019Universit\u00e9 de MontpellierCoordonn\u00e9es 39 rue de l\u2019Universit\u00e9 - 34000 Montpellier Email : florence.bergeron[a]umontpellier.fr Bureau : G 3-14 &nbsp;FONCTIONS Directrice de l\u2019\u00c9cole de droit social de Montpellier (EDSM) Co-directrice du Master 2 Droit social Formation continue Membre nomm\u00e9 de la section 01 du CNU (2019-2023) Membre de la Commission [&hellip;]","og_url":"https:\/\/labex-entreprendre.fr\/?page_id=3249","og_site_name":"Lab Entreprendre","article_modified_time":"2023-02-13T10:35:47+00:00","twitter_card":"summary_large_image","twitter_misc":{"Dur\u00e9e de lecture estim\u00e9e":"6 minutes"},"schema":{"@context":"https:\/\/schema.org","@graph":[{"@type":"WebPage","@id":"https:\/\/labex-entreprendre.fr\/?page_id=3249","url":"https:\/\/labex-entreprendre.fr\/?page_id=3249","name":"Membres - Florence Bergeron - Lab Entreprendre","isPartOf":{"@id":"https:\/\/labex-entreprendre.fr\/#website"},"datePublished":"2023-02-13T10:35:41+00:00","dateModified":"2023-02-13T10:35:47+00:00","breadcrumb":{"@id":"https:\/\/labex-entreprendre.fr\/?page_id=3249#breadcrumb"},"inLanguage":"fr-FR","potentialAction":[{"@type":"ReadAction","target":["https:\/\/labex-entreprendre.fr\/?page_id=3249"]}]},{"@type":"BreadcrumbList","@id":"https:\/\/labex-entreprendre.fr\/?page_id=3249#breadcrumb","itemListElement":[{"@type":"ListItem","position":1,"name":"Home","item":"https:\/\/labex-entreprendre.fr\/"},{"@type":"ListItem","position":2,"name":"Membres &#8211; Florence Bergeron"}]},{"@type":"WebSite","@id":"https:\/\/labex-entreprendre.fr\/#website","url":"https:\/\/labex-entreprendre.fr\/","name":"Lab Entreprendre","description":"Universit\u00e9 de Montpellier","potentialAction":[{"@type":"SearchAction","target":{"@type":"EntryPoint","urlTemplate":"https:\/\/labex-entreprendre.fr\/?s={search_term_string}"},"query-input":{"@type":"PropertyValueSpecification","valueRequired":true,"valueName":"search_term_string"}}],"inLanguage":"fr-FR"}]}},"_links":{"self":[{"href":"https:\/\/labex-entreprendre.fr\/index.php?rest_route=\/wp\/v2\/pages\/3249","targetHints":{"allow":["GET"]}}],"collection":[{"href":"https:\/\/labex-entreprendre.fr\/index.php?rest_route=\/wp\/v2\/pages"}],"about":[{"href":"https:\/\/labex-entreprendre.fr\/index.php?rest_route=\/wp\/v2\/types\/page"}],"author":[{"embeddable":true,"href":"https:\/\/labex-entreprendre.fr\/index.php?rest_route=\/wp\/v2\/users\/4"}],"replies":[{"embeddable":true,"href":"https:\/\/labex-entreprendre.fr\/index.php?rest_route=%2Fwp%2Fv2%2Fcomments&post=3249"}],"version-history":[{"count":2,"href":"https:\/\/labex-entreprendre.fr\/index.php?rest_route=\/wp\/v2\/pages\/3249\/revisions"}],"predecessor-version":[{"id":3254,"href":"https:\/\/labex-entreprendre.fr\/index.php?rest_route=\/wp\/v2\/pages\/3249\/revisions\/3254"}],"wp:attachment":[{"href":"https:\/\/labex-entreprendre.fr\/index.php?rest_route=%2Fwp%2Fv2%2Fmedia&parent=3249"}],"curies":[{"name":"wp","href":"https:\/\/api.w.org\/{rel}","templated":true}]}}