{"id":3207,"date":"2023-01-16T09:49:00","date_gmt":"2023-01-16T08:49:00","guid":{"rendered":"https:\/\/labex-entreprendre.fr\/?page_id=3207"},"modified":"2023-01-16T09:49:44","modified_gmt":"2023-01-16T08:49:44","slug":"3207-2","status":"publish","type":"page","link":"https:\/\/labex-entreprendre.fr\/?page_id=3207","title":{"rendered":"Membres &#8211; Florence Rodhain"},"content":{"rendered":"<p>[et_pb_section fb_built=\u00a0\u00bb1&Prime; _builder_version=\u00a0\u00bb4.16&Prime; _module_preset=\u00a0\u00bbdefault\u00a0\u00bb locked=\u00a0\u00bboff\u00a0\u00bb global_colors_info=\u00a0\u00bb{}\u00a0\u00bb theme_builder_area=\u00a0\u00bbpost_content\u00a0\u00bb][et_pb_row _builder_version=\u00a0\u00bb4.16&Prime; _module_preset=\u00a0\u00bbdefault\u00a0\u00bb global_colors_info=\u00a0\u00bb{}\u00a0\u00bb theme_builder_area=\u00a0\u00bbpost_content\u00a0\u00bb][et_pb_column type=\u00a0\u00bb4_4&Prime; _builder_version=\u00a0\u00bb4.16&Prime; _module_preset=\u00a0\u00bbdefault\u00a0\u00bb global_colors_info=\u00a0\u00bb{}\u00a0\u00bb theme_builder_area=\u00a0\u00bbpost_content\u00a0\u00bb][et_pb_text _builder_version=\u00a0\u00bb4.17.4&Prime; _module_preset=\u00a0\u00bbdefault\u00a0\u00bb text_font=\u00a0\u00bb|600||on|||||\u00a0\u00bb text_text_color=\u00a0\u00bb#18305D\u00a0\u00bb header_3_font=\u00a0\u00bb|700||on|||||\u00a0\u00bb header_3_text_color=\u00a0\u00bb#18305D\u00a0\u00bb hover_enabled=\u00a0\u00bb0&Prime; global_colors_info=\u00a0\u00bb{}\u00a0\u00bb theme_builder_area=\u00a0\u00bbpost_content\u00a0\u00bb sticky_enabled=\u00a0\u00bb0&Prime;]<\/p>\n<h3><span style=\"color: #993366;\">Florence RODHAIN<\/span><\/h3>\n<p>Professeure en Syst\u00e8mes d\u2019Information \u00e0 l\u2019Ecole Polytechnique Universitaire de Montpellier<\/p>\n<p>[\/et_pb_text][\/et_pb_column][\/et_pb_row][et_pb_row column_structure=\u00a0\u00bb1_3,2_3&Prime; custom_padding_last_edited=\u00a0\u00bbon|desktop\u00a0\u00bb module_class=\u00a0\u00bbprofiles\u00a0\u00bb _builder_version=\u00a0\u00bb4.16&Prime; _module_preset=\u00a0\u00bbdefault\u00a0\u00bb background_color=\u00a0\u00bbRGBA(0,0,0,0)\u00a0\u00bb custom_margin=\u00a0\u00bb40px||||false|false\u00a0\u00bb custom_padding=\u00a0\u00bb0px|0px|0px|0px|true|true\u00a0\u00bb custom_padding_tablet=\u00a0\u00bb80px|80px|80px|80px|true|true\u00a0\u00bb custom_padding_phone=\u00a0\u00bb0px|0px|0px|0px|true|true\u00a0\u00bb locked=\u00a0\u00bboff\u00a0\u00bb global_colors_info=\u00a0\u00bb{}\u00a0\u00bb theme_builder_area=\u00a0\u00bbpost_content\u00a0\u00bb][et_pb_column type=\u00a0\u00bb1_3&Prime; _builder_version=\u00a0\u00bb4.16&Prime; _module_preset=\u00a0\u00bbdefault\u00a0\u00bb background_enable_image=\u00a0\u00bboff\u00a0\u00bb global_colors_info=\u00a0\u00bb{}\u00a0\u00bb theme_builder_area=\u00a0\u00bbpost_content\u00a0\u00bb][et_pb_image src=\u00a0\u00bbhttps:\/\/labex-entreprendre.fr\/wp-content\/uploads\/2023\/01\/florence-rodhain.jpg\u00a0\u00bb title_text=\u00a0\u00bbflorence rodhain\u00a0\u00bb _builder_version=\u00a0\u00bb4.17.4&Prime; _module_preset=\u00a0\u00bbdefault\u00a0\u00bb hover_enabled=\u00a0\u00bb0&Prime; global_colors_info=\u00a0\u00bb{}\u00a0\u00bb theme_builder_area=\u00a0\u00bbpost_content\u00a0\u00bb sticky_enabled=\u00a0\u00bb0&Prime;][\/et_pb_image][et_pb_text _builder_version=\u00a0\u00bb4.17.4&Prime; _module_preset=\u00a0\u00bbdefault\u00a0\u00bb text_font=\u00a0\u00bbSource Sans Pro||||||||\u00a0\u00bb text_text_color=\u00a0\u00bb#18305D\u00a0\u00bb text_line_height=\u00a0\u00bb1.3em\u00a0\u00bb header_font=\u00a0\u00bb|800|||||||\u00a0\u00bb header_text_color=\u00a0\u00bb#8E2DAF\u00a0\u00bb header_2_font=\u00a0\u00bb|800|||||||\u00a0\u00bb header_2_text_color=\u00a0\u00bb#18305D\u00a0\u00bb header_3_font=\u00a0\u00bbSource Sans Pro|700||on|||||\u00a0\u00bb header_3_text_color=\u00a0\u00bb#18305D\u00a0\u00bb header_3_font_size=\u00a0\u00bb18px\u00a0\u00bb hover_enabled=\u00a0\u00bb0&Prime; global_colors_info=\u00a0\u00bb{}\u00a0\u00bb theme_builder_area=\u00a0\u00bbpost_content\u00a0\u00bb custom_padding=\u00a0\u00bb||0px|||\u00a0\u00bb sticky_enabled=\u00a0\u00bb0&Prime;]<\/p>\n<h3>Coordonn\u00e9es<\/h3>\n<p>Polytech\u2019Montpellier<\/p>\n<p>Place Eug\u00e8ne Bataillon<\/p>\n<p>34095 Montpellier C\u00e9dex 5<\/p>\n<p><strong>Email :<\/strong> <a href=\"mailto:florence.rodhain@umontpellier.fr\">florence.rodhain[a]umontpellier.fr<\/a><\/p>\n<p>[\/et_pb_text][et_pb_button button_url=\u00a0\u00bbhttps:\/\/mrm.edu.umontpellier.fr\/membres\/perm\/membre-rodhain-florence\/\u00a0\u00bb button_text=\u00a0\u00bbEn savoir plus\u00a0\u00bb button_alignment=\u00a0\u00bbcenter\u00a0\u00bb _builder_version=\u00a0\u00bb4.17.4&Prime; custom_button=\u00a0\u00bbon\u00a0\u00bb button_text_size=\u00a0\u00bb14px\u00a0\u00bb button_text_color=\u00a0\u00bb#FFFFFF\u00a0\u00bb button_bg_color=\u00a0\u00bb#8E2DAF\u00a0\u00bb button_border_width=\u00a0\u00bb0px\u00a0\u00bb button_border_color=\u00a0\u00bb#FFFFFF\u00a0\u00bb button_border_radius=\u00a0\u00bb0px\u00a0\u00bb button_letter_spacing=\u00a0\u00bb1px\u00a0\u00bb button_font=\u00a0\u00bb|700||on|||||\u00a0\u00bb button_icon=\u00a0\u00bb&#xf061;||fa||900&Prime; custom_margin=\u00a0\u00bb0px||||false|false\u00a0\u00bb custom_padding=\u00a0\u00bb14px|40px|14px|40px|true|false\u00a0\u00bb hover_enabled=\u00a0\u00bb0&Prime; locked=\u00a0\u00bboff\u00a0\u00bb global_colors_info=\u00a0\u00bb{}\u00a0\u00bb button_bg_color__hover_enabled=\u00a0\u00bbon\u00a0\u00bb box_shadow_vertical__hover=\u00a0\u00bb200px\u00a0\u00bb box_shadow_horizontal__hover_enabled=\u00a0\u00bbon\u00a0\u00bb box_shadow_horizontal__hover=\u00a0\u00bb350px\u00a0\u00bb button_text_color__hover_enabled=\u00a0\u00bbon|hover\u00a0\u00bb button_text_color__hover=\u00a0\u00bb#56BADE\u00a0\u00bb button_bg_color__hover=\u00a0\u00bbrgba(255,255,255,0)\u00a0\u00bb theme_builder_area=\u00a0\u00bbpost_content\u00a0\u00bb sticky_enabled=\u00a0\u00bb0&Prime;][\/et_pb_button][\/et_pb_column][et_pb_column type=\u00a0\u00bb2_3&Prime; _builder_version=\u00a0\u00bb4.16&Prime; _module_preset=\u00a0\u00bbdefault\u00a0\u00bb background_enable_image=\u00a0\u00bboff\u00a0\u00bb global_colors_info=\u00a0\u00bb{}\u00a0\u00bb theme_builder_area=\u00a0\u00bbpost_content\u00a0\u00bb][et_pb_text _builder_version=\u00a0\u00bb4.17.4&Prime; _module_preset=\u00a0\u00bbdefault\u00a0\u00bb text_font=\u00a0\u00bbSource Sans Pro||||||||\u00a0\u00bb text_text_color=\u00a0\u00bb#18305D\u00a0\u00bb text_line_height=\u00a0\u00bb1.3em\u00a0\u00bb header_font=\u00a0\u00bb|800|||||||\u00a0\u00bb header_text_color=\u00a0\u00bb#8E2DAF\u00a0\u00bb header_2_font=\u00a0\u00bb|800|||||||\u00a0\u00bb header_2_text_color=\u00a0\u00bb#18305D\u00a0\u00bb header_3_font=\u00a0\u00bbSource Sans Pro|700||on|||||\u00a0\u00bb header_3_text_color=\u00a0\u00bb#18305D\u00a0\u00bb header_3_font_size=\u00a0\u00bb18px\u00a0\u00bb hover_enabled=\u00a0\u00bb0&Prime; global_colors_info=\u00a0\u00bb{}\u00a0\u00bb theme_builder_area=\u00a0\u00bbpost_content\u00a0\u00bb sticky_enabled=\u00a0\u00bb0&Prime;]<\/p>\n<p><strong>FORMATION<\/strong><\/p>\n<ul>\n<li>Doctorat en Sciences de Gestion (Universit\u00e9 de Montpellier 2, 1997)<\/li>\n<li>Habilitation \u00e0 Diriger des Recherches (Universit\u00e9 de Montpellier 2, 2008)<\/li>\n<\/ul>\n<p>&nbsp;<\/p>\n<p><strong>TH\u00c9MATIQUE(S) DE RECHERCHE<\/strong><\/p>\n<p>Mes int\u00e9r\u00eats de recherche portent sur des probl\u00e9matiques ETHIQUES en management. Je m\u2019int\u00e9resse\u00a0:<\/p>\n<ul>\n<li>aux incidences environnementales et soci\u00e9tales des activit\u00e9s \u00e9conomiques et manag\u00e9riales (en particulier l\u2019impact du num\u00e9rique sur les \u00e9co-syst\u00e8mes),<\/li>\n<li>aux probl\u00e8mes d\u2019\u00e9thique et d\u2019\u00e9quit\u00e9 sur le lieu de travail (particuli\u00e8rement le respect de la vie priv\u00e9e en lien avec les outils num\u00e9riques et l\u2019\u00e9galit\u00e9 professionnelle entre hommes et femmes),<\/li>\n<li>aux innovations p\u00e9dagogiques pour l\u2019enseignement de la responsabilit\u00e9 (connaissance de soi et communication interpersonnelle pour un management \u00e9thique et une science en conscience),<\/li>\n<li>\u00e0 la sant\u00e9 et au bien-\u00eatre sur le lieu de travail (en particulier le r\u00f4le jou\u00e9 par les Technologies de l\u2019Information et de la Communication sur la sant\u00e9 et le bien-\u00eatre).<\/li>\n<\/ul>\n<p>&nbsp;<\/p>\n<p><strong>PRINCIPALES PUBLICATIONS<\/strong><\/p>\n<ul>\n<li>RODHAIN Florence (2019), \u00ab\u00a0La nouvelle religion du num\u00e9rique. Le num\u00e9rique est-il \u00e9cologique\u00a0?\u00a0\u00bb, \u00e9ditions EMS et Libre et Solidaire, ao\u00fbt 2019, 132 pages. OUVRAGE LABELISE FNEGE dans la cat\u00e9gorie\u00a0: Essai.<\/li>\n<li>RODHAIN Florence (2018), \u00ab Electronic Waste Dumped in the Global South: Ethical Issues in Practices and Research \u00bb, in <strong><em>The Path of Ethics In Research,<\/em><\/strong> Editions l\u2019Harmattan, pp.95-101.<\/li>\n<li>RODHAIN Florence (2007), \u00ab\u00a0Changer les mots \u00e0 d\u00e9faut de soigner les maux\u00a0? Critique du d\u00e9veloppement durable\u00a0\u00bb, <strong>Revue Fran\u00e7aise de Gestion (RFG)<\/strong>, vol.33, n\u00b0176, ao\u00fbt-septembre, pp.203-210.<\/li>\n<li>RODHAIN Florence et RODHAIN Ang\u00e9lique (2012), \u00ab Pour une \u00e9thique des Sciences du Management\u00a0: Formation \u00e0 la Connaissance de Soi\u00a0\u00bb, <strong>La Revue des Sciences de Gestion, <\/strong>num\u00e9ro \u00ab\u00a0G\u00e9rer Autrement\u00a0\u00bb, Janvier-F\u00e9vrier, pp.43-50.<\/li>\n<li>RODHAIN Ang\u00e9lique, BELGHITI-MAHUT Sophia, LAFONT Anne-Laurence, RODHAIN Florence (2020), \u00ab\u00a0Parenting: towards a model to articulate work and private life of women entrepreneurs \u00bb, <strong>Revue de l&rsquo;entrepreneuriat (special issue \u201cEntrepreneurship and parenthood: a forgotten dimension?\u201d),<\/strong> n\u00b03, pp.17-41.<\/li>\n<li>RODHAIN Florence, FALLERY Bernard, GIRARD Aur\u00e9lie et DESQ Sylvie (2010), \u00ab Une histoire de la recherche en Syst\u00e8mes d\u2019Information \u00e0 travers 30 ans de publications\u00a0\u00bb, <strong>Revue Entreprises et Histoire<\/strong>, n\u00b060, Septembre, pp. 78-97.<\/li>\n<li><em>RODHAIN Florence et AGARWAL Ritu (2001), \u00ab\u00a0Le message \u00e9lectronique\u00a0: une propri\u00e9t\u00e9 priv\u00e9e\u00a0? Perception des salari\u00e9s quant \u00e0 la propri\u00e9t\u00e9 de leurs courriels et au respect de leur vie priv\u00e9e sur le lieu de travail\u00a0\u00bb (2001), <strong>Syst\u00e8me d\u2019Information et Management (SIM), <\/strong>N\u00b04, Vol.6, d\u00e9cembre, pp.49-72.<\/em><\/li>\n<\/ul>\n<p><strong>\u00a0<\/strong><\/p>\n<p>&nbsp;<\/p>\n<p><strong>ENSEIGNEMENTS<\/strong><\/p>\n<p>Mes enseignements portent sur la communication, le leadership et la connaissance de soi, le management d\u2019entreprise et le lien entre le num\u00e9rique et l\u2019\u00e9cologie.<\/p>\n<ul style=\"font-weight: 400;\"><\/ul>\n<p style=\"font-weight: 400;\">[\/et_pb_text][\/et_pb_column][\/et_pb_row][\/et_pb_section]<\/p>\n","protected":false},"excerpt":{"rendered":"<p>Florence RODHAIN Professeure en Syst\u00e8mes d\u2019Information \u00e0 l\u2019Ecole Polytechnique Universitaire de MontpellierCoordonn\u00e9es Polytech\u2019Montpellier Place Eug\u00e8ne Bataillon 34095 Montpellier C\u00e9dex 5 Email : florence.rodhain[a]umontpellier.frFORMATION Doctorat en Sciences de Gestion (Universit\u00e9 de Montpellier 2, 1997) Habilitation \u00e0 Diriger des Recherches (Universit\u00e9 de Montpellier 2, 2008) &nbsp; TH\u00c9MATIQUE(S) DE RECHERCHE Mes int\u00e9r\u00eats de recherche portent sur des probl\u00e9matiques [&hellip;]<\/p>\n","protected":false},"author":4,"featured_media":0,"parent":0,"menu_order":0,"comment_status":"closed","ping_status":"closed","template":"","meta":{"_et_pb_use_builder":"on","_et_pb_old_content":"","_et_gb_content_width":"","footnotes":""},"class_list":["post-3207","page","type-page","status-publish","hentry"],"yoast_head":"<!-- This site is optimized with the Yoast SEO plugin v23.4 - https:\/\/yoast.com\/wordpress\/plugins\/seo\/ -->\n<title>Membres - Florence Rodhain - Lab Entreprendre<\/title>\n<meta name=\"robots\" content=\"index, follow, max-snippet:-1, max-image-preview:large, max-video-preview:-1\" \/>\n<link rel=\"canonical\" href=\"https:\/\/labex-entreprendre.fr\/?page_id=3207\" \/>\n<meta property=\"og:locale\" content=\"fr_FR\" \/>\n<meta property=\"og:type\" content=\"article\" \/>\n<meta property=\"og:title\" content=\"Membres - Florence Rodhain - Lab Entreprendre\" \/>\n<meta property=\"og:description\" content=\"Florence RODHAIN Professeure en Syst\u00e8mes d\u2019Information \u00e0 l\u2019Ecole Polytechnique Universitaire de MontpellierCoordonn\u00e9es Polytech\u2019Montpellier Place Eug\u00e8ne Bataillon 34095 Montpellier C\u00e9dex 5 Email : florence.rodhain[a]umontpellier.frFORMATION Doctorat en Sciences de Gestion (Universit\u00e9 de Montpellier 2, 1997) Habilitation \u00e0 Diriger des Recherches (Universit\u00e9 de Montpellier 2, 2008) &nbsp; TH\u00c9MATIQUE(S) DE RECHERCHE Mes int\u00e9r\u00eats de recherche portent sur des probl\u00e9matiques [&hellip;]\" \/>\n<meta property=\"og:url\" content=\"https:\/\/labex-entreprendre.fr\/?page_id=3207\" \/>\n<meta property=\"og:site_name\" content=\"Lab Entreprendre\" \/>\n<meta property=\"article:modified_time\" content=\"2023-01-16T08:49:44+00:00\" \/>\n<meta name=\"twitter:card\" content=\"summary_large_image\" \/>\n<meta name=\"twitter:label1\" content=\"Dur\u00e9e de lecture estim\u00e9e\" \/>\n\t<meta name=\"twitter:data1\" content=\"5 minutes\" \/>\n<script type=\"application\/ld+json\" class=\"yoast-schema-graph\">{\"@context\":\"https:\/\/schema.org\",\"@graph\":[{\"@type\":\"WebPage\",\"@id\":\"https:\/\/labex-entreprendre.fr\/?page_id=3207\",\"url\":\"https:\/\/labex-entreprendre.fr\/?page_id=3207\",\"name\":\"Membres - Florence Rodhain - Lab Entreprendre\",\"isPartOf\":{\"@id\":\"https:\/\/labex-entreprendre.fr\/#website\"},\"datePublished\":\"2023-01-16T08:49:00+00:00\",\"dateModified\":\"2023-01-16T08:49:44+00:00\",\"breadcrumb\":{\"@id\":\"https:\/\/labex-entreprendre.fr\/?page_id=3207#breadcrumb\"},\"inLanguage\":\"fr-FR\",\"potentialAction\":[{\"@type\":\"ReadAction\",\"target\":[\"https:\/\/labex-entreprendre.fr\/?page_id=3207\"]}]},{\"@type\":\"BreadcrumbList\",\"@id\":\"https:\/\/labex-entreprendre.fr\/?page_id=3207#breadcrumb\",\"itemListElement\":[{\"@type\":\"ListItem\",\"position\":1,\"name\":\"Home\",\"item\":\"https:\/\/labex-entreprendre.fr\/\"},{\"@type\":\"ListItem\",\"position\":2,\"name\":\"Membres &#8211; Florence Rodhain\"}]},{\"@type\":\"WebSite\",\"@id\":\"https:\/\/labex-entreprendre.fr\/#website\",\"url\":\"https:\/\/labex-entreprendre.fr\/\",\"name\":\"Lab Entreprendre\",\"description\":\"Universit\u00e9 de Montpellier\",\"potentialAction\":[{\"@type\":\"SearchAction\",\"target\":{\"@type\":\"EntryPoint\",\"urlTemplate\":\"https:\/\/labex-entreprendre.fr\/?s={search_term_string}\"},\"query-input\":{\"@type\":\"PropertyValueSpecification\",\"valueRequired\":true,\"valueName\":\"search_term_string\"}}],\"inLanguage\":\"fr-FR\"}]}<\/script>\n<!-- \/ Yoast SEO plugin. -->","yoast_head_json":{"title":"Membres - Florence Rodhain - Lab Entreprendre","robots":{"index":"index","follow":"follow","max-snippet":"max-snippet:-1","max-image-preview":"max-image-preview:large","max-video-preview":"max-video-preview:-1"},"canonical":"https:\/\/labex-entreprendre.fr\/?page_id=3207","og_locale":"fr_FR","og_type":"article","og_title":"Membres - Florence Rodhain - Lab Entreprendre","og_description":"Florence RODHAIN Professeure en Syst\u00e8mes d\u2019Information \u00e0 l\u2019Ecole Polytechnique Universitaire de MontpellierCoordonn\u00e9es Polytech\u2019Montpellier Place Eug\u00e8ne Bataillon 34095 Montpellier C\u00e9dex 5 Email : florence.rodhain[a]umontpellier.frFORMATION Doctorat en Sciences de Gestion (Universit\u00e9 de Montpellier 2, 1997) Habilitation \u00e0 Diriger des Recherches (Universit\u00e9 de Montpellier 2, 2008) &nbsp; TH\u00c9MATIQUE(S) DE RECHERCHE Mes int\u00e9r\u00eats de recherche portent sur des probl\u00e9matiques [&hellip;]","og_url":"https:\/\/labex-entreprendre.fr\/?page_id=3207","og_site_name":"Lab Entreprendre","article_modified_time":"2023-01-16T08:49:44+00:00","twitter_card":"summary_large_image","twitter_misc":{"Dur\u00e9e de lecture estim\u00e9e":"5 minutes"},"schema":{"@context":"https:\/\/schema.org","@graph":[{"@type":"WebPage","@id":"https:\/\/labex-entreprendre.fr\/?page_id=3207","url":"https:\/\/labex-entreprendre.fr\/?page_id=3207","name":"Membres - Florence Rodhain - Lab Entreprendre","isPartOf":{"@id":"https:\/\/labex-entreprendre.fr\/#website"},"datePublished":"2023-01-16T08:49:00+00:00","dateModified":"2023-01-16T08:49:44+00:00","breadcrumb":{"@id":"https:\/\/labex-entreprendre.fr\/?page_id=3207#breadcrumb"},"inLanguage":"fr-FR","potentialAction":[{"@type":"ReadAction","target":["https:\/\/labex-entreprendre.fr\/?page_id=3207"]}]},{"@type":"BreadcrumbList","@id":"https:\/\/labex-entreprendre.fr\/?page_id=3207#breadcrumb","itemListElement":[{"@type":"ListItem","position":1,"name":"Home","item":"https:\/\/labex-entreprendre.fr\/"},{"@type":"ListItem","position":2,"name":"Membres &#8211; Florence Rodhain"}]},{"@type":"WebSite","@id":"https:\/\/labex-entreprendre.fr\/#website","url":"https:\/\/labex-entreprendre.fr\/","name":"Lab Entreprendre","description":"Universit\u00e9 de Montpellier","potentialAction":[{"@type":"SearchAction","target":{"@type":"EntryPoint","urlTemplate":"https:\/\/labex-entreprendre.fr\/?s={search_term_string}"},"query-input":{"@type":"PropertyValueSpecification","valueRequired":true,"valueName":"search_term_string"}}],"inLanguage":"fr-FR"}]}},"_links":{"self":[{"href":"https:\/\/labex-entreprendre.fr\/index.php?rest_route=\/wp\/v2\/pages\/3207","targetHints":{"allow":["GET"]}}],"collection":[{"href":"https:\/\/labex-entreprendre.fr\/index.php?rest_route=\/wp\/v2\/pages"}],"about":[{"href":"https:\/\/labex-entreprendre.fr\/index.php?rest_route=\/wp\/v2\/types\/page"}],"author":[{"embeddable":true,"href":"https:\/\/labex-entreprendre.fr\/index.php?rest_route=\/wp\/v2\/users\/4"}],"replies":[{"embeddable":true,"href":"https:\/\/labex-entreprendre.fr\/index.php?rest_route=%2Fwp%2Fv2%2Fcomments&post=3207"}],"version-history":[{"count":3,"href":"https:\/\/labex-entreprendre.fr\/index.php?rest_route=\/wp\/v2\/pages\/3207\/revisions"}],"predecessor-version":[{"id":3212,"href":"https:\/\/labex-entreprendre.fr\/index.php?rest_route=\/wp\/v2\/pages\/3207\/revisions\/3212"}],"wp:attachment":[{"href":"https:\/\/labex-entreprendre.fr\/index.php?rest_route=%2Fwp%2Fv2%2Fmedia&parent=3207"}],"curies":[{"name":"wp","href":"https:\/\/api.w.org\/{rel}","templated":true}]}}