{"id":3176,"date":"2022-12-14T10:22:55","date_gmt":"2022-12-14T09:22:55","guid":{"rendered":"https:\/\/labex-entreprendre.fr\/?page_id=3176"},"modified":"2023-01-16T10:31:47","modified_gmt":"2023-01-16T09:31:47","slug":"membres-frederic-le-roy","status":"publish","type":"page","link":"https:\/\/labex-entreprendre.fr\/?page_id=3176","title":{"rendered":"Membres &#8211; Fr\u00e9d\u00e9ric Le Roy"},"content":{"rendered":"<p>[et_pb_section fb_built=\u00a0\u00bb1&Prime; _builder_version=\u00a0\u00bb4.16&Prime; _module_preset=\u00a0\u00bbdefault\u00a0\u00bb locked=\u00a0\u00bboff\u00a0\u00bb global_colors_info=\u00a0\u00bb{}\u00a0\u00bb][et_pb_row _builder_version=\u00a0\u00bb4.16&Prime; _module_preset=\u00a0\u00bbdefault\u00a0\u00bb global_colors_info=\u00a0\u00bb{}\u00a0\u00bb][et_pb_column type=\u00a0\u00bb4_4&Prime; _builder_version=\u00a0\u00bb4.16&Prime; _module_preset=\u00a0\u00bbdefault\u00a0\u00bb global_colors_info=\u00a0\u00bb{}\u00a0\u00bb][et_pb_text _builder_version=\u00a0\u00bb4.17.4&Prime; _module_preset=\u00a0\u00bbdefault\u00a0\u00bb text_font=\u00a0\u00bb|600||on|||||\u00a0\u00bb text_text_color=\u00a0\u00bb#18305D\u00a0\u00bb header_3_font=\u00a0\u00bb|700||on|||||\u00a0\u00bb header_3_text_color=\u00a0\u00bb#18305D\u00a0\u00bb global_colors_info=\u00a0\u00bb{}\u00a0\u00bb]<\/p>\n<h3><span style=\"color: #993366;\">Fr\u00e9d\u00e9ric LE ROY<\/span><\/h3>\n<p>Professeur \u2013 Universit\u00e9 de Montpellier (MOMA) \u2013 Laboratoire MRM<\/p>\n<p>[\/et_pb_text][\/et_pb_column][\/et_pb_row][et_pb_row column_structure=\u00a0\u00bb1_3,2_3&Prime; custom_padding_last_edited=\u00a0\u00bbon|desktop\u00a0\u00bb module_class=\u00a0\u00bbprofiles\u00a0\u00bb _builder_version=\u00a0\u00bb4.16&Prime; _module_preset=\u00a0\u00bbdefault\u00a0\u00bb background_color=\u00a0\u00bbRGBA(0,0,0,0)\u00a0\u00bb custom_margin=\u00a0\u00bb40px||||false|false\u00a0\u00bb custom_padding=\u00a0\u00bb0px|0px|0px|0px|true|true\u00a0\u00bb custom_padding_tablet=\u00a0\u00bb80px|80px|80px|80px|true|true\u00a0\u00bb custom_padding_phone=\u00a0\u00bb0px|0px|0px|0px|true|true\u00a0\u00bb locked=\u00a0\u00bboff\u00a0\u00bb global_colors_info=\u00a0\u00bb{}\u00a0\u00bb][et_pb_column type=\u00a0\u00bb1_3&Prime; _builder_version=\u00a0\u00bb4.16&Prime; _module_preset=\u00a0\u00bbdefault\u00a0\u00bb background_enable_image=\u00a0\u00bboff\u00a0\u00bb global_colors_info=\u00a0\u00bb{}\u00a0\u00bb][et_pb_image src=\u00a0\u00bbhttps:\/\/labex-entreprendre.fr\/wp-content\/uploads\/2022\/12\/Frederic-le-roy.jpg\u00a0\u00bb title_text=\u00a0\u00bbFrederic le roy\u00a0\u00bb _builder_version=\u00a0\u00bb4.17.4&Prime; _module_preset=\u00a0\u00bbdefault\u00a0\u00bb global_colors_info=\u00a0\u00bb{}\u00a0\u00bb][\/et_pb_image][et_pb_text _builder_version=\u00a0\u00bb4.17.4&Prime; _module_preset=\u00a0\u00bbdefault\u00a0\u00bb text_font=\u00a0\u00bbSource Sans Pro||||||||\u00a0\u00bb text_text_color=\u00a0\u00bb#18305D\u00a0\u00bb text_line_height=\u00a0\u00bb1.3em\u00a0\u00bb header_font=\u00a0\u00bb|800|||||||\u00a0\u00bb header_text_color=\u00a0\u00bb#8E2DAF\u00a0\u00bb header_2_font=\u00a0\u00bb|800|||||||\u00a0\u00bb header_2_text_color=\u00a0\u00bb#18305D\u00a0\u00bb header_3_font=\u00a0\u00bbSource Sans Pro|700||on|||||\u00a0\u00bb header_3_text_color=\u00a0\u00bb#18305D\u00a0\u00bb header_3_font_size=\u00a0\u00bb18px\u00a0\u00bb hover_enabled=\u00a0\u00bb0&Prime; global_colors_info=\u00a0\u00bb{}\u00a0\u00bb sticky_enabled=\u00a0\u00bb0&Prime;]<\/p>\n<h3>Coordonn\u00e9es<\/h3>\n<p>Montpellier Management, Espace Richter, B\u00e2t. E, Rue Vend\u00e9miaire,\u00a0 19519 &#8211; 34 960 Montpellier Cedex 2<\/p>\n<p><strong>Email :<\/strong> <a href=\"mailto:frederic.le-roy@umontpellier.fr\">frederic.le-roy[a]umontpellier.fr<\/a><\/p>\n<p><strong>T\u00e9l\u00e9phone : <\/strong>04 34 43 21 14<\/p>\n<p>[\/et_pb_text][et_pb_button button_url=\u00a0\u00bbhttps:\/\/www.montpellier-management.fr\/liste-des-enseignant-chercheur\/frederic-le-roy\/\u00a0\u00bb button_text=\u00a0\u00bbEn savoir plus\u00a0\u00bb button_alignment=\u00a0\u00bbcenter\u00a0\u00bb _builder_version=\u00a0\u00bb4.17.4&Prime; custom_button=\u00a0\u00bbon\u00a0\u00bb button_text_size=\u00a0\u00bb14px\u00a0\u00bb button_text_color=\u00a0\u00bb#FFFFFF\u00a0\u00bb button_bg_color=\u00a0\u00bb#8E2DAF\u00a0\u00bb button_border_width=\u00a0\u00bb0px\u00a0\u00bb button_border_color=\u00a0\u00bb#FFFFFF\u00a0\u00bb button_border_radius=\u00a0\u00bb0px\u00a0\u00bb button_letter_spacing=\u00a0\u00bb1px\u00a0\u00bb button_font=\u00a0\u00bb|700||on|||||\u00a0\u00bb button_icon=\u00a0\u00bb&#xf061;||fa||900&Prime; custom_margin=\u00a0\u00bb0px||||false|false\u00a0\u00bb custom_padding=\u00a0\u00bb14px|40px|14px|40px|true|false\u00a0\u00bb locked=\u00a0\u00bboff\u00a0\u00bb global_colors_info=\u00a0\u00bb{}\u00a0\u00bb button_bg_color__hover_enabled=\u00a0\u00bbon\u00a0\u00bb box_shadow_vertical__hover=\u00a0\u00bb200px\u00a0\u00bb box_shadow_horizontal__hover_enabled=\u00a0\u00bbon\u00a0\u00bb box_shadow_horizontal__hover=\u00a0\u00bb350px\u00a0\u00bb button_text_color__hover_enabled=\u00a0\u00bbon|hover\u00a0\u00bb button_text_color__hover=\u00a0\u00bb#56BADE\u00a0\u00bb button_bg_color__hover=\u00a0\u00bbrgba(255,255,255,0)\u00a0\u00bb][\/et_pb_button][\/et_pb_column][et_pb_column type=\u00a0\u00bb2_3&Prime; _builder_version=\u00a0\u00bb4.16&Prime; _module_preset=\u00a0\u00bbdefault\u00a0\u00bb background_enable_image=\u00a0\u00bboff\u00a0\u00bb global_colors_info=\u00a0\u00bb{}\u00a0\u00bb][et_pb_text _builder_version=\u00a0\u00bb4.17.4&Prime; _module_preset=\u00a0\u00bbdefault\u00a0\u00bb text_font=\u00a0\u00bbSource Sans Pro||||||||\u00a0\u00bb text_text_color=\u00a0\u00bb#18305D\u00a0\u00bb text_line_height=\u00a0\u00bb1.3em\u00a0\u00bb header_font=\u00a0\u00bb|800|||||||\u00a0\u00bb header_text_color=\u00a0\u00bb#8E2DAF\u00a0\u00bb header_2_font=\u00a0\u00bb|800|||||||\u00a0\u00bb header_2_text_color=\u00a0\u00bb#18305D\u00a0\u00bb header_3_font=\u00a0\u00bbSource Sans Pro|700||on|||||\u00a0\u00bb header_3_text_color=\u00a0\u00bb#18305D\u00a0\u00bb header_3_font_size=\u00a0\u00bb18px\u00a0\u00bb global_colors_info=\u00a0\u00bb{}\u00a0\u00bb]<\/p>\n<p style=\"font-weight: 400;\"><strong>FONCTIONS<\/strong><\/p>\n<ul style=\"font-weight: 400;\">\n<li>Directeur du Master 2 <em>Strat\u00e9gie-Innovation-Conseil<\/em> (<em>Strat\u2019Innov<\/em>)<\/li>\n<li>Directeur du programme <em>Coopetition Lab<\/em> du Labex Entreprendre<\/li>\n<li>Directeur de la chaire <em>Coo-Innov<\/em> (<em>Coop\u00e9tition et Ecosyst\u00e8mes d\u2019innovation<\/em>) de la Fondation de l\u2019Universit\u00e9 de Montpellier<\/li>\n<\/ul>\n<p>&nbsp;<\/p>\n<p style=\"font-weight: 400;\"><strong>FORMATION<\/strong><\/p>\n<ul style=\"font-weight: 400;\">\n<li>1999 Agr\u00e9gation des Universit\u00e9s en Sciences de Gestion.<\/li>\n<li>1994 Doctorat en Sciences de Gestion, Universit\u00e9 de Montpellier I, mention tr\u00e8s honorable avec les f\u00e9licitations du jury<\/li>\n<li>1991 DEA Sciences de Gestion, Universit\u00e9 de Montpellier I, mention bien<\/li>\n<\/ul>\n<p>&nbsp;<\/p>\n<p style=\"font-weight: 400;\"><strong>TH\u00c9MATIQUE(S) DE RECHERCHE<\/strong><\/p>\n<ol>\n<li style=\"list-style-type: none;\">\n<ol>\n<li><strong><\/strong> <span style=\"text-decoration: underline;\">Strat\u00e9gie de coop\u00e9tition, d\u2019alliance et de partenariat\u00a0:<\/span> dans cet axe majeur, les recherches portent sur les nouvelles formes de relations inter-entreprises comme la coop\u00e9tition, les \u00e9cosyst\u00e8mes, les r\u00e9seaux d\u2019innovation, les alliances, etc.<\/li>\n<li><span style=\"text-decoration: underline;\">Innovation et entrepreneuriat :<\/span> dans cet axe mineur les recherches portent, d\u2019une part, sur les innovations strat\u00e9giques et manag\u00e9riales et, d\u2019autre part, sur l\u2019entrepreneuriat dans les hautes technologies, ses facteurs et localisation et ses facteurs de succ\u00e8s.<\/li>\n<\/ol>\n<\/li>\n<\/ol>\n<p style=\"font-weight: 400;\"><strong>PRINCIPALES PUBLICATIONS<\/strong><\/p>\n<ul>\n<li>Le Roy F., Robert F., Hamouti R. (2022), \u201cVertical <em>vs<\/em> horizontal coopetition and the market performance of product innovation: An empirical study of the video game industry\u201d, <em>Technovation<\/em>, <a href=\"https:\/\/www.sciencedirect.com\/journal\/technovation\/vol\/112\/suppl\/C\">Vol. 112<\/a>, April, 102411 (HCERES A, CNRS 2, FNEGE 2).<\/li>\n<\/ul>\n<ul>\n<li>Le Roy F., Bez M., Gast J. (2021), \u201cUnpacking the Management of Oligo-Coopetition Strategies in the Absence of a Moderating Third Party\u201d, <em>Industrial Marketing Management, <\/em> 98, p. 125\u2013137 (HCERES A, CNRS 2, FNEGE 2).<\/li>\n<li>Czakon W., Srivastava, Le Roy F., Gnyawali D., (2020), \u201cCoopetition Strategies: Critical Issues and Research Directions\u201d, <em>Long Range Planning<\/em>, Vol. 23, n\u00b01 (HCERES A, CNRS 2, FNEGE 2).<\/li>\n<li>Granata J., Lasch F., Le Roy F., Dana L-P. (2018), \u201cHow do micro-firms manage coopetition? A study of the wine sector in France\u201d, <em>International Small Business Journal, <\/em><span> 36, 3<\/span>, pp. 331-355 (HCERES A, CNRS 2, FNEGE 2).<\/li>\n<li>Fernandez A.-S., Le Roy F., Chiambaretto P. (2018), \u201c<span>Implementing the right project structure to achieve coopetitive innovation projects\u201d, <em>Long Range Planning, <\/em> <\/span>51, n\u00b02, p. 384\u2013405 (HCERES A, CNRS 2, FNEGE 2).<\/li>\n<li>Robert M., Chiambaretto P., Mira B., Le Roy F. (2018), \u201cBetter, faster, stronger: the impact of market-oriented coopetition on commercial product performance\u201d, <em>M@n@gement<\/em><strong>, <\/strong> 21, n\u00b01, p. 574\u2013610 (HCERES A, CNRS 2, FNEGE 2).<\/li>\n<li>Chiambaretto P., Gurau C., Le Roy F., (2016), \u201cCoopetitive branding: Definition, typology, benefit and risks\u201d, <em>Industrial Marketing Management<\/em>, 57, p. 86-96. (HCERES A, CNRS 2, FNEGE 2).<\/li>\n<li>Le Roy F., Czakon W. (2016), \u201cManaging Coopetition: the missing link between strategy and performance\u201d, <em>Industrial Marketing Management<\/em>, Vol. 53, p. 3-6 (HCERES A, CNRS 2, FNEGE 2).<\/li>\n<li>Sanou H. Le Roy F., Gnyawali D. (2016), \u201cHow Does Centrality in Coopetition Network Matter? Empirical Investigation in the Mobile Telephone Industry\u201d, <em>British Journal of Management<\/em>, Vol. 27, 143\u2013160 (HCERES A, CNRS 2, FNEGE 2)<\/li>\n<li>Le Roy F., Fernandez A.S. (2015), \u201cManaging coopetitive tensions at the working-group level: The rise of the Coopetitive Project Team\u201d, <em>British Journal of Management<\/em>, 26, 671\u2013688 (HCERES A, CNRS 2, FNEGE 2)<\/li>\n<li>Fernandez A-S., Le Roy F., Gnyawali D. (2014), \u201cSources and Management of Tension in Coopetition Case Evidence from Telecommunications Satellites Manufacturing in Europe\u201d, <em>Industrial Marketing Management<\/em>, Vol. 43, n\u00b02, p. 222-235 (HCERES A, CNRS 2, FNEGE 2).<\/li>\n<\/ul>\n<p>&nbsp;<\/p>\n<p style=\"font-weight: 400;\"><strong>ENSEIGNEMENTS<\/strong><\/p>\n<p style=\"padding-left: 40px;\">Analyse Strat\u00e9gique, Master (M2) <em>Strat\u00e9gie-Innovation-Conseil<\/em>, Universit\u00e9 Montpellier, MOMA.<\/p>\n<p style=\"padding-left: 40px;\">Mission de conseil en strat\u00e9gie, Master (M2) <em>Strat\u00e9gie-Innovation-Conseil<\/em><em>, <\/em>Universit\u00e9 Montpellier, MOMA.<\/p>\n<p style=\"padding-left: 40px;\">Management Strat\u00e9gique approfondi, Master (M1) <em>Strat\u00e9gie-Innovation-Conseil<\/em>, Universit\u00e9 Montpellier, MOMA.<\/p>\n<p style=\"padding-left: 40px;\">Etudes de cas de strat\u00e9gie, Master (M1) <em>Strat\u00e9gie-Innovation-Conseil<\/em>, Universit\u00e9 Montpellier, MOMA.<\/p>\n<p style=\"padding-left: 40px;\">Techniques d\u2019enqu\u00eates, Licence (L3) <em>Management et Strat\u00e9gie<\/em>, Universit\u00e9 Montpellier, MOMA.<\/p>\n<p style=\"padding-left: 40px;\">Research in Business and Strategy, <em>Programme Grande \u00c9cole 2<\/em>, Montpellier Business School.<\/p>\n<p style=\"padding-left: 40px;\">Management des alliances et de la coop\u00e9tition, Master (M2)<em> Strat\u00e9gie et Organisation<\/em>, Universit\u00e9 Paris-Dauphine.<\/p>\n<p style=\"padding-left: 40px;\">\n<p style=\"font-weight: 400;\"><strong>TRANSFERT ET VALORISATION DE LA RECHERCHE<\/strong><\/p>\n<p style=\"font-weight: 400;\"><strong><\/strong><\/p>\n<ul style=\"font-weight: 400;\">\n<li>Cr\u00e9ation de la Chaire Coo-Innov (Coop\u00e9tition et Ecosyst\u00e8me d\u2019Innovation) <a href=\"https:\/\/www.chairecooinnov.com\/\">https:\/\/www.chairecooinnov.com\/<\/a><\/li>\n<li>R\u00e9alisation du MOOC MAPS (Management des alliances, des partenariats et de la coop\u00e9tition) <a href=\"https:\/\/www.fun-mooc.fr\/fr\/cours\/maps-management-des-alliances-des-partenariats-et-de-la-coopetition\/\">https:\/\/www.fun-mooc.fr\/fr\/cours\/maps-management-des-alliances-des-partenariats-et-de-la-coopetition\/<\/a><\/li>\n<\/ul>\n<p>[\/et_pb_text][\/et_pb_column][\/et_pb_row][\/et_pb_section]<\/p>\n","protected":false},"excerpt":{"rendered":"<p>Fr\u00e9d\u00e9ric LE ROY Professeur \u2013 Universit\u00e9 de Montpellier (MOMA) \u2013 Laboratoire MRMCoordonn\u00e9es Montpellier Management, Espace Richter, B\u00e2t. E, Rue Vend\u00e9miaire,\u00a0 19519 &#8211; 34 960 Montpellier Cedex 2 Email : frederic.le-roy[a]umontpellier.fr T\u00e9l\u00e9phone : 04 34 43 21 14FONCTIONS Directeur du Master 2 Strat\u00e9gie-Innovation-Conseil (Strat\u2019Innov) Directeur du programme Coopetition Lab du Labex Entreprendre Directeur de la chaire [&hellip;]<\/p>\n","protected":false},"author":4,"featured_media":0,"parent":0,"menu_order":0,"comment_status":"closed","ping_status":"closed","template":"","meta":{"_et_pb_use_builder":"on","_et_pb_old_content":"","_et_gb_content_width":"","footnotes":""},"class_list":["post-3176","page","type-page","status-publish","hentry"],"yoast_head":"<!-- This site is optimized with the Yoast SEO plugin v23.4 - https:\/\/yoast.com\/wordpress\/plugins\/seo\/ -->\n<title>Membres - Fr\u00e9d\u00e9ric Le Roy - Lab Entreprendre<\/title>\n<meta name=\"robots\" content=\"index, follow, max-snippet:-1, max-image-preview:large, max-video-preview:-1\" \/>\n<link rel=\"canonical\" href=\"https:\/\/labex-entreprendre.fr\/?page_id=3176\" \/>\n<meta property=\"og:locale\" content=\"fr_FR\" \/>\n<meta property=\"og:type\" content=\"article\" \/>\n<meta property=\"og:title\" content=\"Membres - Fr\u00e9d\u00e9ric Le Roy - Lab Entreprendre\" \/>\n<meta property=\"og:description\" content=\"Fr\u00e9d\u00e9ric LE ROY Professeur \u2013 Universit\u00e9 de Montpellier (MOMA) \u2013 Laboratoire MRMCoordonn\u00e9es Montpellier Management, Espace Richter, B\u00e2t. E, Rue Vend\u00e9miaire,\u00a0 19519 - 34 960 Montpellier Cedex 2 Email : frederic.le-roy[a]umontpellier.fr T\u00e9l\u00e9phone : 04 34 43 21 14FONCTIONS Directeur du Master 2 Strat\u00e9gie-Innovation-Conseil (Strat\u2019Innov) Directeur du programme Coopetition Lab du Labex Entreprendre Directeur de la chaire [&hellip;]\" \/>\n<meta property=\"og:url\" content=\"https:\/\/labex-entreprendre.fr\/?page_id=3176\" \/>\n<meta property=\"og:site_name\" content=\"Lab Entreprendre\" \/>\n<meta property=\"article:modified_time\" content=\"2023-01-16T09:31:47+00:00\" \/>\n<meta name=\"twitter:card\" content=\"summary_large_image\" \/>\n<meta name=\"twitter:label1\" content=\"Dur\u00e9e de lecture estim\u00e9e\" \/>\n\t<meta name=\"twitter:data1\" content=\"5 minutes\" \/>\n<script type=\"application\/ld+json\" class=\"yoast-schema-graph\">{\"@context\":\"https:\/\/schema.org\",\"@graph\":[{\"@type\":\"WebPage\",\"@id\":\"https:\/\/labex-entreprendre.fr\/?page_id=3176\",\"url\":\"https:\/\/labex-entreprendre.fr\/?page_id=3176\",\"name\":\"Membres - Fr\u00e9d\u00e9ric Le Roy - Lab Entreprendre\",\"isPartOf\":{\"@id\":\"https:\/\/labex-entreprendre.fr\/#website\"},\"datePublished\":\"2022-12-14T09:22:55+00:00\",\"dateModified\":\"2023-01-16T09:31:47+00:00\",\"breadcrumb\":{\"@id\":\"https:\/\/labex-entreprendre.fr\/?page_id=3176#breadcrumb\"},\"inLanguage\":\"fr-FR\",\"potentialAction\":[{\"@type\":\"ReadAction\",\"target\":[\"https:\/\/labex-entreprendre.fr\/?page_id=3176\"]}]},{\"@type\":\"BreadcrumbList\",\"@id\":\"https:\/\/labex-entreprendre.fr\/?page_id=3176#breadcrumb\",\"itemListElement\":[{\"@type\":\"ListItem\",\"position\":1,\"name\":\"Home\",\"item\":\"https:\/\/labex-entreprendre.fr\/\"},{\"@type\":\"ListItem\",\"position\":2,\"name\":\"Membres &#8211; Fr\u00e9d\u00e9ric Le Roy\"}]},{\"@type\":\"WebSite\",\"@id\":\"https:\/\/labex-entreprendre.fr\/#website\",\"url\":\"https:\/\/labex-entreprendre.fr\/\",\"name\":\"Lab Entreprendre\",\"description\":\"Universit\u00e9 de Montpellier\",\"potentialAction\":[{\"@type\":\"SearchAction\",\"target\":{\"@type\":\"EntryPoint\",\"urlTemplate\":\"https:\/\/labex-entreprendre.fr\/?s={search_term_string}\"},\"query-input\":{\"@type\":\"PropertyValueSpecification\",\"valueRequired\":true,\"valueName\":\"search_term_string\"}}],\"inLanguage\":\"fr-FR\"}]}<\/script>\n<!-- \/ Yoast SEO plugin. -->","yoast_head_json":{"title":"Membres - Fr\u00e9d\u00e9ric Le Roy - Lab Entreprendre","robots":{"index":"index","follow":"follow","max-snippet":"max-snippet:-1","max-image-preview":"max-image-preview:large","max-video-preview":"max-video-preview:-1"},"canonical":"https:\/\/labex-entreprendre.fr\/?page_id=3176","og_locale":"fr_FR","og_type":"article","og_title":"Membres - Fr\u00e9d\u00e9ric Le Roy - Lab Entreprendre","og_description":"Fr\u00e9d\u00e9ric LE ROY Professeur \u2013 Universit\u00e9 de Montpellier (MOMA) \u2013 Laboratoire MRMCoordonn\u00e9es Montpellier Management, Espace Richter, B\u00e2t. E, Rue Vend\u00e9miaire,\u00a0 19519 - 34 960 Montpellier Cedex 2 Email : frederic.le-roy[a]umontpellier.fr T\u00e9l\u00e9phone : 04 34 43 21 14FONCTIONS Directeur du Master 2 Strat\u00e9gie-Innovation-Conseil (Strat\u2019Innov) Directeur du programme Coopetition Lab du Labex Entreprendre Directeur de la chaire [&hellip;]","og_url":"https:\/\/labex-entreprendre.fr\/?page_id=3176","og_site_name":"Lab Entreprendre","article_modified_time":"2023-01-16T09:31:47+00:00","twitter_card":"summary_large_image","twitter_misc":{"Dur\u00e9e de lecture estim\u00e9e":"5 minutes"},"schema":{"@context":"https:\/\/schema.org","@graph":[{"@type":"WebPage","@id":"https:\/\/labex-entreprendre.fr\/?page_id=3176","url":"https:\/\/labex-entreprendre.fr\/?page_id=3176","name":"Membres - Fr\u00e9d\u00e9ric Le Roy - Lab Entreprendre","isPartOf":{"@id":"https:\/\/labex-entreprendre.fr\/#website"},"datePublished":"2022-12-14T09:22:55+00:00","dateModified":"2023-01-16T09:31:47+00:00","breadcrumb":{"@id":"https:\/\/labex-entreprendre.fr\/?page_id=3176#breadcrumb"},"inLanguage":"fr-FR","potentialAction":[{"@type":"ReadAction","target":["https:\/\/labex-entreprendre.fr\/?page_id=3176"]}]},{"@type":"BreadcrumbList","@id":"https:\/\/labex-entreprendre.fr\/?page_id=3176#breadcrumb","itemListElement":[{"@type":"ListItem","position":1,"name":"Home","item":"https:\/\/labex-entreprendre.fr\/"},{"@type":"ListItem","position":2,"name":"Membres &#8211; Fr\u00e9d\u00e9ric Le Roy"}]},{"@type":"WebSite","@id":"https:\/\/labex-entreprendre.fr\/#website","url":"https:\/\/labex-entreprendre.fr\/","name":"Lab Entreprendre","description":"Universit\u00e9 de Montpellier","potentialAction":[{"@type":"SearchAction","target":{"@type":"EntryPoint","urlTemplate":"https:\/\/labex-entreprendre.fr\/?s={search_term_string}"},"query-input":{"@type":"PropertyValueSpecification","valueRequired":true,"valueName":"search_term_string"}}],"inLanguage":"fr-FR"}]}},"_links":{"self":[{"href":"https:\/\/labex-entreprendre.fr\/index.php?rest_route=\/wp\/v2\/pages\/3176","targetHints":{"allow":["GET"]}}],"collection":[{"href":"https:\/\/labex-entreprendre.fr\/index.php?rest_route=\/wp\/v2\/pages"}],"about":[{"href":"https:\/\/labex-entreprendre.fr\/index.php?rest_route=\/wp\/v2\/types\/page"}],"author":[{"embeddable":true,"href":"https:\/\/labex-entreprendre.fr\/index.php?rest_route=\/wp\/v2\/users\/4"}],"replies":[{"embeddable":true,"href":"https:\/\/labex-entreprendre.fr\/index.php?rest_route=%2Fwp%2Fv2%2Fcomments&post=3176"}],"version-history":[{"count":4,"href":"https:\/\/labex-entreprendre.fr\/index.php?rest_route=\/wp\/v2\/pages\/3176\/revisions"}],"predecessor-version":[{"id":3233,"href":"https:\/\/labex-entreprendre.fr\/index.php?rest_route=\/wp\/v2\/pages\/3176\/revisions\/3233"}],"wp:attachment":[{"href":"https:\/\/labex-entreprendre.fr\/index.php?rest_route=%2Fwp%2Fv2%2Fmedia&parent=3176"}],"curies":[{"name":"wp","href":"https:\/\/api.w.org\/{rel}","templated":true}]}}