{"id":3163,"date":"2022-12-14T10:08:04","date_gmt":"2022-12-14T09:08:04","guid":{"rendered":"https:\/\/labex-entreprendre.fr\/?page_id=3163"},"modified":"2023-01-16T10:33:23","modified_gmt":"2023-01-16T09:33:23","slug":"3163-2","status":"publish","type":"page","link":"https:\/\/labex-entreprendre.fr\/?page_id=3163","title":{"rendered":"Membres &#8211; Constance Banc"},"content":{"rendered":"<p>[et_pb_section fb_built=\u00a0\u00bb1&Prime; _builder_version=\u00a0\u00bb4.16&Prime; _module_preset=\u00a0\u00bbdefault\u00a0\u00bb locked=\u00a0\u00bboff\u00a0\u00bb global_colors_info=\u00a0\u00bb{}\u00a0\u00bb][et_pb_row _builder_version=\u00a0\u00bb4.16&Prime; _module_preset=\u00a0\u00bbdefault\u00a0\u00bb global_colors_info=\u00a0\u00bb{}\u00a0\u00bb][et_pb_column type=\u00a0\u00bb4_4&Prime; _builder_version=\u00a0\u00bb4.16&Prime; _module_preset=\u00a0\u00bbdefault\u00a0\u00bb global_colors_info=\u00a0\u00bb{}\u00a0\u00bb][et_pb_text _builder_version=\u00a0\u00bb4.17.4&Prime; _module_preset=\u00a0\u00bbdefault\u00a0\u00bb text_font=\u00a0\u00bb|600||on|||||\u00a0\u00bb text_text_color=\u00a0\u00bb#18305D\u00a0\u00bb header_3_font=\u00a0\u00bb|700||on|||||\u00a0\u00bb header_3_text_color=\u00a0\u00bb#18305D\u00a0\u00bb global_colors_info=\u00a0\u00bb{}\u00a0\u00bb]<\/p>\n<h3><span style=\"color: #993366;\">Constance BANC<\/span><\/h3>\n<p>Ing\u00e9nieure de recherche en entrepreneuriat \u2013 LabEx Entreprendre \u2013 Chaire Entrepreneurial Ecosystem Lab<\/p>\n<p>[\/et_pb_text][\/et_pb_column][\/et_pb_row][et_pb_row column_structure=\u00a0\u00bb1_3,2_3&Prime; custom_padding_last_edited=\u00a0\u00bbon|desktop\u00a0\u00bb module_class=\u00a0\u00bbprofiles\u00a0\u00bb _builder_version=\u00a0\u00bb4.16&Prime; _module_preset=\u00a0\u00bbdefault\u00a0\u00bb background_color=\u00a0\u00bbRGBA(0,0,0,0)\u00a0\u00bb custom_margin=\u00a0\u00bb40px||||false|false\u00a0\u00bb custom_padding=\u00a0\u00bb0px|0px|0px|0px|true|true\u00a0\u00bb custom_padding_tablet=\u00a0\u00bb80px|80px|80px|80px|true|true\u00a0\u00bb custom_padding_phone=\u00a0\u00bb0px|0px|0px|0px|true|true\u00a0\u00bb locked=\u00a0\u00bboff\u00a0\u00bb global_colors_info=\u00a0\u00bb{}\u00a0\u00bb][et_pb_column type=\u00a0\u00bb1_3&Prime; _builder_version=\u00a0\u00bb4.16&Prime; _module_preset=\u00a0\u00bbdefault\u00a0\u00bb background_enable_image=\u00a0\u00bboff\u00a0\u00bb global_colors_info=\u00a0\u00bb{}\u00a0\u00bb][et_pb_image src=\u00a0\u00bbhttps:\/\/labex-entreprendre.fr\/wp-content\/uploads\/2022\/12\/Constance-BANC.jpg\u00a0\u00bb title_text=\u00a0\u00bbConstance BANC\u00a0\u00bb _builder_version=\u00a0\u00bb4.17.4&Prime; _module_preset=\u00a0\u00bbdefault\u00a0\u00bb global_colors_info=\u00a0\u00bb{}\u00a0\u00bb][\/et_pb_image][et_pb_text _builder_version=\u00a0\u00bb4.17.4&Prime; _module_preset=\u00a0\u00bbdefault\u00a0\u00bb text_font=\u00a0\u00bbSource Sans Pro||||||||\u00a0\u00bb text_text_color=\u00a0\u00bb#18305D\u00a0\u00bb text_line_height=\u00a0\u00bb1.3em\u00a0\u00bb header_font=\u00a0\u00bb|800|||||||\u00a0\u00bb header_text_color=\u00a0\u00bb#8E2DAF\u00a0\u00bb header_2_font=\u00a0\u00bb|800|||||||\u00a0\u00bb header_2_text_color=\u00a0\u00bb#18305D\u00a0\u00bb header_3_font=\u00a0\u00bbSource Sans Pro|700||on|||||\u00a0\u00bb header_3_text_color=\u00a0\u00bb#18305D\u00a0\u00bb header_3_font_size=\u00a0\u00bb18px\u00a0\u00bb hover_enabled=\u00a0\u00bb0&Prime; global_colors_info=\u00a0\u00bb{}\u00a0\u00bb sticky_enabled=\u00a0\u00bb0&Prime;]<\/p>\n<h3>Coordonn\u00e9es<\/h3>\n<p>Montpellier Management<br \/>Espace Richter \u2013 Rue Vend\u00e9miaire<br \/>34\u00a0000 Montpellier<\/p>\n<p><strong>Email :<\/strong> <a href=\"mailto:constance.banc@umontpellier.fr\">constance.banc[a]umontpellier.fr<\/a><\/p>\n<p><strong>T\u00e9l\u00e9phone : <\/strong>06 47 85 78 84<\/p>\n<p><strong>Bureau :<\/strong> D401bis<\/p>\n<p>[\/et_pb_text][et_pb_button button_url=\u00a0\u00bbhttps:\/\/www.linkedin.com\/in\/constance-banc\/\u00a0\u00bb button_text=\u00a0\u00bbEn savoir plus\u00a0\u00bb button_alignment=\u00a0\u00bbcenter\u00a0\u00bb _builder_version=\u00a0\u00bb4.17.4&Prime; custom_button=\u00a0\u00bbon\u00a0\u00bb button_text_size=\u00a0\u00bb14px\u00a0\u00bb button_text_color=\u00a0\u00bb#FFFFFF\u00a0\u00bb button_bg_color=\u00a0\u00bb#8E2DAF\u00a0\u00bb button_border_width=\u00a0\u00bb0px\u00a0\u00bb button_border_color=\u00a0\u00bb#FFFFFF\u00a0\u00bb button_border_radius=\u00a0\u00bb0px\u00a0\u00bb button_letter_spacing=\u00a0\u00bb1px\u00a0\u00bb button_font=\u00a0\u00bb|700||on|||||\u00a0\u00bb button_icon=\u00a0\u00bb&#xf061;||fa||900&Prime; custom_margin=\u00a0\u00bb0px||||false|false\u00a0\u00bb custom_padding=\u00a0\u00bb14px|40px|14px|40px|true|false\u00a0\u00bb locked=\u00a0\u00bboff\u00a0\u00bb global_colors_info=\u00a0\u00bb{}\u00a0\u00bb button_bg_color__hover_enabled=\u00a0\u00bbon\u00a0\u00bb box_shadow_vertical__hover=\u00a0\u00bb200px\u00a0\u00bb box_shadow_horizontal__hover_enabled=\u00a0\u00bbon\u00a0\u00bb box_shadow_horizontal__hover=\u00a0\u00bb350px\u00a0\u00bb button_text_color__hover_enabled=\u00a0\u00bbon|hover\u00a0\u00bb button_text_color__hover=\u00a0\u00bb#56BADE\u00a0\u00bb button_bg_color__hover=\u00a0\u00bbrgba(255,255,255,0)\u00a0\u00bb][\/et_pb_button][\/et_pb_column][et_pb_column type=\u00a0\u00bb2_3&Prime; _builder_version=\u00a0\u00bb4.16&Prime; _module_preset=\u00a0\u00bbdefault\u00a0\u00bb background_enable_image=\u00a0\u00bboff\u00a0\u00bb global_colors_info=\u00a0\u00bb{}\u00a0\u00bb][et_pb_text _builder_version=\u00a0\u00bb4.17.4&Prime; _module_preset=\u00a0\u00bbdefault\u00a0\u00bb text_font=\u00a0\u00bbSource Sans Pro||||||||\u00a0\u00bb text_text_color=\u00a0\u00bb#18305D\u00a0\u00bb text_line_height=\u00a0\u00bb1.3em\u00a0\u00bb header_font=\u00a0\u00bb|800|||||||\u00a0\u00bb header_text_color=\u00a0\u00bb#8E2DAF\u00a0\u00bb header_2_font=\u00a0\u00bb|800|||||||\u00a0\u00bb header_2_text_color=\u00a0\u00bb#18305D\u00a0\u00bb header_3_font=\u00a0\u00bbSource Sans Pro|700||on|||||\u00a0\u00bb header_3_text_color=\u00a0\u00bb#18305D\u00a0\u00bb header_3_font_size=\u00a0\u00bb18px\u00a0\u00bb custom_padding=\u00a0\u00bb||0px|||\u00a0\u00bb global_colors_info=\u00a0\u00bb{}\u00a0\u00bb]<\/p>\n<p style=\"font-weight: 400;\"><strong>\u00a0FONCTIONS<\/strong><\/p>\n<ul style=\"font-weight: 400;\">\n<li>Ing\u00e9nieure de recherche<\/li>\n<\/ul>\n<p style=\"font-weight: 400;\"><strong>FORMATION<\/strong><\/p>\n<ul style=\"font-weight: 400;\">\n<li>Doctorat en Sciences de Gestion et du Management, sp\u00e9cialit\u00e9 Entrepreneuriat<\/li>\n<\/ul>\n<p style=\"font-weight: 400;\"><strong>TH\u00c9MATIQUE(S) DE RECHERCHE<\/strong><\/p>\n<p>Mes recherches portent sur les strat\u00e9gies et pratiques institutionnelles des structures d\u2019accompagnement dans l\u2019\u00e9cosyst\u00e8me entrepreneurial, notamment les acc\u00e9l\u00e9rateurs corporate.<\/p>\n<p style=\"font-weight: 400;\">\n<p style=\"font-weight: 400;\"><strong>PRINCIPALES PUBLICATIONS<\/strong><\/p>\n<ul>\n<li>Constance Banc, Karim Messeghem. Discovering the entrepreneurial micro\u2010ecosystem: The case of a corporate accelerator.<span><\/span><em>Thunderbird International Business Review<\/em>, Wiley, 2020, 62 (5), pp.593-605.<span>\u00a0<\/span><a href=\"https:\/\/dx.doi.org\/10.1002\/tie.22159\">\u27e81002\/tie.22159\u27e9<\/a>.<span><\/span><\/li>\n<\/ul>\n<p style=\"font-weight: 400;\"><strong>ENSEIGNEMENTS<\/strong><\/p>\n<p>Mes enseignements portent sur la gestion, la strat\u00e9gie, la cr\u00e9ation et le d\u00e9veloppement d\u2019entreprises.<\/p>\n<p style=\"font-weight: 400;\">\n<p style=\"font-weight: 400;\"><strong>TRANSFERT ET VALORISATION DE LA RECHERCHE<\/strong><\/p>\n<p style=\"font-weight: 400; padding-left: 40px;\"><strong>Communications<\/strong><\/p>\n<ul style=\"font-weight: 400;\">\n<li style=\"list-style-type: none;\">\n<ol>\n<li><strong> <\/strong>Constance Banc. A contingency-based model of corporate accelerators\u2019 design. <em>BABSON College Entrepreneurship Research Conference<\/em>. June 2022, Baylor University, Waco, USA.<\/li>\n<li><strong> <\/strong>Constance Banc, Karim Messeghem. Perception de la l\u00e9gitimit\u00e9 \u00e9cosyst\u00e9mique entrepreneuriale par les entrepreneurs : le cas des acc\u00e9l\u00e9rateurs corporate.\u00a0<em>DIF<\/em>, Dec 2021, Online.<\/li>\n<li><strong> <\/strong>Constance Banc, Karim Messeghem. La l\u00e9gitimit\u00e9 \u00e9cosyst\u00e9mique entrepreneuriale per\u00e7ue par les entrepreneurs. <em>UELE<\/em>, Jul 2021, Online.<\/li>\n<li><strong> <\/strong>Constance Banc, Karim Messeghem. Institutionalization of new corporate accelerators within entrepreneurial ecosystems: an institutional work perspective.<span><\/span><em>EGOS<\/em>, Jul 2021, Online.<span>\u00a0<\/span><\/li>\n<li><strong> <\/strong>Constance Banc, Karim Messeghem. The rise of corporate accelerators within entrepreneurial ecosystem: in search of entrepreneurial ecosystemic legitimacy.<span><\/span><em>RENT<\/em>, Nov 2020, Online.<\/li>\n<li><strong> <\/strong>Constance Banc, Karim Messeghem. Le travail institutionnel des acc\u00e9l\u00e9rateurs corporate : strat\u00e9gies d&rsquo;\u00e9mergence et d\u2019institutionnalisation.<em> AIMS<\/em>, Jun 2020, Online.<span><\/span><\/li>\n<li><strong> <\/strong>Constance Banc, Karim Messeghem. The corporate accelerator as an entrepreneurial micro-ecosystem: processes of emergence and institutionalization.<span><\/span><em>RENT<\/em>, Nov 2019, Berlin, Germany.<span>\u00a0<\/span><\/li>\n<li><strong> <\/strong>Constance Banc, Karim Messeghem. A la d\u00e9couverte de la notion de micro-\u00e9cosyst\u00e8me entrepreneurial.<span><\/span><em>AEI<\/em>, Jun 2019, Montpellier, France.<span>\u00a0<\/span><\/li>\n<\/ol>\n<p>&nbsp;<\/p>\n<\/li>\n<li style=\"list-style-type: none;\"><strong>\u00a0 \u00a0 \u00a0 \u00a0 \u00a0Contributions \u00e0 des \u00e9v\u00e8nements acad\u00e9miques et professionnels<\/strong><\/li>\n<\/ul>\n<p><strong><\/strong><\/p>\n<ul style=\"font-weight: 400;\">\n<li style=\"list-style-type: none;\"><strong><\/strong><\/li>\n<li style=\"list-style-type: none;\"><strong><\/strong><\/li>\n<li style=\"list-style-type: none;\"><\/li>\n<li style=\"list-style-type: none;\"><\/li>\n<li style=\"list-style-type: none;\"><\/li>\n<li style=\"list-style-type: none;\"><\/li>\n<li style=\"list-style-type: none;\"><\/li>\n<li style=\"list-style-type: none;\"><\/li>\n<li style=\"list-style-type: none;\"><\/li>\n<li style=\"list-style-type: none;\"><\/li>\n<li style=\"list-style-type: none;\">2022 I Organisation d\u2019un webinaire\u00a0<span style=\"text-decoration: underline;\">\u00ab\u00a0<em>Acc\u00e9l\u00e9rateurs corporate\u00a0: d\u2019activateurs de <\/em><\/span><span style=\"text-decoration: underline;\"><em>start-up \u00e0 activateurs d\u2019\u00e9cosyst\u00e8me<\/em><em>\u00a0<\/em>\u00bb<br \/><\/span>LabEx Entreprendre \u2013 Chaire Entrepreneurial Ecosystem Lab<br \/><span style=\"color: #ffffff;\">LabEx<\/span><\/li>\n<li style=\"list-style-type: none;\"><\/li>\n<li style=\"list-style-type: none;\"><\/li>\n<li style=\"list-style-type: none;\"><\/li>\n<li style=\"list-style-type: none;\"><\/li>\n<li style=\"list-style-type: none;\"><\/li>\n<li style=\"list-style-type: none;\"><\/li>\n<li style=\"list-style-type: none;\"><\/li>\n<li style=\"list-style-type: none;\"><\/li>\n<li style=\"list-style-type: none;\"><\/li>\n<li style=\"list-style-type: none;\"><\/li>\n<li style=\"list-style-type: none;\"><\/li>\n<li style=\"list-style-type: none;\"><\/li>\n<li style=\"list-style-type: none;\"><\/li>\n<li style=\"list-style-type: none;\"><\/li>\n<li style=\"list-style-type: none;\"><\/li>\n<li style=\"list-style-type: none;\"><\/li>\n<li style=\"list-style-type: none;\"><\/li>\n<li style=\"list-style-type: none;\"><\/li>\n<li style=\"list-style-type: none;\"><\/li>\n<li style=\"list-style-type: none;\"><\/li>\n<li style=\"list-style-type: none;\"><\/li>\n<li style=\"list-style-type: none;\"><\/li>\n<li style=\"list-style-type: none;\"><\/li>\n<li style=\"list-style-type: none;\"><\/li>\n<li style=\"list-style-type: none;\"><\/li>\n<li style=\"list-style-type: none;\"><\/li>\n<li style=\"list-style-type: none;\"><\/li>\n<li style=\"list-style-type: none;\"><\/li>\n<li style=\"list-style-type: none;\"><\/li>\n<li style=\"list-style-type: none;\"><\/li>\n<li style=\"list-style-type: none;\"><\/li>\n<li style=\"list-style-type: none;\"><\/li>\n<li style=\"list-style-type: none;\"><\/li>\n<li style=\"list-style-type: none;\">\n<p>2022 I Participation \u00e0 l\u2019organisation des <span style=\"text-decoration: underline;\">10 ans du LabEx Entreprendre<\/span>LabEx Entreprendre2021 I\u00a0Co-gestionnaire du <span style=\"text-decoration: underline;\">track \u00ab \u00e9cosyst\u00e8me entrepreneurial \u00bb<br \/><\/span><span style=\"font-size: 14px;\">Conf\u00e9rence DIF<\/span><\/p>\n<p>2021 I\u00a0Participation \u00e0 l\u2019organisation du <span style=\"text-decoration: underline;\">16<sup>\u00e8me<\/sup> congr\u00e8s du RIODD<br \/><\/span><span style=\"font-size: 14px;\">LabEx Entreprendre &#8211; Montpellier Management<\/span><\/p>\n<p>2019 I\u00a0Participation \u00e0 l\u2019organisation du <span style=\"text-decoration: underline;\">11\u00e8me congr\u00e8s de l\u2019AEI<br \/><\/span><span style=\"font-size: 14px;\">Laboratoire MRM &#8211; Montpellier Management<\/span><\/p>\n<p>2018 I\u00a0Participation \u00e0 l\u2019organisation du <span style=\"text-decoration: underline;\">colloque MTO 2018<br \/><\/span><span style=\"font-size: 14px;\">Montpellier Management<\/span><\/p>\n<\/li>\n<\/ul>\n<p>&nbsp;<\/p>\n<p>&nbsp;<\/p>\n<p>&nbsp;<\/p>\n<p>&nbsp;<\/p>\n<p style=\"font-weight: 400;\">\n<p>[\/et_pb_text][\/et_pb_column][\/et_pb_row][\/et_pb_section]<\/p>\n","protected":false},"excerpt":{"rendered":"<p>Constance BANC Ing\u00e9nieure de recherche en entrepreneuriat \u2013 LabEx Entreprendre \u2013 Chaire Entrepreneurial Ecosystem LabCoordonn\u00e9es Montpellier ManagementEspace Richter \u2013 Rue Vend\u00e9miaire34\u00a0000 Montpellier Email : constance.banc[a]umontpellier.fr T\u00e9l\u00e9phone : 06 47 85 78 84 Bureau : D401bis\u00a0FONCTIONS Ing\u00e9nieure de recherche FORMATION Doctorat en Sciences de Gestion et du Management, sp\u00e9cialit\u00e9 Entrepreneuriat TH\u00c9MATIQUE(S) DE RECHERCHE Mes recherches portent [&hellip;]<\/p>\n","protected":false},"author":4,"featured_media":0,"parent":0,"menu_order":0,"comment_status":"closed","ping_status":"closed","template":"","meta":{"_et_pb_use_builder":"on","_et_pb_old_content":"","_et_gb_content_width":"","footnotes":""},"class_list":["post-3163","page","type-page","status-publish","hentry"],"yoast_head":"<!-- This site is optimized with the Yoast SEO plugin v23.4 - https:\/\/yoast.com\/wordpress\/plugins\/seo\/ -->\n<title>Membres - Constance Banc - Lab Entreprendre<\/title>\n<meta name=\"robots\" content=\"index, follow, max-snippet:-1, max-image-preview:large, max-video-preview:-1\" \/>\n<link rel=\"canonical\" href=\"https:\/\/labex-entreprendre.fr\/?page_id=3163\" \/>\n<meta property=\"og:locale\" content=\"fr_FR\" \/>\n<meta property=\"og:type\" content=\"article\" \/>\n<meta property=\"og:title\" content=\"Membres - Constance Banc - Lab Entreprendre\" \/>\n<meta property=\"og:description\" content=\"Constance BANC Ing\u00e9nieure de recherche en entrepreneuriat \u2013 LabEx Entreprendre \u2013 Chaire Entrepreneurial Ecosystem LabCoordonn\u00e9es Montpellier ManagementEspace Richter \u2013 Rue Vend\u00e9miaire34\u00a0000 Montpellier Email : constance.banc[a]umontpellier.fr T\u00e9l\u00e9phone : 06 47 85 78 84 Bureau : D401bis\u00a0FONCTIONS Ing\u00e9nieure de recherche FORMATION Doctorat en Sciences de Gestion et du Management, sp\u00e9cialit\u00e9 Entrepreneuriat TH\u00c9MATIQUE(S) DE RECHERCHE Mes recherches portent [&hellip;]\" \/>\n<meta property=\"og:url\" content=\"https:\/\/labex-entreprendre.fr\/?page_id=3163\" \/>\n<meta property=\"og:site_name\" content=\"Lab Entreprendre\" \/>\n<meta property=\"article:modified_time\" content=\"2023-01-16T09:33:23+00:00\" \/>\n<meta name=\"twitter:card\" content=\"summary_large_image\" \/>\n<meta name=\"twitter:label1\" content=\"Dur\u00e9e de lecture estim\u00e9e\" \/>\n\t<meta name=\"twitter:data1\" content=\"4 minutes\" \/>\n<script type=\"application\/ld+json\" class=\"yoast-schema-graph\">{\"@context\":\"https:\/\/schema.org\",\"@graph\":[{\"@type\":\"WebPage\",\"@id\":\"https:\/\/labex-entreprendre.fr\/?page_id=3163\",\"url\":\"https:\/\/labex-entreprendre.fr\/?page_id=3163\",\"name\":\"Membres - Constance Banc - Lab Entreprendre\",\"isPartOf\":{\"@id\":\"https:\/\/labex-entreprendre.fr\/#website\"},\"datePublished\":\"2022-12-14T09:08:04+00:00\",\"dateModified\":\"2023-01-16T09:33:23+00:00\",\"breadcrumb\":{\"@id\":\"https:\/\/labex-entreprendre.fr\/?page_id=3163#breadcrumb\"},\"inLanguage\":\"fr-FR\",\"potentialAction\":[{\"@type\":\"ReadAction\",\"target\":[\"https:\/\/labex-entreprendre.fr\/?page_id=3163\"]}]},{\"@type\":\"BreadcrumbList\",\"@id\":\"https:\/\/labex-entreprendre.fr\/?page_id=3163#breadcrumb\",\"itemListElement\":[{\"@type\":\"ListItem\",\"position\":1,\"name\":\"Home\",\"item\":\"https:\/\/labex-entreprendre.fr\/\"},{\"@type\":\"ListItem\",\"position\":2,\"name\":\"Membres &#8211; Constance Banc\"}]},{\"@type\":\"WebSite\",\"@id\":\"https:\/\/labex-entreprendre.fr\/#website\",\"url\":\"https:\/\/labex-entreprendre.fr\/\",\"name\":\"Lab Entreprendre\",\"description\":\"Universit\u00e9 de Montpellier\",\"potentialAction\":[{\"@type\":\"SearchAction\",\"target\":{\"@type\":\"EntryPoint\",\"urlTemplate\":\"https:\/\/labex-entreprendre.fr\/?s={search_term_string}\"},\"query-input\":{\"@type\":\"PropertyValueSpecification\",\"valueRequired\":true,\"valueName\":\"search_term_string\"}}],\"inLanguage\":\"fr-FR\"}]}<\/script>\n<!-- \/ Yoast SEO plugin. -->","yoast_head_json":{"title":"Membres - Constance Banc - Lab Entreprendre","robots":{"index":"index","follow":"follow","max-snippet":"max-snippet:-1","max-image-preview":"max-image-preview:large","max-video-preview":"max-video-preview:-1"},"canonical":"https:\/\/labex-entreprendre.fr\/?page_id=3163","og_locale":"fr_FR","og_type":"article","og_title":"Membres - Constance Banc - Lab Entreprendre","og_description":"Constance BANC Ing\u00e9nieure de recherche en entrepreneuriat \u2013 LabEx Entreprendre \u2013 Chaire Entrepreneurial Ecosystem LabCoordonn\u00e9es Montpellier ManagementEspace Richter \u2013 Rue Vend\u00e9miaire34\u00a0000 Montpellier Email : constance.banc[a]umontpellier.fr T\u00e9l\u00e9phone : 06 47 85 78 84 Bureau : D401bis\u00a0FONCTIONS Ing\u00e9nieure de recherche FORMATION Doctorat en Sciences de Gestion et du Management, sp\u00e9cialit\u00e9 Entrepreneuriat TH\u00c9MATIQUE(S) DE RECHERCHE Mes recherches portent [&hellip;]","og_url":"https:\/\/labex-entreprendre.fr\/?page_id=3163","og_site_name":"Lab Entreprendre","article_modified_time":"2023-01-16T09:33:23+00:00","twitter_card":"summary_large_image","twitter_misc":{"Dur\u00e9e de lecture estim\u00e9e":"4 minutes"},"schema":{"@context":"https:\/\/schema.org","@graph":[{"@type":"WebPage","@id":"https:\/\/labex-entreprendre.fr\/?page_id=3163","url":"https:\/\/labex-entreprendre.fr\/?page_id=3163","name":"Membres - Constance Banc - Lab Entreprendre","isPartOf":{"@id":"https:\/\/labex-entreprendre.fr\/#website"},"datePublished":"2022-12-14T09:08:04+00:00","dateModified":"2023-01-16T09:33:23+00:00","breadcrumb":{"@id":"https:\/\/labex-entreprendre.fr\/?page_id=3163#breadcrumb"},"inLanguage":"fr-FR","potentialAction":[{"@type":"ReadAction","target":["https:\/\/labex-entreprendre.fr\/?page_id=3163"]}]},{"@type":"BreadcrumbList","@id":"https:\/\/labex-entreprendre.fr\/?page_id=3163#breadcrumb","itemListElement":[{"@type":"ListItem","position":1,"name":"Home","item":"https:\/\/labex-entreprendre.fr\/"},{"@type":"ListItem","position":2,"name":"Membres &#8211; Constance Banc"}]},{"@type":"WebSite","@id":"https:\/\/labex-entreprendre.fr\/#website","url":"https:\/\/labex-entreprendre.fr\/","name":"Lab Entreprendre","description":"Universit\u00e9 de Montpellier","potentialAction":[{"@type":"SearchAction","target":{"@type":"EntryPoint","urlTemplate":"https:\/\/labex-entreprendre.fr\/?s={search_term_string}"},"query-input":{"@type":"PropertyValueSpecification","valueRequired":true,"valueName":"search_term_string"}}],"inLanguage":"fr-FR"}]}},"_links":{"self":[{"href":"https:\/\/labex-entreprendre.fr\/index.php?rest_route=\/wp\/v2\/pages\/3163","targetHints":{"allow":["GET"]}}],"collection":[{"href":"https:\/\/labex-entreprendre.fr\/index.php?rest_route=\/wp\/v2\/pages"}],"about":[{"href":"https:\/\/labex-entreprendre.fr\/index.php?rest_route=\/wp\/v2\/types\/page"}],"author":[{"embeddable":true,"href":"https:\/\/labex-entreprendre.fr\/index.php?rest_route=\/wp\/v2\/users\/4"}],"replies":[{"embeddable":true,"href":"https:\/\/labex-entreprendre.fr\/index.php?rest_route=%2Fwp%2Fv2%2Fcomments&post=3163"}],"version-history":[{"count":8,"href":"https:\/\/labex-entreprendre.fr\/index.php?rest_route=\/wp\/v2\/pages\/3163\/revisions"}],"predecessor-version":[{"id":3235,"href":"https:\/\/labex-entreprendre.fr\/index.php?rest_route=\/wp\/v2\/pages\/3163\/revisions\/3235"}],"wp:attachment":[{"href":"https:\/\/labex-entreprendre.fr\/index.php?rest_route=%2Fwp%2Fv2%2Fmedia&parent=3163"}],"curies":[{"name":"wp","href":"https:\/\/api.w.org\/{rel}","templated":true}]}}