{"id":3142,"date":"2022-12-12T10:27:17","date_gmt":"2022-12-12T09:27:17","guid":{"rendered":"https:\/\/labex-entreprendre.fr\/?page_id=3142"},"modified":"2023-01-16T10:30:30","modified_gmt":"2023-01-16T09:30:30","slug":"membres-claire-gillet-monjarret","status":"publish","type":"page","link":"https:\/\/labex-entreprendre.fr\/?page_id=3142","title":{"rendered":"Membres &#8211; Claire Gillet-Monjarret"},"content":{"rendered":"<p>[et_pb_section fb_built=\u00a0\u00bb1&Prime; _builder_version=\u00a0\u00bb4.16&Prime; _module_preset=\u00a0\u00bbdefault\u00a0\u00bb locked=\u00a0\u00bboff\u00a0\u00bb global_colors_info=\u00a0\u00bb{}\u00a0\u00bb][et_pb_row _builder_version=\u00a0\u00bb4.16&Prime; _module_preset=\u00a0\u00bbdefault\u00a0\u00bb global_colors_info=\u00a0\u00bb{}\u00a0\u00bb][et_pb_column type=\u00a0\u00bb4_4&Prime; _builder_version=\u00a0\u00bb4.16&Prime; _module_preset=\u00a0\u00bbdefault\u00a0\u00bb global_colors_info=\u00a0\u00bb{}\u00a0\u00bb][et_pb_text _builder_version=\u00a0\u00bb4.17.4&Prime; _module_preset=\u00a0\u00bbdefault\u00a0\u00bb text_font=\u00a0\u00bb|600||on|||||\u00a0\u00bb text_text_color=\u00a0\u00bb#18305D\u00a0\u00bb header_3_font=\u00a0\u00bb|700||on|||||\u00a0\u00bb header_3_text_color=\u00a0\u00bb#18305D\u00a0\u00bb global_colors_info=\u00a0\u00bb{}\u00a0\u00bb]<\/p>\n<h3><span style=\"color: #993366;\">Claire GILLET-MONJARRET<\/span><\/h3>\n<p>Ma\u00eetre de Conf\u00e9rences HDR \u00e0 l&rsquo;Universit\u00e9 de Montpellier<\/p>\n<p>[\/et_pb_text][\/et_pb_column][\/et_pb_row][et_pb_row column_structure=\u00a0\u00bb1_3,2_3&Prime; custom_padding_last_edited=\u00a0\u00bbon|desktop\u00a0\u00bb module_class=\u00a0\u00bbprofiles\u00a0\u00bb _builder_version=\u00a0\u00bb4.16&Prime; _module_preset=\u00a0\u00bbdefault\u00a0\u00bb background_color=\u00a0\u00bbRGBA(0,0,0,0)\u00a0\u00bb custom_margin=\u00a0\u00bb40px||||false|false\u00a0\u00bb custom_padding=\u00a0\u00bb0px|0px|0px|0px|true|true\u00a0\u00bb custom_padding_tablet=\u00a0\u00bb80px|80px|80px|80px|true|true\u00a0\u00bb custom_padding_phone=\u00a0\u00bb0px|0px|0px|0px|true|true\u00a0\u00bb locked=\u00a0\u00bboff\u00a0\u00bb global_colors_info=\u00a0\u00bb{}\u00a0\u00bb][et_pb_column type=\u00a0\u00bb1_3&Prime; _builder_version=\u00a0\u00bb4.16&Prime; _module_preset=\u00a0\u00bbdefault\u00a0\u00bb background_enable_image=\u00a0\u00bboff\u00a0\u00bb global_colors_info=\u00a0\u00bb{}\u00a0\u00bb][et_pb_image src=\u00a0\u00bbhttps:\/\/labex-entreprendre.fr\/wp-content\/uploads\/2022\/12\/Claire-gillet-monjarret.jpg\u00a0\u00bb title_text=\u00a0\u00bbClaire gillet-monjarret\u00a0\u00bb _builder_version=\u00a0\u00bb4.17.4&Prime; _module_preset=\u00a0\u00bbdefault\u00a0\u00bb global_colors_info=\u00a0\u00bb{}\u00a0\u00bb][\/et_pb_image][et_pb_text _builder_version=\u00a0\u00bb4.17.4&Prime; _module_preset=\u00a0\u00bbdefault\u00a0\u00bb text_font=\u00a0\u00bbSource Sans Pro||||||||\u00a0\u00bb text_text_color=\u00a0\u00bb#18305D\u00a0\u00bb text_line_height=\u00a0\u00bb1.3em\u00a0\u00bb header_font=\u00a0\u00bb|800|||||||\u00a0\u00bb header_text_color=\u00a0\u00bb#8E2DAF\u00a0\u00bb header_2_font=\u00a0\u00bb|800|||||||\u00a0\u00bb header_2_text_color=\u00a0\u00bb#18305D\u00a0\u00bb header_3_font=\u00a0\u00bbSource Sans Pro|700||on|||||\u00a0\u00bb header_3_text_color=\u00a0\u00bb#18305D\u00a0\u00bb header_3_font_size=\u00a0\u00bb18px\u00a0\u00bb custom_padding=\u00a0\u00bb||0px|||\u00a0\u00bb global_colors_info=\u00a0\u00bb{}\u00a0\u00bb]<\/p>\n<h3>Coordonn\u00e9es<\/h3>\n<p>\u00a0IUT <span>99 Avenue d&rsquo;Occitanie, 34090 Montpellier<\/span><\/p>\n<p><strong>Email :<\/strong> <a href=\"mailto:claire.monjarret@umontpellier.fr\">claire.monjarret[a]umontpellier.fr<\/a><\/p>\n<p>[\/et_pb_text][et_pb_button button_url=\u00a0\u00bbhttps:\/\/sites.google.com\/view\/clairegilletmonjarret\/cv?pli=1&Prime; button_text=\u00a0\u00bbEn savoir plus\u00a0\u00bb button_alignment=\u00a0\u00bbcenter\u00a0\u00bb _builder_version=\u00a0\u00bb4.17.4&Prime; custom_button=\u00a0\u00bbon\u00a0\u00bb button_text_size=\u00a0\u00bb14px\u00a0\u00bb button_text_color=\u00a0\u00bb#FFFFFF\u00a0\u00bb button_bg_color=\u00a0\u00bb#8E2DAF\u00a0\u00bb button_border_width=\u00a0\u00bb0px\u00a0\u00bb button_border_color=\u00a0\u00bb#FFFFFF\u00a0\u00bb button_border_radius=\u00a0\u00bb0px\u00a0\u00bb button_letter_spacing=\u00a0\u00bb1px\u00a0\u00bb button_font=\u00a0\u00bb|700||on|||||\u00a0\u00bb button_icon=\u00a0\u00bb&#xf061;||fa||900&Prime; custom_margin=\u00a0\u00bb0px||||false|false\u00a0\u00bb custom_padding=\u00a0\u00bb14px|40px|14px|40px|true|false\u00a0\u00bb locked=\u00a0\u00bboff\u00a0\u00bb global_colors_info=\u00a0\u00bb{}\u00a0\u00bb button_bg_color__hover_enabled=\u00a0\u00bbon\u00a0\u00bb box_shadow_vertical__hover=\u00a0\u00bb200px\u00a0\u00bb box_shadow_horizontal__hover_enabled=\u00a0\u00bbon\u00a0\u00bb box_shadow_horizontal__hover=\u00a0\u00bb350px\u00a0\u00bb button_text_color__hover_enabled=\u00a0\u00bbon|hover\u00a0\u00bb button_text_color__hover=\u00a0\u00bb#56BADE\u00a0\u00bb button_bg_color__hover=\u00a0\u00bbrgba(255,255,255,0)\u00a0\u00bb][\/et_pb_button][\/et_pb_column][et_pb_column type=\u00a0\u00bb2_3&Prime; _builder_version=\u00a0\u00bb4.16&Prime; _module_preset=\u00a0\u00bbdefault\u00a0\u00bb background_enable_image=\u00a0\u00bboff\u00a0\u00bb global_colors_info=\u00a0\u00bb{}\u00a0\u00bb][et_pb_text _builder_version=\u00a0\u00bb4.17.4&Prime; _module_preset=\u00a0\u00bbdefault\u00a0\u00bb text_font=\u00a0\u00bbSource Sans Pro||||||||\u00a0\u00bb text_text_color=\u00a0\u00bb#18305D\u00a0\u00bb text_line_height=\u00a0\u00bb1.3em\u00a0\u00bb header_font=\u00a0\u00bb|800|||||||\u00a0\u00bb header_text_color=\u00a0\u00bb#8E2DAF\u00a0\u00bb header_2_font=\u00a0\u00bb|800|||||||\u00a0\u00bb header_2_text_color=\u00a0\u00bb#18305D\u00a0\u00bb header_3_font=\u00a0\u00bbSource Sans Pro|700||on|||||\u00a0\u00bb header_3_text_color=\u00a0\u00bb#18305D\u00a0\u00bb header_3_font_size=\u00a0\u00bb18px\u00a0\u00bb global_colors_info=\u00a0\u00bb{}\u00a0\u00bb]<\/p>\n<p style=\"font-weight: 400;\"><strong>FONCTIONS<\/strong><\/p>\n<ul style=\"font-weight: 400;\">\n<li>Responsable de l\u2019axe de recherche Management et Pratiques Responsables du laboratoire MRM<\/li>\n<li>Charg\u00e9e de mission D\u00e9veloppement Durable et Responsabilit\u00e9 Sociale (DDRS) au sein de l\u2019IUT de Montpellier-S\u00e8te<\/li>\n<\/ul>\n<p>&nbsp;<\/p>\n<p style=\"font-weight: 400;\"><strong>FORMATION<\/strong><\/p>\n<ul>\n<li>Habilitation \u00e0 Diriger de Recherches (HDR) 2020<strong> : <\/strong>\u00ab <em>Contribution \u00e0 l\u2019\u00e9tude de la v\u00e9rification soci\u00e9tale : institutionnalisation et facteurs explicatifs d\u2019une pratique <\/em>\u00bb, Universit\u00e9 de Montpellier, 9 octobre 2020. Jury : Sophie Spring (Coordinateur), Florence Depoers (Rapporteur), Nathalie Gonthier-Besacier (Rapporteur), St\u00e9phane Tr\u00e9bucq (Rapporteur), Isabelle Martinez (Suffragant) et G\u00e9rald Naro (Pr\u00e9sident).<\/li>\n<\/ul>\n<ul>\n<li>Doctorat en Sciences de Gestion 2010<strong> :<\/strong> \u00ab <em>L\u2019\u00e9tude des d\u00e9terminants de la v\u00e9rification des informations soci\u00e9tales dans le contexte fran\u00e7ais <\/em>\u00bb, Universit\u00e9 Toulouse 1 Capitole, 23 novembre 2010, mention tr\u00e8s honorable avec les f\u00e9licitations du Jury. Jury : Isabelle Martinez (directeur de th\u00e8se), Nicolas Berland (Rapporteur), R\u00e9al Labelle (Rapporteur), Bruno Amann (Pr\u00e9sident), Jacques Igalens (Suffragant), Monique Lacroix (Suffragant).<\/li>\n<\/ul>\n<p style=\"font-weight: 400;\"><strong><\/strong><\/p>\n<p style=\"font-weight: 400;\"><strong>TH\u00c9MATIQUE(S) DE RECHERCHE<\/strong><\/p>\n<p>Depuis la r\u00e9daction du m\u00e9moire de master recherche en 2006 jusqu\u2019\u00e0 aujourd\u2019hui mes int\u00e9r\u00eats en mati\u00e8re de th\u00e9matique de recherche ont port\u00e9 sur l\u2019\u00e9tude des pratiques de RSE et plus particuli\u00e8rement sur la pratique de V\u00e9rification Soci\u00e9tale (VS), de son \u00e9volution et des enjeux et d\u00e9terminants associ\u00e9s, au sein d\u2019un environnement en constante mutation. Tout au long de mon parcours de recherche, je me suis inscrite dans une logique de compl\u00e9mentarit\u00e9 au sein du groupe de recherche Comptabilit\u00e9s et Soci\u00e9t\u00e9 du laboratoire MRM et plus globalement au sein de la communaut\u00e9 CCA. Cette logique a pris la forme de collaborations de recherche et de publications avec diff\u00e9rents chercheurs ainsi que de co-encadrements de doctorants. Mes travaux pass\u00e9s et \u00e0 venir s\u2019inscrivent principalement dans l\u2019\u00e9tude de la pratique de VS mais aussi des pratiques de diffusion d\u2019informations extra-financi\u00e8res. J\u2019ai des projets en cours qui s\u2019inscrivent plus largement dans l\u2019\u00e9tude des pratiques de RSE, notamment aupr\u00e8s de la profession comptable. Un autre de mes projets concerne la th\u00e9matique de la Responsabilit\u00e9 Soci\u00e9tale des Universit\u00e9s (RSU) et l\u2019\u00e9conomie circulaire sur le territoire et au sein de l\u2019Universit\u00e9.<\/p>\n<p style=\"font-weight: 400;\">\n<p style=\"font-weight: 400;\"><strong>PRINCIPALES PUBLICATIONS<\/strong><\/p>\n<ul style=\"font-weight: 400;\">\n<li>EL-GALTA L., CHAPELLIER P. et GILLET-MONJARRET C. (accept\u00e9 pour publication), \u00ab D\u00e9marche de labellisation num\u00e9rique responsable en PME : \u00e9tude crois\u00e9e des motivations et des craintes des parties prenantes internes \u00bb, Revue Internationale PME [Revue class\u00e9e 2 par la FNEGE et B par l\u2019HCERES].<\/li>\n<li>GILLET-MONJARRET C. (2022), \u00ab Promoting Sustainability Assurance Missions in the European Directive Regulatory Context \u00bb, <em>Journal of Applied Accounting Research<\/em>, vol.23, n\u00b01, pp.184-206.<\/li>\n<li>MARTINEZ I., GILLET-MONJARRET C., RIVIERE-GIORDANO G. (2021) \u00ab The Role and Effectiveness of Corporate Social Responsibility Assurance in a Mandatory Setting: Professional Accountants&rsquo; Perceptions \u00bb, <em>M@n@gement<\/em>, vol.24, n\u00b01, pp.59-79.<\/li>\n<li>CHAPELLIER P., GILLET-MONJARRET C. et RIVIERE-GIORDANO G. (2021), \u00ab Dynamique RSE en cabinet d&rsquo;expertise comptable et accompagnement aupr\u00e8s des clients \u00bb, <em>Revue Management et Avenir<\/em>, n\u00b0122, pp.63-87.<\/li>\n<li>SAFY R., CHAPELLIER P., GILLET-MONJARRET C. (2020) \u00ab L\u2019influence des instruments \u00e9conomiques sur le comportement responsable des dirigeants de PME marocaines \u00bb, <em>Revue de l\u2019Organisation Responsable<\/em>, n\u00b01, pp.5-16.<\/li>\n<li>GILLET-MONJARRET C. et LAFONT A.L. (2020), \u00ab <a href=\"https:\/\/drive.google.com\/file\/d\/1aGJSD1o_HKPFFGFdFCRuSZ1CPh5CFxNa\/view?usp=sharing\">Analyse discursive des rapports RSE des entreprises familiales VS non Familiales<\/a> \u00bb<em>, <\/em>Finance Contr\u00f4le Strat\u00e9gie, vol.23, n\u00b01.<\/li>\n<li>GILLET-MONJARRET C. (2018), \u00ab Assurance reports included in the CSR reports of French firms: a longitudinal study \u00bb, <em>Sustainability Accounting, Management and Policy Journal<\/em>, vol.9, n\u00b05, pp.570-594.<\/li>\n<li>GILLET-MONJARRET C. et RIVIERE-GIORDANO G. (2017), \u00ab <a href=\"https:\/\/drive.google.com\/file\/d\/0BzWlTxelD47-SFB1cF9McVdveTg\/view?usp=sharing\">La v\u00e9rification soci\u00e9tale : Une revue de litt\u00e9rature<\/a> \u00bb, <em>Comptabilit\u00e9-Contr\u00f4le-Audit, <\/em>23, n\u00b02, pp.11-62.<\/li>\n<li>GILLET-MONJARRET C. (2015), \u00ab <a href=\"https:\/\/drive.google.com\/file\/d\/0BzWlTxelD47-RTNlOUVDa3ZJVHc\/view?usp=sharing\">Assurance of Sustainability Information: A Study of Media Pressure<\/a> \u00bb, <em>Accounting in Europe<\/em>, vol.12, n\u00b01, pp.87-105.<\/li>\n<li>GILLET-MONJARRET C. (2014), \u00ab <a href=\"https:\/\/drive.google.com\/file\/d\/0BzWlTxelD47-S0FDdFRLQmxJOFk\/view?usp=sharing\">L&rsquo;\u00e9tude de la pratique de v\u00e9rification soci\u00e9tale dans le contexte fran\u00e7ais de la loi Grenelle 2<\/a> \u00bb, <em>Revue de l&rsquo;Organisation Responsable<\/em>, vol.9, n\u00b01,pp.25-38.<\/li>\n<li>GILLET-MONJARRET C. et MARTINEZ I. (2012), \u00ab <a href=\"https:\/\/drive.google.com\/file\/d\/0BzWlTxelD47-X2FRMzVfSlY5Z2c\/view?usp=sharing\">La v\u00e9rification soci\u00e9tale des entreprises du SBF 120 : l\u2019impact de la structure de propri\u00e9t\u00e9 et du conseil d\u2019administration<\/a> \u00bb, <em>Comptabilit\u00e9-Contr\u00f4le-Audit, <\/em>Tome 18, vol.3, pp.43-66.<\/li>\n<li>GILLET-MONJARRET C. (2012), \u00ab La v\u00e9rification des informations soci\u00e9tales: pr\u00e9sentation d&rsquo;une pratique \u00e9mergente \u00bb, <em>Journal des Soci\u00e9t\u00e9s, <\/em>n\u00b0100, pp.40-44.<\/li>\n<li>GILLET C. (2012), \u00ab <a href=\"https:\/\/drive.google.com\/file\/d\/0BzWlTxelD47-WkxucFlFS1dqNHc\/view?usp=sharing\">A Study of Sustainability Verification Practices: The French Case<\/a> \u00bb, <em>Journal of Accounting and Organizational Change<\/em>, vol.8, n\u00b01, pp.62-84.<\/li>\n<li>GILLET C. (2010), \u00ab <a href=\"https:\/\/drive.google.com\/file\/d\/0BzWlTxelD47-RERVUWR5NWR2VVk\/view?usp=sharing\">Les comptes rendus d\u2019assurance contenus dans les rapports de d\u00e9veloppement durable : Une analyse des pratiques des entreprises fran\u00e7aises<\/a> \u00bb, <em>Revue Management et Avenir<\/em>, n\u00b036, pp.35-53 .<\/li>\n<\/ul>\n<p>&nbsp;<\/p>\n<p style=\"font-weight: 400;\"><strong>ENSEIGNEMENTS<\/strong><\/p>\n<p>Mes activit\u00e9s d\u2019enseignement s\u2019articulent principalement autour des p\u00f4les suivants\u00a0: contr\u00f4le de gestion et pilotage, Responsabilit\u00e9 Soci\u00e9tale des Entreprises (RSE), audit RSE et pilotage extra-financier et m\u00e9thodologie de gestion de projet innovant. Ce sont l\u00e0 des disciplines en lien avec mes th\u00e9matiques de recherche. Les enseignements que je dispense dans les diverses formations sont nourris notamment d\u2019\u00e9tudes de cas construites \u00e0 partir de cas de recherche ancr\u00e9s dans la pratique professionnelle.<\/p>\n<p style=\"font-weight: 400;\">\n<p style=\"font-weight: 400;\"><strong>TRANSFERT ET VALORISATION DE LA RECHERCHE<\/strong><\/p>\n<ul>\n<li style=\"list-style-type: none;\">\n<ul>\n<li>R\u00e9alisation de l\u2019animation et de la formation de la fresque de l\u2019\u00e9conomie circulaire au sein de l\u2019axe de recherche Management et Pratiques Responsables<\/li>\n<\/ul>\n<ul>\n<li>Organisation des rencontres entre l\u2019universit\u00e9 de Montpellier et l\u2019universit\u00e9 de Sherbrooke au Canada.<\/li>\n<\/ul>\n<\/li>\n<\/ul>\n<p style=\"font-weight: 400;\">\n<p>[\/et_pb_text][\/et_pb_column][\/et_pb_row][\/et_pb_section]<\/p>\n","protected":false},"excerpt":{"rendered":"<p>Claire GILLET-MONJARRET Ma\u00eetre de Conf\u00e9rences HDR \u00e0 l&rsquo;Universit\u00e9 de MontpellierCoordonn\u00e9es \u00a0IUT 99 Avenue d&rsquo;Occitanie, 34090 Montpellier Email : claire.monjarret[a]umontpellier.frFONCTIONS Responsable de l\u2019axe de recherche Management et Pratiques Responsables du laboratoire MRM Charg\u00e9e de mission D\u00e9veloppement Durable et Responsabilit\u00e9 Sociale (DDRS) au sein de l\u2019IUT de Montpellier-S\u00e8te &nbsp; FORMATION Habilitation \u00e0 Diriger de Recherches (HDR) 2020 [&hellip;]<\/p>\n","protected":false},"author":4,"featured_media":0,"parent":0,"menu_order":0,"comment_status":"closed","ping_status":"closed","template":"","meta":{"_et_pb_use_builder":"on","_et_pb_old_content":"","_et_gb_content_width":"","footnotes":""},"class_list":["post-3142","page","type-page","status-publish","hentry"],"yoast_head":"<!-- This site is optimized with the Yoast SEO plugin v23.4 - https:\/\/yoast.com\/wordpress\/plugins\/seo\/ -->\n<title>Membres - Claire Gillet-Monjarret - Lab Entreprendre<\/title>\n<meta name=\"robots\" content=\"index, follow, max-snippet:-1, max-image-preview:large, max-video-preview:-1\" \/>\n<link rel=\"canonical\" href=\"https:\/\/labex-entreprendre.fr\/?page_id=3142\" \/>\n<meta property=\"og:locale\" content=\"fr_FR\" \/>\n<meta property=\"og:type\" content=\"article\" \/>\n<meta property=\"og:title\" content=\"Membres - Claire Gillet-Monjarret - Lab Entreprendre\" \/>\n<meta property=\"og:description\" content=\"Claire GILLET-MONJARRET Ma\u00eetre de Conf\u00e9rences HDR \u00e0 l&#039;Universit\u00e9 de MontpellierCoordonn\u00e9es \u00a0IUT 99 Avenue d&#039;Occitanie, 34090 Montpellier Email : claire.monjarret[a]umontpellier.frFONCTIONS Responsable de l\u2019axe de recherche Management et Pratiques Responsables du laboratoire MRM Charg\u00e9e de mission D\u00e9veloppement Durable et Responsabilit\u00e9 Sociale (DDRS) au sein de l\u2019IUT de Montpellier-S\u00e8te &nbsp; FORMATION Habilitation \u00e0 Diriger de Recherches (HDR) 2020 [&hellip;]\" \/>\n<meta property=\"og:url\" content=\"https:\/\/labex-entreprendre.fr\/?page_id=3142\" \/>\n<meta property=\"og:site_name\" content=\"Lab Entreprendre\" \/>\n<meta property=\"article:modified_time\" content=\"2023-01-16T09:30:30+00:00\" \/>\n<meta name=\"twitter:card\" content=\"summary_large_image\" \/>\n<meta name=\"twitter:label1\" content=\"Dur\u00e9e de lecture estim\u00e9e\" \/>\n\t<meta name=\"twitter:data1\" content=\"7 minutes\" \/>\n<script type=\"application\/ld+json\" class=\"yoast-schema-graph\">{\"@context\":\"https:\/\/schema.org\",\"@graph\":[{\"@type\":\"WebPage\",\"@id\":\"https:\/\/labex-entreprendre.fr\/?page_id=3142\",\"url\":\"https:\/\/labex-entreprendre.fr\/?page_id=3142\",\"name\":\"Membres - Claire Gillet-Monjarret - Lab Entreprendre\",\"isPartOf\":{\"@id\":\"https:\/\/labex-entreprendre.fr\/#website\"},\"datePublished\":\"2022-12-12T09:27:17+00:00\",\"dateModified\":\"2023-01-16T09:30:30+00:00\",\"breadcrumb\":{\"@id\":\"https:\/\/labex-entreprendre.fr\/?page_id=3142#breadcrumb\"},\"inLanguage\":\"fr-FR\",\"potentialAction\":[{\"@type\":\"ReadAction\",\"target\":[\"https:\/\/labex-entreprendre.fr\/?page_id=3142\"]}]},{\"@type\":\"BreadcrumbList\",\"@id\":\"https:\/\/labex-entreprendre.fr\/?page_id=3142#breadcrumb\",\"itemListElement\":[{\"@type\":\"ListItem\",\"position\":1,\"name\":\"Home\",\"item\":\"https:\/\/labex-entreprendre.fr\/\"},{\"@type\":\"ListItem\",\"position\":2,\"name\":\"Membres &#8211; Claire Gillet-Monjarret\"}]},{\"@type\":\"WebSite\",\"@id\":\"https:\/\/labex-entreprendre.fr\/#website\",\"url\":\"https:\/\/labex-entreprendre.fr\/\",\"name\":\"Lab Entreprendre\",\"description\":\"Universit\u00e9 de Montpellier\",\"potentialAction\":[{\"@type\":\"SearchAction\",\"target\":{\"@type\":\"EntryPoint\",\"urlTemplate\":\"https:\/\/labex-entreprendre.fr\/?s={search_term_string}\"},\"query-input\":{\"@type\":\"PropertyValueSpecification\",\"valueRequired\":true,\"valueName\":\"search_term_string\"}}],\"inLanguage\":\"fr-FR\"}]}<\/script>\n<!-- \/ Yoast SEO plugin. -->","yoast_head_json":{"title":"Membres - Claire Gillet-Monjarret - Lab Entreprendre","robots":{"index":"index","follow":"follow","max-snippet":"max-snippet:-1","max-image-preview":"max-image-preview:large","max-video-preview":"max-video-preview:-1"},"canonical":"https:\/\/labex-entreprendre.fr\/?page_id=3142","og_locale":"fr_FR","og_type":"article","og_title":"Membres - Claire Gillet-Monjarret - Lab Entreprendre","og_description":"Claire GILLET-MONJARRET Ma\u00eetre de Conf\u00e9rences HDR \u00e0 l'Universit\u00e9 de MontpellierCoordonn\u00e9es \u00a0IUT 99 Avenue d'Occitanie, 34090 Montpellier Email : claire.monjarret[a]umontpellier.frFONCTIONS Responsable de l\u2019axe de recherche Management et Pratiques Responsables du laboratoire MRM Charg\u00e9e de mission D\u00e9veloppement Durable et Responsabilit\u00e9 Sociale (DDRS) au sein de l\u2019IUT de Montpellier-S\u00e8te &nbsp; FORMATION Habilitation \u00e0 Diriger de Recherches (HDR) 2020 [&hellip;]","og_url":"https:\/\/labex-entreprendre.fr\/?page_id=3142","og_site_name":"Lab Entreprendre","article_modified_time":"2023-01-16T09:30:30+00:00","twitter_card":"summary_large_image","twitter_misc":{"Dur\u00e9e de lecture estim\u00e9e":"7 minutes"},"schema":{"@context":"https:\/\/schema.org","@graph":[{"@type":"WebPage","@id":"https:\/\/labex-entreprendre.fr\/?page_id=3142","url":"https:\/\/labex-entreprendre.fr\/?page_id=3142","name":"Membres - Claire Gillet-Monjarret - Lab Entreprendre","isPartOf":{"@id":"https:\/\/labex-entreprendre.fr\/#website"},"datePublished":"2022-12-12T09:27:17+00:00","dateModified":"2023-01-16T09:30:30+00:00","breadcrumb":{"@id":"https:\/\/labex-entreprendre.fr\/?page_id=3142#breadcrumb"},"inLanguage":"fr-FR","potentialAction":[{"@type":"ReadAction","target":["https:\/\/labex-entreprendre.fr\/?page_id=3142"]}]},{"@type":"BreadcrumbList","@id":"https:\/\/labex-entreprendre.fr\/?page_id=3142#breadcrumb","itemListElement":[{"@type":"ListItem","position":1,"name":"Home","item":"https:\/\/labex-entreprendre.fr\/"},{"@type":"ListItem","position":2,"name":"Membres &#8211; Claire Gillet-Monjarret"}]},{"@type":"WebSite","@id":"https:\/\/labex-entreprendre.fr\/#website","url":"https:\/\/labex-entreprendre.fr\/","name":"Lab Entreprendre","description":"Universit\u00e9 de Montpellier","potentialAction":[{"@type":"SearchAction","target":{"@type":"EntryPoint","urlTemplate":"https:\/\/labex-entreprendre.fr\/?s={search_term_string}"},"query-input":{"@type":"PropertyValueSpecification","valueRequired":true,"valueName":"search_term_string"}}],"inLanguage":"fr-FR"}]}},"_links":{"self":[{"href":"https:\/\/labex-entreprendre.fr\/index.php?rest_route=\/wp\/v2\/pages\/3142","targetHints":{"allow":["GET"]}}],"collection":[{"href":"https:\/\/labex-entreprendre.fr\/index.php?rest_route=\/wp\/v2\/pages"}],"about":[{"href":"https:\/\/labex-entreprendre.fr\/index.php?rest_route=\/wp\/v2\/types\/page"}],"author":[{"embeddable":true,"href":"https:\/\/labex-entreprendre.fr\/index.php?rest_route=\/wp\/v2\/users\/4"}],"replies":[{"embeddable":true,"href":"https:\/\/labex-entreprendre.fr\/index.php?rest_route=%2Fwp%2Fv2%2Fcomments&post=3142"}],"version-history":[{"count":4,"href":"https:\/\/labex-entreprendre.fr\/index.php?rest_route=\/wp\/v2\/pages\/3142\/revisions"}],"predecessor-version":[{"id":3232,"href":"https:\/\/labex-entreprendre.fr\/index.php?rest_route=\/wp\/v2\/pages\/3142\/revisions\/3232"}],"wp:attachment":[{"href":"https:\/\/labex-entreprendre.fr\/index.php?rest_route=%2Fwp%2Fv2%2Fmedia&parent=3142"}],"curies":[{"name":"wp","href":"https:\/\/api.w.org\/{rel}","templated":true}]}}