{"id":2950,"date":"2022-10-12T15:29:27","date_gmt":"2022-10-12T13:29:27","guid":{"rendered":"https:\/\/labex-entreprendre.fr\/?page_id=2950"},"modified":"2022-12-05T13:39:11","modified_gmt":"2022-12-05T12:39:11","slug":"membres-roy-thurik","status":"publish","type":"page","link":"https:\/\/labex-entreprendre.fr\/?page_id=2950","title":{"rendered":"Membres &#8211; Roy Thurik"},"content":{"rendered":"<p>[et_pb_section fb_built=\u00a0\u00bb1&Prime; _builder_version=\u00a0\u00bb4.16&Prime; _module_preset=\u00a0\u00bbdefault\u00a0\u00bb locked=\u00a0\u00bboff\u00a0\u00bb global_colors_info=\u00a0\u00bb{}\u00a0\u00bb][et_pb_row _builder_version=\u00a0\u00bb4.16&Prime; _module_preset=\u00a0\u00bbdefault\u00a0\u00bb global_colors_info=\u00a0\u00bb{}\u00a0\u00bb][et_pb_column type=\u00a0\u00bb4_4&Prime; _builder_version=\u00a0\u00bb4.16&Prime; _module_preset=\u00a0\u00bbdefault\u00a0\u00bb global_colors_info=\u00a0\u00bb{}\u00a0\u00bb][et_pb_text _builder_version=\u00a0\u00bb4.17.4&Prime; _module_preset=\u00a0\u00bbdefault\u00a0\u00bb text_font=\u00a0\u00bb|600||on|||||\u00a0\u00bb text_text_color=\u00a0\u00bb#18305D\u00a0\u00bb header_3_font=\u00a0\u00bb|700||on|||||\u00a0\u00bb header_3_text_color=\u00a0\u00bb#18305D\u00a0\u00bb hover_enabled=\u00a0\u00bb0&Prime; global_colors_info=\u00a0\u00bb{}\u00a0\u00bb sticky_enabled=\u00a0\u00bb0&Prime;]<\/p>\n<h3><span style=\"color: #993366;\">Roy Thurik<\/span><\/h3>\n<p>Full Professeur en Entrepreneuriat (Montpellier Business School), Professeur \u00e9m\u00e9rite en \u00c9conomie (Erasmus School of Economics, Rotterdam)<\/p>\n<p>[\/et_pb_text][\/et_pb_column][\/et_pb_row][et_pb_row column_structure=\u00a0\u00bb1_3,2_3&Prime; custom_padding_last_edited=\u00a0\u00bbon|desktop\u00a0\u00bb module_class=\u00a0\u00bbprofiles\u00a0\u00bb _builder_version=\u00a0\u00bb4.16&Prime; _module_preset=\u00a0\u00bbdefault\u00a0\u00bb background_color=\u00a0\u00bbRGBA(0,0,0,0)\u00a0\u00bb custom_margin=\u00a0\u00bb40px||||false|false\u00a0\u00bb custom_padding=\u00a0\u00bb0px|0px|0px|0px|true|true\u00a0\u00bb custom_padding_tablet=\u00a0\u00bb80px|80px|80px|80px|true|true\u00a0\u00bb custom_padding_phone=\u00a0\u00bb0px|0px|0px|0px|true|true\u00a0\u00bb locked=\u00a0\u00bboff\u00a0\u00bb global_colors_info=\u00a0\u00bb{}\u00a0\u00bb][et_pb_column type=\u00a0\u00bb1_3&Prime; _builder_version=\u00a0\u00bb4.16&Prime; _module_preset=\u00a0\u00bbdefault\u00a0\u00bb background_enable_image=\u00a0\u00bboff\u00a0\u00bb global_colors_info=\u00a0\u00bb{}\u00a0\u00bb][et_pb_image src=\u00a0\u00bbhttps:\/\/labex-entreprendre.fr\/wp-content\/uploads\/2022\/10\/Roy_Thurik_-_2014-1.jpg\u00a0\u00bb title_text=\u00a0\u00bbRoy_Thurik_-_2014&Prime; _builder_version=\u00a0\u00bb4.17.4&Prime; _module_preset=\u00a0\u00bbdefault\u00a0\u00bb hover_enabled=\u00a0\u00bb0&Prime; global_colors_info=\u00a0\u00bb{}\u00a0\u00bb sticky_enabled=\u00a0\u00bb0&Prime;][\/et_pb_image][et_pb_text _builder_version=\u00a0\u00bb4.17.4&Prime; _module_preset=\u00a0\u00bbdefault\u00a0\u00bb text_font=\u00a0\u00bbSource Sans Pro||||||||\u00a0\u00bb text_text_color=\u00a0\u00bb#18305D\u00a0\u00bb text_line_height=\u00a0\u00bb1.3em\u00a0\u00bb header_font=\u00a0\u00bb|800|||||||\u00a0\u00bb header_text_color=\u00a0\u00bb#8E2DAF\u00a0\u00bb header_2_font=\u00a0\u00bb|800|||||||\u00a0\u00bb header_2_text_color=\u00a0\u00bb#18305D\u00a0\u00bb header_3_font=\u00a0\u00bbSource Sans Pro|700||on|||||\u00a0\u00bb header_3_text_color=\u00a0\u00bb#18305D\u00a0\u00bb header_3_font_size=\u00a0\u00bb18px\u00a0\u00bb hover_enabled=\u00a0\u00bb0&Prime; global_colors_info=\u00a0\u00bb{}\u00a0\u00bb sticky_enabled=\u00a0\u00bb0&Prime;]<\/p>\n<h3>Coordonn\u00e9es<\/h3>\n<p>Montpellier Business School, 2300, Avenue des Moulins, 34185 Montpellier Cedex 4 \u2013 France<\/p>\n<p><span><strong>Email :<\/strong> <a href=\"mailto:r.thurik@montpellier-bs.com\">r.thurik[a]montpellier-bs.com<\/a><\/span><\/p>\n<p><b>Bureau :\u00a0<\/b>JI2.122<\/p>\n<p>[\/et_pb_text][et_pb_button button_url=\u00a0\u00bbwww.thurik.com\u00a0\u00bb button_text=\u00a0\u00bbEn savoir plus\u00a0\u00bb button_alignment=\u00a0\u00bbcenter\u00a0\u00bb _builder_version=\u00a0\u00bb4.17.4&Prime; custom_button=\u00a0\u00bbon\u00a0\u00bb button_text_size=\u00a0\u00bb14px\u00a0\u00bb button_text_color=\u00a0\u00bb#FFFFFF\u00a0\u00bb button_bg_color=\u00a0\u00bb#8E2DAF\u00a0\u00bb button_border_width=\u00a0\u00bb0px\u00a0\u00bb button_border_color=\u00a0\u00bb#FFFFFF\u00a0\u00bb button_border_radius=\u00a0\u00bb0px\u00a0\u00bb button_letter_spacing=\u00a0\u00bb1px\u00a0\u00bb button_font=\u00a0\u00bb|700||on|||||\u00a0\u00bb button_icon=\u00a0\u00bb&#xf061;||fa||900&Prime; custom_margin=\u00a0\u00bb0px||||false|false\u00a0\u00bb custom_padding=\u00a0\u00bb14px|40px|14px|40px|true|false\u00a0\u00bb hover_enabled=\u00a0\u00bb0&Prime; locked=\u00a0\u00bboff\u00a0\u00bb global_colors_info=\u00a0\u00bb{}\u00a0\u00bb button_bg_color__hover_enabled=\u00a0\u00bbon\u00a0\u00bb box_shadow_vertical__hover=\u00a0\u00bb200px\u00a0\u00bb box_shadow_horizontal__hover_enabled=\u00a0\u00bbon\u00a0\u00bb box_shadow_horizontal__hover=\u00a0\u00bb350px\u00a0\u00bb button_text_color__hover_enabled=\u00a0\u00bbon|hover\u00a0\u00bb button_text_color__hover=\u00a0\u00bb#56BADE\u00a0\u00bb button_bg_color__hover=\u00a0\u00bbrgba(255,255,255,0)\u00a0\u00bb sticky_enabled=\u00a0\u00bb0&Prime;][\/et_pb_button][\/et_pb_column][et_pb_column type=\u00a0\u00bb2_3&Prime; _builder_version=\u00a0\u00bb4.16&Prime; _module_preset=\u00a0\u00bbdefault\u00a0\u00bb background_enable_image=\u00a0\u00bboff\u00a0\u00bb global_colors_info=\u00a0\u00bb{}\u00a0\u00bb][et_pb_text _builder_version=\u00a0\u00bb4.17.4&Prime; _module_preset=\u00a0\u00bbdefault\u00a0\u00bb text_font=\u00a0\u00bbSource Sans Pro||||||||\u00a0\u00bb text_text_color=\u00a0\u00bb#18305D\u00a0\u00bb text_line_height=\u00a0\u00bb1.3em\u00a0\u00bb header_font=\u00a0\u00bb|800|||||||\u00a0\u00bb header_text_color=\u00a0\u00bb#8E2DAF\u00a0\u00bb header_2_font=\u00a0\u00bb|800|||||||\u00a0\u00bb header_2_text_color=\u00a0\u00bb#18305D\u00a0\u00bb header_3_font=\u00a0\u00bbSource Sans Pro|700||on|||||\u00a0\u00bb header_3_text_color=\u00a0\u00bb#18305D\u00a0\u00bb header_3_font_size=\u00a0\u00bb18px\u00a0\u00bb hover_enabled=\u00a0\u00bb0&Prime; global_colors_info=\u00a0\u00bb{}\u00a0\u00bb sticky_enabled=\u00a0\u00bb0&Prime;]<\/p>\n<p><strong>FONCTIONS<\/strong><\/p>\n<ul>\n<li><span>Research fellow, <\/span><a href=\"https:\/\/www.erim.eur.nl\/\">Erasmus Research Institute for Management<\/a><\/li>\n<li>Fellow, <a href=\"http:\/\/www.tinbergen.nl\/\">Tinbergen Institute<\/a><\/li>\n<li><span>Director, <\/span><a href=\"Casbec\/casbec.htm\"><span>CASBEC <\/span><\/a><span>(Centre for Advanced Small Business Economics)<\/span><\/li>\n<li><span>Academic director, <\/span><a href=\"http:\/\/www.ece.nl\"><span>ECE<\/span><\/a><span>(Erasmus Centre for Entrepreneurship)<\/span><br \/><span><\/span><\/li>\n<li><span>Director, <\/span><a href=\"http:\/\/www.euribeb.nl\"><span>EURIBEB<\/span><\/a><span> (Erasmus University Rotterdam Institute for Behavior and Biology)<\/span><br \/><span><\/span><\/li>\n<li><span>Research fellow, <\/span><a href=\"https:\/\/spea.indiana.edu\/institute-development-strategies\/home.html\"><span>IDS<\/span><\/a><span>\u00a0(Institute for Development Strategies) School for Public and Environmental <\/span><span>Affairs, Indiana University<\/span><br \/><span><\/span><\/li>\n<li><span>Research fellow, <\/span><a href=\"http:\/\/www.iza.org\"><span>IZA<\/span><\/a><span>\u00a0(Institute for the Study of Labor) Bonn Germany<\/span><br \/><span><\/span><\/li>\n<li><span>Chair, <\/span><a href=\"http:\/\/www.dare-research.nl\/\"><span>DARE<\/span><\/a><span>\u00a0(Dutch Academy of Research in Entrepreneurship)<\/span><\/li>\n<\/ul>\n<p><strong><\/strong><\/p>\n<p><strong>FORMATION<\/strong><\/p>\n<p>Doctorat en sciences \u00e9conomiques, 1984, Erasmus University Rotterdam\u00a0<\/p>\n<p><strong><\/strong><\/p>\n<p><strong>TH\u00c9MATIQUE(S) DE RECHERCHE<\/strong><\/p>\n<p>Mes recherches portent sur le r\u00f4le des petites entreprises dans les march\u00e9s, le r\u00f4le des chefs d\u2019entreprises dans les entreprises, l\u2019organisation industrielle et la politique, la g\u00e9no-\u00e9conomie, l\u2019entrepreneuriat naissant, et les cons\u00e9quences et causes de l\u2019entrepreneuriat dans l\u2019\u00e9conomie.<\/p>\n<p><strong><\/strong><\/p>\n<p><strong>PRINCIPALES PUBLICATIONS en 2022 et 2021 (voir <\/strong><a href=\"http:\/\/www.thurik.com\"><strong>www.thurik.com<\/strong><\/a><strong> pour 2020 et ant\u00e9rieur)<\/strong><\/p>\n<table>\n<tbody>\n<tr>\n<td>\n<p>2022<\/p>\n<\/td>\n<td>\n<p>Wismans, Annelot,\u00a0 Peter van der Zwan, Karl Wennberg, Ingmar Franken, Jinia Mukerjee, Rui Baptista, Jorge Barrientos Mar\u00edn, Andrew Burke, Marcus Dejardin, Frank Janssen, Srebrenka Letina, Jos\u00e9 Mar\u00eda Mill\u00e1n, Enrico Santarelli, Olivier Torr\u00e8s and Roy Thurik\u00a0 (2022), Face mask use during the COVID-19 pandemic: how risk perception, experience with COVID-19, and attitude towards government interact with country-wide policy stringency,\u00a0<em>BMC Public Health<\/em>, 22, article number 1622.\u00a0<a href=\"Articles\/Face%20mask%20use%20during%20Covid-19%20pandemic%202022-BMC_Public_Health.pdf\">have-a-look<\/a>,\u00a0<a href=\"https:\/\/doi.org\/10.1186\/s12889-022-13632-9\">https:\/\/doi.org\/10.1186\/s12889-022-13632-9<\/a>.<\/p>\n<\/td>\n<\/tr>\n<tr>\n<td><\/td>\n<td>\n<p>Belitski, M., Ch. Guenther, A.S. Kritikos and R. Thurik (2022), Economic Effects of the COVID-19 Pandemic on Entrepreneurship and Small Businesses,\u00a0<em>Small Business Economics<\/em>\u00a0, 58, 593\u2013609.\u00a0<a href=\"Articles\/Economic%20effects%20of%20the%20covid-19%20pandemic%20Belitski_et_al.pdf\">have-a-look<\/a>.\u00a0<a href=\"https:\/\/doi.org\/10.1007\/s11187-021-00544-y\">https:\/\/doi.org\/10.1007\/s11187-021-00544-y<\/a><\/p>\n<\/td>\n<\/tr>\n<tr>\n<td><\/td>\n<td>\n<p>Torr\u00e8s, O., Ch. Fisch, A. Swalhi, J. Mukerjee, A. Benzari and R. Thurik (2022), Risk of burnout in French entrepreneurs and the covid-19 crisis,\u00a0<em>Small Business Economics<\/em>, 58, 717\u2013739.\u00a0<a href=\"Articles\/Risk%20of%20burnout%20in%20French%20entrepreneurs.pdf\">have-a-look<\/a>,\u00a0<a href=\"https:\/\/doi.org\/10.1007\/s11187-021-00516-2\">https:\/\/doi.org\/10.1007\/s11187-021-00516-2<\/a><\/p>\n<\/td>\n<\/tr>\n<tr>\n<td>\n<p>2021<\/p>\n<\/td>\n<td>\n<p>Wismans, A., R. Thurik, R. Batista, M. Dejardin, F. Janssen and I. Franken (2021), Psychological characteristics and the mediating role of the 5C Model in explaining students&rsquo; COVID-19 vaccination intention,\u00a0<em>PlosOne<\/em>, Aug 11;16(8):e0255382.\u00a0<a href=\"Articles\/Psychological%20characteristics%20and%20the%20mediating%20role%20of%20the%205C%20Model%20in%20explaining%20students%E2%80%99%20COVID-19%20vaccination%20intention.pdf\">have-a-look<\/a>.\u00a0<a href=\"https:\/\/pubmed.ncbi.nlm.nih.gov\/34379648\/\">doi: 10.1371\/journal.pone.0255382<\/a>.<\/p>\n<\/td>\n<\/tr>\n<tr>\n<td><\/td>\n<td>\n<p>Mills, M.C., F.C. Tropf, &#8230; , A.R. Thurik, &#8230; , N. Barban and F.R. Day (2021), Identification of 371 genetic variants for age at first sex and birth linked to externalising behaviour,\u00a0<em>Nature Human Behaviour<\/em>, 5, 1717\u20131730.\u00a0<a href=\"Articles\/Identification%20of%20371%20genetic%20variants%20for%20age%20at%20first%20sex%20and%20birth%20linked%20to%20externalising%20behaviour.pdf\">have-a-look<\/a>.\u00a0<a href=\"https:\/\/www.nature.com\/articles\/s41562-021-01135-3\">https:\/\/www.nature.com\/articles\/s41562-021-01135-3<\/a><\/p>\n<\/td>\n<\/tr>\n<tr>\n<td><\/td>\n<td>\n<p>Fisch Ch., I.H.A. Franken and A.R. Thurik (2021), The role of behavioral and electrophysiological measures in entrepreneurship,<em>\u00a0Journal of Business Venturing Insights<\/em>, 16 (November), e00253.\u00a0<a href=\"Articles\/Are%20behavioral%20and%20electrophysiological%20measures%20of%20impulsivity%20useful%20for%20predicting%20entrepreneurship.pdf\">have-a-look<\/a>.\u00a0<a href=\"https:\/\/doi.org\/10.1016\/j.jbvi.2021.e00253\">https:\/\/doi.org\/10.1016\/j.jbvi.2021.e00253<\/a><\/p>\n<\/td>\n<\/tr>\n<tr>\n<td><\/td>\n<td>\n<p>Torr\u00e8s, O., Ch. Fisch, J. Mukerjee, F. Lasch and R. Thurik (2021),\u00a0Health perception of French SME owners during the covid-19 pandemic,\u00a0<em>International Review of Entrepreneurship<\/em>, 19(2), 151-168.\u00a0<a href=\"Articles\/Health%20Perception%20of%20French%20SME%20Owners%20during%20the%202020%20COVID-19%20Pandemic.pdf\">have-a-look<\/a>.<\/p>\n<\/td>\n<\/tr>\n<tr>\n<td><\/td>\n<td>\n<p>Rietveld, C.A., E.A.W. Slob and A.R. Thurik (2021), A decade of research on the genetics of entrepreneurship: a review and a view ahead,\u00a0<em>Small Business Economics<\/em>, 57, 1303\u20131317.\u00a0<a href=\"Articles\/A%20decade%20of%20research%20on%20the%20genetics%20of%20entrepreneurship%20SBEJ.pdf\">have-a-look<\/a>,\u00a0<a href=\"https:\/\/doi.org\/10.1007\/s11187-020-00349-5\">https:\/\/doi.org\/10.1007\/s11187-020-00349-5<\/a><\/p>\n<\/td>\n<\/tr>\n<tr>\n<td><\/td>\n<td>\n<p>Wismans, A., S. Letina, &#8230;. R. Thurik, &#8230;. I. Franken (2021), The role of impulsivity and delay discounting in student compliance with COVID-19 protective measures,\u00a0<em>Personality and Individual Differences<\/em>, 110925,\u00a0<a href=\"Articles\/The%20role%20of%20impulsivity%20and%20delay%20discounting%20in%20PAID.pdf\">have-a-look<\/a>.\u00a0<a href=\"https:\/\/doi.org\/10.1016\/j.paid.2021.110925\">https:\/\/doi.org\/10.1016\/j.paid.2021.110925<\/a><\/p>\n<\/td>\n<\/tr>\n<tr>\n<td><\/td>\n<td>\n<p>Janssen, F., M. Tremblay, J. St-Pierre, R. Thurik and A. Maalaoui (2021), L&rsquo;entrepreneuriat et la PME \u00e0 l&rsquo;heure de la COVID-19 &#8230; et apr\u00e8s!,\u00a0<em>Revue Internationale P.M.E.<\/em>, 34(2), 6-12.\u00a0<a href=\"Articles\/L%E2%80%99entrepreneuriat%20et%20la%20PME%20a%CC%80%20l%E2%80%99heure%20du%20COVID-19.pdf\">have-a-look<\/a>.\u00a0<a href=\"https:\/\/doi.org\/10.7202\/1079175ar\">https:\/\/doi.org\/10.7202\/1079175ar<\/a><\/p>\n<\/td>\n<\/tr>\n<tr>\n<td><\/td>\n<td>\n<p>Torr\u00e8s, O., A. Benzari, A. Swalhi and A.R. Thurik (2021),\u00a0\u00a0Confinement et risque de burnout des dirigeants-propri\u00e9taires de PME : le\u00a0<em>syndrome d\u2019\u00e9puisement d\u2019emp\u00eachement<\/em>,\u00a0<em>Revue Internationale P.M.E.<\/em>, 34(2), 62-80.\u00a0<a href=\"French%20etc\/Confinement%20et%20risque%20de%20burnout%20des%20dirigeants%20proprie%CC%81taires%20de%20PME%20:%20le%20syndrome%20d%E2%80%99e%CC%81puisement%20d%E2%80%99empe%CC%82chement.pdf\">have-a-look<\/a>.<\/p>\n<\/td>\n<\/tr>\n<tr>\n<td><\/td>\n<td>\n<p>Wismans, A., K. Kamei, A.R. Thurik and O. Torr\u00e8s (2021), The link between ADHD symptoms and entrepreneurial orientation in Japanese business owners,\u00a0<em>Management Review Quarterly<\/em>, 71, 857-872.\u00a0<a href=\"Articles\/The%20link%20between%20attention-deficit%20hyperactivity%20disorder%20symptoms%20and%20entrepreneurial%20orientation%20in%20Japanese%20business%20owners%20MRQ%202020.pdf\">have-a-look<\/a>,\u00a0<a href=\"https:\/\/eur03.safelinks.protection.outlook.com\/?url=http:%2F%2Flinks.springernature.com%2Ff%2Fa%2FoyKpts3sYQuJ9mtTZhxOjQ%7E%7E%2FAABE5gA%7E%2FRgRhfaHyP0QwaHR0cDovL3d3dy5zcHJpbmdlci5jb20vLS8xL0FYVjdEMlZ5RGZ4blZWYnpiZnhDVwNzcGNCCgBGcm6cX40Qi49SEndpc21hbnNAZXNlLmV1ci5ubFgEAAAG5w%7E%7E&amp;data=04%7C01%7Cthurik%40ese.eur.nl%7Ca0bc82f227774f0721da08d87d7dbedb%7C715902d6f63e4b8d929b4bb170bad492%7C0%7C0%7C637397326308464579%7CUnknown%7CTWFpbGZsb3d8eyJWIjoiMC4wLjAwMDAiLCJQIjoiV2luMzIiLCJBTiI6Ik1haWwiLCJXVCI6Mn0%3D%7C1000&amp;sdata=MmdXB4aMQP41ZFLL2B3n79GhpKskV47Pj0fUxKqXxTI%3D&amp;reserved=0\">https:\/\/doi.org\/10.1007\/s11301-020-00202-9<\/a><\/p>\n<\/td>\n<\/tr>\n<tr>\n<td><\/td>\n<td>\n<p>Leung, Y.K., I. Franken, A.R. Thurik, M. Driessen, K. Kamei, O. Torr\u00e8s and I. Verheul (2021),\u00a0 Narcissism and entrepreneurship: Evidence from six datasets,\u00a0<em>Journal of Business Venturing Insights<\/em>, 15 (June), e00216.\u00a0<a href=\"Articles\/Narcissism%20and%20entrepreneurship%20JBVI%202021.pdf\">have-a-look<\/a>,\u00a0<a href=\"https:\/\/doi.org\/10.1016\/j.jbvi.2020.e00216\">https:\/\/doi.org\/10.1016\/j.jbvi.2020.e00216<\/a><\/p>\n<\/td>\n<\/tr>\n<\/tbody>\n<\/table>\n<p>[\/et_pb_text][\/et_pb_column][\/et_pb_row][\/et_pb_section]<\/p>\n","protected":false},"excerpt":{"rendered":"<p>Roy Thurik Full Professeur en Entrepreneuriat (Montpellier Business School), Professeur \u00e9m\u00e9rite en \u00c9conomie (Erasmus School of Economics, Rotterdam)Coordonn\u00e9es Montpellier Business School, 2300, Avenue des Moulins, 34185 Montpellier Cedex 4 \u2013 France Email : r.thurik[a]montpellier-bs.com Bureau :\u00a0JI2.122FONCTIONS Research fellow, Erasmus Research Institute for Management Fellow, Tinbergen Institute Director, CASBEC (Centre for Advanced Small Business Economics) Academic [&hellip;]<\/p>\n","protected":false},"author":4,"featured_media":0,"parent":0,"menu_order":0,"comment_status":"closed","ping_status":"closed","template":"","meta":{"_et_pb_use_builder":"on","_et_pb_old_content":"","_et_gb_content_width":"","footnotes":""},"class_list":["post-2950","page","type-page","status-publish","hentry"],"yoast_head":"<!-- This site is optimized with the Yoast SEO plugin v23.4 - https:\/\/yoast.com\/wordpress\/plugins\/seo\/ -->\n<title>Membres - Roy Thurik - Lab Entreprendre<\/title>\n<meta name=\"robots\" content=\"index, follow, max-snippet:-1, max-image-preview:large, max-video-preview:-1\" \/>\n<link rel=\"canonical\" href=\"https:\/\/labex-entreprendre.fr\/?page_id=2950\" \/>\n<meta property=\"og:locale\" content=\"fr_FR\" \/>\n<meta property=\"og:type\" content=\"article\" \/>\n<meta property=\"og:title\" content=\"Membres - Roy Thurik - Lab Entreprendre\" \/>\n<meta property=\"og:description\" content=\"Roy Thurik Full Professeur en Entrepreneuriat (Montpellier Business School), Professeur \u00e9m\u00e9rite en \u00c9conomie (Erasmus School of Economics, Rotterdam)Coordonn\u00e9es Montpellier Business School, 2300, Avenue des Moulins, 34185 Montpellier Cedex 4 \u2013 France Email : r.thurik[a]montpellier-bs.com Bureau :\u00a0JI2.122FONCTIONS Research fellow, Erasmus Research Institute for Management Fellow, Tinbergen Institute Director, CASBEC (Centre for Advanced Small Business Economics) Academic [&hellip;]\" \/>\n<meta property=\"og:url\" content=\"https:\/\/labex-entreprendre.fr\/?page_id=2950\" \/>\n<meta property=\"og:site_name\" content=\"Lab Entreprendre\" \/>\n<meta property=\"article:modified_time\" content=\"2022-12-05T12:39:11+00:00\" \/>\n<meta name=\"twitter:card\" content=\"summary_large_image\" \/>\n<meta name=\"twitter:label1\" content=\"Dur\u00e9e de lecture estim\u00e9e\" \/>\n\t<meta name=\"twitter:data1\" content=\"6 minutes\" \/>\n<script type=\"application\/ld+json\" class=\"yoast-schema-graph\">{\"@context\":\"https:\/\/schema.org\",\"@graph\":[{\"@type\":\"WebPage\",\"@id\":\"https:\/\/labex-entreprendre.fr\/?page_id=2950\",\"url\":\"https:\/\/labex-entreprendre.fr\/?page_id=2950\",\"name\":\"Membres - Roy Thurik - Lab Entreprendre\",\"isPartOf\":{\"@id\":\"https:\/\/labex-entreprendre.fr\/#website\"},\"datePublished\":\"2022-10-12T13:29:27+00:00\",\"dateModified\":\"2022-12-05T12:39:11+00:00\",\"breadcrumb\":{\"@id\":\"https:\/\/labex-entreprendre.fr\/?page_id=2950#breadcrumb\"},\"inLanguage\":\"fr-FR\",\"potentialAction\":[{\"@type\":\"ReadAction\",\"target\":[\"https:\/\/labex-entreprendre.fr\/?page_id=2950\"]}]},{\"@type\":\"BreadcrumbList\",\"@id\":\"https:\/\/labex-entreprendre.fr\/?page_id=2950#breadcrumb\",\"itemListElement\":[{\"@type\":\"ListItem\",\"position\":1,\"name\":\"Home\",\"item\":\"https:\/\/labex-entreprendre.fr\/\"},{\"@type\":\"ListItem\",\"position\":2,\"name\":\"Membres &#8211; Roy Thurik\"}]},{\"@type\":\"WebSite\",\"@id\":\"https:\/\/labex-entreprendre.fr\/#website\",\"url\":\"https:\/\/labex-entreprendre.fr\/\",\"name\":\"Lab Entreprendre\",\"description\":\"Universit\u00e9 de Montpellier\",\"potentialAction\":[{\"@type\":\"SearchAction\",\"target\":{\"@type\":\"EntryPoint\",\"urlTemplate\":\"https:\/\/labex-entreprendre.fr\/?s={search_term_string}\"},\"query-input\":{\"@type\":\"PropertyValueSpecification\",\"valueRequired\":true,\"valueName\":\"search_term_string\"}}],\"inLanguage\":\"fr-FR\"}]}<\/script>\n<!-- \/ Yoast SEO plugin. -->","yoast_head_json":{"title":"Membres - Roy Thurik - Lab Entreprendre","robots":{"index":"index","follow":"follow","max-snippet":"max-snippet:-1","max-image-preview":"max-image-preview:large","max-video-preview":"max-video-preview:-1"},"canonical":"https:\/\/labex-entreprendre.fr\/?page_id=2950","og_locale":"fr_FR","og_type":"article","og_title":"Membres - Roy Thurik - Lab Entreprendre","og_description":"Roy Thurik Full Professeur en Entrepreneuriat (Montpellier Business School), Professeur \u00e9m\u00e9rite en \u00c9conomie (Erasmus School of Economics, Rotterdam)Coordonn\u00e9es Montpellier Business School, 2300, Avenue des Moulins, 34185 Montpellier Cedex 4 \u2013 France Email : r.thurik[a]montpellier-bs.com Bureau :\u00a0JI2.122FONCTIONS Research fellow, Erasmus Research Institute for Management Fellow, Tinbergen Institute Director, CASBEC (Centre for Advanced Small Business Economics) Academic [&hellip;]","og_url":"https:\/\/labex-entreprendre.fr\/?page_id=2950","og_site_name":"Lab Entreprendre","article_modified_time":"2022-12-05T12:39:11+00:00","twitter_card":"summary_large_image","twitter_misc":{"Dur\u00e9e de lecture estim\u00e9e":"6 minutes"},"schema":{"@context":"https:\/\/schema.org","@graph":[{"@type":"WebPage","@id":"https:\/\/labex-entreprendre.fr\/?page_id=2950","url":"https:\/\/labex-entreprendre.fr\/?page_id=2950","name":"Membres - Roy Thurik - Lab Entreprendre","isPartOf":{"@id":"https:\/\/labex-entreprendre.fr\/#website"},"datePublished":"2022-10-12T13:29:27+00:00","dateModified":"2022-12-05T12:39:11+00:00","breadcrumb":{"@id":"https:\/\/labex-entreprendre.fr\/?page_id=2950#breadcrumb"},"inLanguage":"fr-FR","potentialAction":[{"@type":"ReadAction","target":["https:\/\/labex-entreprendre.fr\/?page_id=2950"]}]},{"@type":"BreadcrumbList","@id":"https:\/\/labex-entreprendre.fr\/?page_id=2950#breadcrumb","itemListElement":[{"@type":"ListItem","position":1,"name":"Home","item":"https:\/\/labex-entreprendre.fr\/"},{"@type":"ListItem","position":2,"name":"Membres &#8211; Roy Thurik"}]},{"@type":"WebSite","@id":"https:\/\/labex-entreprendre.fr\/#website","url":"https:\/\/labex-entreprendre.fr\/","name":"Lab Entreprendre","description":"Universit\u00e9 de Montpellier","potentialAction":[{"@type":"SearchAction","target":{"@type":"EntryPoint","urlTemplate":"https:\/\/labex-entreprendre.fr\/?s={search_term_string}"},"query-input":{"@type":"PropertyValueSpecification","valueRequired":true,"valueName":"search_term_string"}}],"inLanguage":"fr-FR"}]}},"_links":{"self":[{"href":"https:\/\/labex-entreprendre.fr\/index.php?rest_route=\/wp\/v2\/pages\/2950","targetHints":{"allow":["GET"]}}],"collection":[{"href":"https:\/\/labex-entreprendre.fr\/index.php?rest_route=\/wp\/v2\/pages"}],"about":[{"href":"https:\/\/labex-entreprendre.fr\/index.php?rest_route=\/wp\/v2\/types\/page"}],"author":[{"embeddable":true,"href":"https:\/\/labex-entreprendre.fr\/index.php?rest_route=\/wp\/v2\/users\/4"}],"replies":[{"embeddable":true,"href":"https:\/\/labex-entreprendre.fr\/index.php?rest_route=%2Fwp%2Fv2%2Fcomments&post=2950"}],"version-history":[{"count":3,"href":"https:\/\/labex-entreprendre.fr\/index.php?rest_route=\/wp\/v2\/pages\/2950\/revisions"}],"predecessor-version":[{"id":2971,"href":"https:\/\/labex-entreprendre.fr\/index.php?rest_route=\/wp\/v2\/pages\/2950\/revisions\/2971"}],"wp:attachment":[{"href":"https:\/\/labex-entreprendre.fr\/index.php?rest_route=%2Fwp%2Fv2%2Fmedia&parent=2950"}],"curies":[{"name":"wp","href":"https:\/\/api.w.org\/{rel}","templated":true}]}}