{"id":2936,"date":"2022-10-12T10:40:43","date_gmt":"2022-10-12T08:40:43","guid":{"rendered":"https:\/\/labex-entreprendre.fr\/?page_id=2936"},"modified":"2022-12-05T13:38:54","modified_gmt":"2022-12-05T12:38:54","slug":"membres-karim-messeghem","status":"publish","type":"page","link":"https:\/\/labex-entreprendre.fr\/?page_id=2936","title":{"rendered":"Membres &#8211; Karim Messeghem"},"content":{"rendered":"<p>[et_pb_section fb_built=\u00a0\u00bb1&Prime; _builder_version=\u00a0\u00bb4.16&Prime; _module_preset=\u00a0\u00bbdefault\u00a0\u00bb locked=\u00a0\u00bboff\u00a0\u00bb global_colors_info=\u00a0\u00bb{}\u00a0\u00bb][et_pb_row _builder_version=\u00a0\u00bb4.16&Prime; _module_preset=\u00a0\u00bbdefault\u00a0\u00bb global_colors_info=\u00a0\u00bb{}\u00a0\u00bb][et_pb_column type=\u00a0\u00bb4_4&Prime; _builder_version=\u00a0\u00bb4.16&Prime; _module_preset=\u00a0\u00bbdefault\u00a0\u00bb global_colors_info=\u00a0\u00bb{}\u00a0\u00bb][et_pb_text _builder_version=\u00a0\u00bb4.17.4&Prime; _module_preset=\u00a0\u00bbdefault\u00a0\u00bb text_font=\u00a0\u00bb|600||on|||||\u00a0\u00bb text_text_color=\u00a0\u00bb#18305D\u00a0\u00bb header_3_font=\u00a0\u00bb|700||on|||||\u00a0\u00bb header_3_text_color=\u00a0\u00bb#18305D\u00a0\u00bb hover_enabled=\u00a0\u00bb0&Prime; global_colors_info=\u00a0\u00bb{}\u00a0\u00bb sticky_enabled=\u00a0\u00bb0&Prime;]<\/p>\n<h3><span style=\"color: #993366;\">Karim Messeghem<\/span><\/h3>\n<p>Professeur des Universit\u00e9s en Sciences de Gestion (Universit\u00e9 de Montpellier &#8211; Montpellier Management)<\/p>\n<p>[\/et_pb_text][\/et_pb_column][\/et_pb_row][et_pb_row column_structure=\u00a0\u00bb1_3,2_3&Prime; custom_padding_last_edited=\u00a0\u00bbon|desktop\u00a0\u00bb module_class=\u00a0\u00bbprofiles\u00a0\u00bb _builder_version=\u00a0\u00bb4.16&Prime; _module_preset=\u00a0\u00bbdefault\u00a0\u00bb background_color=\u00a0\u00bbRGBA(0,0,0,0)\u00a0\u00bb custom_margin=\u00a0\u00bb40px||||false|false\u00a0\u00bb custom_padding=\u00a0\u00bb0px|0px|0px|0px|true|true\u00a0\u00bb custom_padding_tablet=\u00a0\u00bb80px|80px|80px|80px|true|true\u00a0\u00bb custom_padding_phone=\u00a0\u00bb0px|0px|0px|0px|true|true\u00a0\u00bb locked=\u00a0\u00bboff\u00a0\u00bb global_colors_info=\u00a0\u00bb{}\u00a0\u00bb][et_pb_column type=\u00a0\u00bb1_3&Prime; _builder_version=\u00a0\u00bb4.16&Prime; _module_preset=\u00a0\u00bbdefault\u00a0\u00bb background_enable_image=\u00a0\u00bboff\u00a0\u00bb global_colors_info=\u00a0\u00bb{}\u00a0\u00bb][et_pb_image src=\u00a0\u00bbhttps:\/\/labex-entreprendre.fr\/wp-content\/uploads\/2022\/10\/Karim-Messeghem-2.jpg\u00a0\u00bb title_text=\u00a0\u00bbKarim-Messeghem-2&Prime; _builder_version=\u00a0\u00bb4.17.4&Prime; _module_preset=\u00a0\u00bbdefault\u00a0\u00bb global_colors_info=\u00a0\u00bb{}\u00a0\u00bb][\/et_pb_image][et_pb_text _builder_version=\u00a0\u00bb4.17.4&Prime; _module_preset=\u00a0\u00bbdefault\u00a0\u00bb text_font=\u00a0\u00bbSource Sans Pro||||||||\u00a0\u00bb text_text_color=\u00a0\u00bb#18305D\u00a0\u00bb text_line_height=\u00a0\u00bb1.3em\u00a0\u00bb header_font=\u00a0\u00bb|800|||||||\u00a0\u00bb header_text_color=\u00a0\u00bb#8E2DAF\u00a0\u00bb header_2_font=\u00a0\u00bb|800|||||||\u00a0\u00bb header_2_text_color=\u00a0\u00bb#18305D\u00a0\u00bb header_3_font=\u00a0\u00bbSource Sans Pro|700||on|||||\u00a0\u00bb header_3_text_color=\u00a0\u00bb#18305D\u00a0\u00bb header_3_font_size=\u00a0\u00bb18px\u00a0\u00bb hover_enabled=\u00a0\u00bb0&Prime; global_colors_info=\u00a0\u00bb{}\u00a0\u00bb sticky_enabled=\u00a0\u00bb0&Prime;]<\/p>\n<h3>Coordonn\u00e9es<\/h3>\n<p>Adresse postale\u00a0: Montpellier Management \u2013 Espace Richter, B\u00e2t. D, Rue Vend\u00e9miaire, 34000 Montpellier<\/p>\n<p><span><strong>Email :<\/strong> <a href=\"mailto:karim.messeghem@umontpellier.fr\" target=\"_blank\" rel=\"noopener\">karim.messeghem[a]umontpellier.fr<\/a><\/span><\/p>\n<p><strong>T\u00e9l\u00e9phone : <\/strong>+33 (0)4 34 43 23 82<\/p>\n<p><span><strong>Bureau :<\/strong> D208<\/span><\/p>\n<p>[\/et_pb_text][et_pb_button button_url=\u00a0\u00bbhttps:\/\/www.montpellier-management.fr\/liste-des-enseignant-chercheur\/professeur-des-universites-karim-messeghem\/\u00a0\u00bb button_text=\u00a0\u00bbEn savoir plus\u00a0\u00bb button_alignment=\u00a0\u00bbcenter\u00a0\u00bb _builder_version=\u00a0\u00bb4.17.4&Prime; custom_button=\u00a0\u00bbon\u00a0\u00bb button_text_size=\u00a0\u00bb14px\u00a0\u00bb button_text_color=\u00a0\u00bb#FFFFFF\u00a0\u00bb button_bg_color=\u00a0\u00bb#8E2DAF\u00a0\u00bb button_border_width=\u00a0\u00bb0px\u00a0\u00bb button_border_color=\u00a0\u00bb#FFFFFF\u00a0\u00bb button_border_radius=\u00a0\u00bb0px\u00a0\u00bb button_letter_spacing=\u00a0\u00bb1px\u00a0\u00bb button_font=\u00a0\u00bb|700||on|||||\u00a0\u00bb button_icon=\u00a0\u00bb&#xf061;||fa||900&Prime; custom_margin=\u00a0\u00bb0px||||false|false\u00a0\u00bb custom_padding=\u00a0\u00bb14px|40px|14px|40px|true|false\u00a0\u00bb hover_enabled=\u00a0\u00bb0&Prime; locked=\u00a0\u00bboff\u00a0\u00bb global_colors_info=\u00a0\u00bb{}\u00a0\u00bb button_bg_color__hover_enabled=\u00a0\u00bbon\u00a0\u00bb box_shadow_vertical__hover=\u00a0\u00bb200px\u00a0\u00bb box_shadow_horizontal__hover_enabled=\u00a0\u00bbon\u00a0\u00bb box_shadow_horizontal__hover=\u00a0\u00bb350px\u00a0\u00bb button_text_color__hover_enabled=\u00a0\u00bbon|hover\u00a0\u00bb button_text_color__hover=\u00a0\u00bb#56BADE\u00a0\u00bb button_bg_color__hover=\u00a0\u00bbrgba(255,255,255,0)\u00a0\u00bb sticky_enabled=\u00a0\u00bb0&Prime;][\/et_pb_button][et_pb_button button_url=\u00a0\u00bbhttps:\/\/eelab.fr\u00a0\u00bb button_text=\u00a0\u00bbEELab\u00a0\u00bb button_alignment=\u00a0\u00bbcenter\u00a0\u00bb _builder_version=\u00a0\u00bb4.17.4&Prime; custom_button=\u00a0\u00bbon\u00a0\u00bb button_text_size=\u00a0\u00bb14px\u00a0\u00bb button_text_color=\u00a0\u00bb#FFFFFF\u00a0\u00bb button_bg_color=\u00a0\u00bb#8E2DAF\u00a0\u00bb button_border_width=\u00a0\u00bb0px\u00a0\u00bb button_border_color=\u00a0\u00bb#FFFFFF\u00a0\u00bb button_border_radius=\u00a0\u00bb0px\u00a0\u00bb button_letter_spacing=\u00a0\u00bb1px\u00a0\u00bb button_font=\u00a0\u00bb|700||on|||||\u00a0\u00bb button_icon=\u00a0\u00bb&#xf061;||fa||900&Prime; custom_margin=\u00a0\u00bb0px||||false|false\u00a0\u00bb custom_padding=\u00a0\u00bb14px|40px|14px|40px|true|false\u00a0\u00bb hover_enabled=\u00a0\u00bb0&Prime; locked=\u00a0\u00bboff\u00a0\u00bb global_colors_info=\u00a0\u00bb{}\u00a0\u00bb button_bg_color__hover_enabled=\u00a0\u00bbon\u00a0\u00bb box_shadow_vertical__hover=\u00a0\u00bb200px\u00a0\u00bb box_shadow_horizontal__hover_enabled=\u00a0\u00bbon\u00a0\u00bb box_shadow_horizontal__hover=\u00a0\u00bb350px\u00a0\u00bb button_text_color__hover_enabled=\u00a0\u00bbon|hover\u00a0\u00bb button_text_color__hover=\u00a0\u00bb#56BADE\u00a0\u00bb button_bg_color__hover=\u00a0\u00bbrgba(255,255,255,0)\u00a0\u00bb sticky_enabled=\u00a0\u00bb0&Prime;][\/et_pb_button][\/et_pb_column][et_pb_column type=\u00a0\u00bb2_3&Prime; _builder_version=\u00a0\u00bb4.16&Prime; _module_preset=\u00a0\u00bbdefault\u00a0\u00bb background_enable_image=\u00a0\u00bboff\u00a0\u00bb global_colors_info=\u00a0\u00bb{}\u00a0\u00bb][et_pb_text _builder_version=\u00a0\u00bb4.17.4&Prime; _module_preset=\u00a0\u00bbdefault\u00a0\u00bb text_font=\u00a0\u00bbSource Sans Pro||||||||\u00a0\u00bb text_text_color=\u00a0\u00bb#18305D\u00a0\u00bb text_line_height=\u00a0\u00bb1.3em\u00a0\u00bb header_font=\u00a0\u00bb|800|||||||\u00a0\u00bb header_text_color=\u00a0\u00bb#8E2DAF\u00a0\u00bb header_2_font=\u00a0\u00bb|800|||||||\u00a0\u00bb header_2_text_color=\u00a0\u00bb#18305D\u00a0\u00bb header_3_font=\u00a0\u00bbSource Sans Pro|700||on|||||\u00a0\u00bb header_3_text_color=\u00a0\u00bb#18305D\u00a0\u00bb header_3_font_size=\u00a0\u00bb18px\u00a0\u00bb hover_enabled=\u00a0\u00bb0&Prime; global_colors_info=\u00a0\u00bb{}\u00a0\u00bb sticky_enabled=\u00a0\u00bb0&Prime;]<\/p>\n<p><strong>FONCTIONS<\/strong><\/p>\n<ul>\n<li>Responsable scientifique de l\u2019\u00e9quipe GEM France<\/li>\n<li>Titulaire de la Chaire Entrepreneurial Ecosystem Lab (LabEx Entreprendre)<\/li>\n<li>Co-directeur des programmes Entrepreneurial support Lab et Entrepreneuriat et innovation technologiques (LabEx Entreprendre)<\/li>\n<li>Co-directeur des Masters Accompagnement entrepreneurial et Management de projet Intrapreneurial et digital (Montpellier Management \u2013 Universit\u00e9 de Montpellier)<\/li>\n<li>Co-directeur de l\u2019EMBA Strat\u00e9gie de croissance des PME, directeur de l\u2019Executive Pilotage financier de la croissance durable et directeur du DU Management des affaires<\/li>\n<li>R\u00e9dacteur associ\u00e9 de la Revue International PME (RIPME), membre du conseil de direction scientifique de la RIMHE et membre du comit\u00e9 scientifique de Management International<\/li>\n<li>Membre du Coll\u00e8ge Labellisation des Ouvrages en Management de la FNEGE<\/li>\n<\/ul>\n<p><strong><\/strong><\/p>\n<p><strong>FORMATION<\/strong><\/p>\n<ul>\n<li>Doctorat en Sciences de gestion<\/li>\n<li>Agr\u00e9gation du sup\u00e9rieur en sciences de gestion (management strat\u00e9gique)<\/li>\n<\/ul>\n<p>&nbsp;<\/p>\n<p><strong>TH\u00c9MATIQUE(S) DE RECHERCHE<\/strong><\/p>\n<p>Mes recherches portent sur les \u00e9cosyst\u00e8mes entrepreneuriaux, l\u2019accompagnement entrepreneurial et les strat\u00e9gies des PME (internationalisation, repreneuriat, etc.).<\/p>\n<p><strong><\/strong><\/p>\n<p><strong>PRINCIPALES PUBLICATIONS<\/strong><\/p>\n<ul>\n<li>Messeghem K., C. Theodoraki et E. Carayannis (2023), \u00ab\u00a0Pour une mod\u00e9lisation de l\u2019\u00e9cosyst\u00e8me entrepreneurial sous forme de sous-\u00e9cosyst\u00e8mes\u00a0: Apport de l\u2019approche des syst\u00e8mes complexes adaptatifs\u00a0\u00bb, <em>Management International<\/em>.<\/li>\n<li>Douaihy C., K. Messeghem, W. Nakara, D. Audretsch (2022), \u00ab\u00a0Entrepreneurship and poverty in developed countries: a systematic review, synthesis, and future research directions\u00a0\u00bb, <em>International Journal Entrepreneurship and Small Business<\/em>.<\/li>\n<li>Messeghem K. et L. Cloutier (2022), \u00ab\u00a0Evolution of Entrepreneurial Ecosystems: towards a configurational triptych\u00a0\u00bb, <em>Revue de l\u2019Entrepreneuriat<\/em>.<\/li>\n<li>Boumedjaoud D. et K. Messeghem et A. Khedhaouria (2022), \u00ab\u00a0Do external successors influence the entrepreneurial orientation of small businesses? The roles of self-efficacy, creativity, and entrepreneurial alertness\u00a0\u00bb, <em>Revue de l\u2019Entrepreneuriat<\/em>.<\/li>\n<li>Cohard P. et K. Messeghem (2022), \u00ab\u00a0A Measurement Scale for Agile Orientation\u00a0\u00bb, <em>Syst\u00e8mes d\u2019Information et Management<\/em>, Vol. 27, n\u00b01, p. 39-66.<\/li>\n<li>Cloutier L. et K. Messeghem (2022), \u00ab\u00a0Whirlwind model of entrepreneurial ecosystem path dependence\u00bb, <em>Small Business Economics, Vol. 59, n\u00b02, p. 611\u2013625<\/em>.<\/li>\n<\/ul>\n<p>&nbsp;<\/p>\n<p><strong>ENSEIGNEMENTS<\/strong><\/p>\n<p>Mes enseignements portent sur le management strat\u00e9gique, l\u2019entrepreneuriat et le management de l\u2019innovation.<\/p>\n<p><strong><\/strong><\/p>\n<p><strong>TRANSFERT ET VALORISATION DE LA RECHERCHE<\/strong><\/p>\n<ul>\n<li>Accompagnement d\u2019\u00e9tudiants porteurs de projets entrepreneuriaux (dispositif D2E \u2013 PEPITE)<\/li>\n<li>Coordination du volet formation de l\u2019Acc\u00e9l\u00e9rateur du r\u00e9seau Leader Occitanie<\/li>\n<li>Participation au COPIL, animation d\u2019ateliers et cr\u00e9ation du concours La Place aux pitchs \u00e0 La Place Cr\u00e9ative (forum annuel des entrepreneurs, CCI 34)<\/li>\n<li>Participation au COPIL et \u00e0 des tables-rondes au Congr\u00e8s Pro\u2019Cr\u00e9a (Congr\u00e8s des acteurs de l\u2019accompagnement entrepreneurial), depuis 2008<\/li>\n<li>Organisation de webinaires sur l\u2019accompagnement entrepreneurial et les \u00e9cosyst\u00e8mes entrepreneuriaux (<a href=\"https:\/\/www.youtube.com\/channel\/UCSFg-SWB7YS_FCiUQJiGmJw\">https:\/\/www.youtube.com\/channel\/UCSFg-SWB7YS_FCiUQJiGmJw<\/a>)<\/li>\n<\/ul>\n<p>[\/et_pb_text][\/et_pb_column][\/et_pb_row][\/et_pb_section]<\/p>\n","protected":false},"excerpt":{"rendered":"<p>Karim Messeghem Professeur des Universit\u00e9s en Sciences de Gestion (Universit\u00e9 de Montpellier &#8211; Montpellier Management)Coordonn\u00e9es Adresse postale\u00a0: Montpellier Management \u2013 Espace Richter, B\u00e2t. D, Rue Vend\u00e9miaire, 34000 Montpellier Email : karim.messeghem[a]umontpellier.fr T\u00e9l\u00e9phone : +33 (0)4 34 43 23 82 Bureau : D208FONCTIONS Responsable scientifique de l\u2019\u00e9quipe GEM France Titulaire de la Chaire Entrepreneurial Ecosystem Lab [&hellip;]<\/p>\n","protected":false},"author":4,"featured_media":0,"parent":0,"menu_order":0,"comment_status":"closed","ping_status":"closed","template":"","meta":{"_et_pb_use_builder":"on","_et_pb_old_content":"","_et_gb_content_width":"","footnotes":""},"class_list":["post-2936","page","type-page","status-publish","hentry"],"yoast_head":"<!-- This site is optimized with the Yoast SEO plugin v23.4 - https:\/\/yoast.com\/wordpress\/plugins\/seo\/ -->\n<title>Membres - Karim Messeghem - Lab Entreprendre<\/title>\n<meta name=\"robots\" content=\"index, follow, max-snippet:-1, max-image-preview:large, max-video-preview:-1\" \/>\n<link rel=\"canonical\" href=\"https:\/\/labex-entreprendre.fr\/?page_id=2936\" \/>\n<meta property=\"og:locale\" content=\"fr_FR\" \/>\n<meta property=\"og:type\" content=\"article\" \/>\n<meta property=\"og:title\" content=\"Membres - Karim Messeghem - Lab Entreprendre\" \/>\n<meta property=\"og:description\" content=\"Karim Messeghem Professeur des Universit\u00e9s en Sciences de Gestion (Universit\u00e9 de Montpellier - Montpellier Management)Coordonn\u00e9es Adresse postale\u00a0: Montpellier Management \u2013 Espace Richter, B\u00e2t. D, Rue Vend\u00e9miaire, 34000 Montpellier Email : karim.messeghem[a]umontpellier.fr T\u00e9l\u00e9phone : +33 (0)4 34 43 23 82 Bureau : D208FONCTIONS Responsable scientifique de l\u2019\u00e9quipe GEM France Titulaire de la Chaire Entrepreneurial Ecosystem Lab [&hellip;]\" \/>\n<meta property=\"og:url\" content=\"https:\/\/labex-entreprendre.fr\/?page_id=2936\" \/>\n<meta property=\"og:site_name\" content=\"Lab Entreprendre\" \/>\n<meta property=\"article:modified_time\" content=\"2022-12-05T12:38:54+00:00\" \/>\n<meta name=\"twitter:card\" content=\"summary_large_image\" \/>\n<meta name=\"twitter:label1\" content=\"Dur\u00e9e de lecture estim\u00e9e\" \/>\n\t<meta name=\"twitter:data1\" content=\"5 minutes\" \/>\n<script type=\"application\/ld+json\" class=\"yoast-schema-graph\">{\"@context\":\"https:\/\/schema.org\",\"@graph\":[{\"@type\":\"WebPage\",\"@id\":\"https:\/\/labex-entreprendre.fr\/?page_id=2936\",\"url\":\"https:\/\/labex-entreprendre.fr\/?page_id=2936\",\"name\":\"Membres - Karim Messeghem - Lab Entreprendre\",\"isPartOf\":{\"@id\":\"https:\/\/labex-entreprendre.fr\/#website\"},\"datePublished\":\"2022-10-12T08:40:43+00:00\",\"dateModified\":\"2022-12-05T12:38:54+00:00\",\"breadcrumb\":{\"@id\":\"https:\/\/labex-entreprendre.fr\/?page_id=2936#breadcrumb\"},\"inLanguage\":\"fr-FR\",\"potentialAction\":[{\"@type\":\"ReadAction\",\"target\":[\"https:\/\/labex-entreprendre.fr\/?page_id=2936\"]}]},{\"@type\":\"BreadcrumbList\",\"@id\":\"https:\/\/labex-entreprendre.fr\/?page_id=2936#breadcrumb\",\"itemListElement\":[{\"@type\":\"ListItem\",\"position\":1,\"name\":\"Home\",\"item\":\"https:\/\/labex-entreprendre.fr\/\"},{\"@type\":\"ListItem\",\"position\":2,\"name\":\"Membres &#8211; Karim Messeghem\"}]},{\"@type\":\"WebSite\",\"@id\":\"https:\/\/labex-entreprendre.fr\/#website\",\"url\":\"https:\/\/labex-entreprendre.fr\/\",\"name\":\"Lab Entreprendre\",\"description\":\"Universit\u00e9 de Montpellier\",\"potentialAction\":[{\"@type\":\"SearchAction\",\"target\":{\"@type\":\"EntryPoint\",\"urlTemplate\":\"https:\/\/labex-entreprendre.fr\/?s={search_term_string}\"},\"query-input\":{\"@type\":\"PropertyValueSpecification\",\"valueRequired\":true,\"valueName\":\"search_term_string\"}}],\"inLanguage\":\"fr-FR\"}]}<\/script>\n<!-- \/ Yoast SEO plugin. -->","yoast_head_json":{"title":"Membres - Karim Messeghem - Lab Entreprendre","robots":{"index":"index","follow":"follow","max-snippet":"max-snippet:-1","max-image-preview":"max-image-preview:large","max-video-preview":"max-video-preview:-1"},"canonical":"https:\/\/labex-entreprendre.fr\/?page_id=2936","og_locale":"fr_FR","og_type":"article","og_title":"Membres - Karim Messeghem - Lab Entreprendre","og_description":"Karim Messeghem Professeur des Universit\u00e9s en Sciences de Gestion (Universit\u00e9 de Montpellier - Montpellier Management)Coordonn\u00e9es Adresse postale\u00a0: Montpellier Management \u2013 Espace Richter, B\u00e2t. D, Rue Vend\u00e9miaire, 34000 Montpellier Email : karim.messeghem[a]umontpellier.fr T\u00e9l\u00e9phone : +33 (0)4 34 43 23 82 Bureau : D208FONCTIONS Responsable scientifique de l\u2019\u00e9quipe GEM France Titulaire de la Chaire Entrepreneurial Ecosystem Lab [&hellip;]","og_url":"https:\/\/labex-entreprendre.fr\/?page_id=2936","og_site_name":"Lab Entreprendre","article_modified_time":"2022-12-05T12:38:54+00:00","twitter_card":"summary_large_image","twitter_misc":{"Dur\u00e9e de lecture estim\u00e9e":"5 minutes"},"schema":{"@context":"https:\/\/schema.org","@graph":[{"@type":"WebPage","@id":"https:\/\/labex-entreprendre.fr\/?page_id=2936","url":"https:\/\/labex-entreprendre.fr\/?page_id=2936","name":"Membres - Karim Messeghem - Lab Entreprendre","isPartOf":{"@id":"https:\/\/labex-entreprendre.fr\/#website"},"datePublished":"2022-10-12T08:40:43+00:00","dateModified":"2022-12-05T12:38:54+00:00","breadcrumb":{"@id":"https:\/\/labex-entreprendre.fr\/?page_id=2936#breadcrumb"},"inLanguage":"fr-FR","potentialAction":[{"@type":"ReadAction","target":["https:\/\/labex-entreprendre.fr\/?page_id=2936"]}]},{"@type":"BreadcrumbList","@id":"https:\/\/labex-entreprendre.fr\/?page_id=2936#breadcrumb","itemListElement":[{"@type":"ListItem","position":1,"name":"Home","item":"https:\/\/labex-entreprendre.fr\/"},{"@type":"ListItem","position":2,"name":"Membres &#8211; Karim Messeghem"}]},{"@type":"WebSite","@id":"https:\/\/labex-entreprendre.fr\/#website","url":"https:\/\/labex-entreprendre.fr\/","name":"Lab Entreprendre","description":"Universit\u00e9 de Montpellier","potentialAction":[{"@type":"SearchAction","target":{"@type":"EntryPoint","urlTemplate":"https:\/\/labex-entreprendre.fr\/?s={search_term_string}"},"query-input":{"@type":"PropertyValueSpecification","valueRequired":true,"valueName":"search_term_string"}}],"inLanguage":"fr-FR"}]}},"_links":{"self":[{"href":"https:\/\/labex-entreprendre.fr\/index.php?rest_route=\/wp\/v2\/pages\/2936","targetHints":{"allow":["GET"]}}],"collection":[{"href":"https:\/\/labex-entreprendre.fr\/index.php?rest_route=\/wp\/v2\/pages"}],"about":[{"href":"https:\/\/labex-entreprendre.fr\/index.php?rest_route=\/wp\/v2\/types\/page"}],"author":[{"embeddable":true,"href":"https:\/\/labex-entreprendre.fr\/index.php?rest_route=\/wp\/v2\/users\/4"}],"replies":[{"embeddable":true,"href":"https:\/\/labex-entreprendre.fr\/index.php?rest_route=%2Fwp%2Fv2%2Fcomments&post=2936"}],"version-history":[{"count":3,"href":"https:\/\/labex-entreprendre.fr\/index.php?rest_route=\/wp\/v2\/pages\/2936\/revisions"}],"predecessor-version":[{"id":2946,"href":"https:\/\/labex-entreprendre.fr\/index.php?rest_route=\/wp\/v2\/pages\/2936\/revisions\/2946"}],"wp:attachment":[{"href":"https:\/\/labex-entreprendre.fr\/index.php?rest_route=%2Fwp%2Fv2%2Fmedia&parent=2936"}],"curies":[{"name":"wp","href":"https:\/\/api.w.org\/{rel}","templated":true}]}}