{"id":2927,"date":"2022-10-12T10:43:15","date_gmt":"2022-10-12T08:43:15","guid":{"rendered":"https:\/\/labex-entreprendre.fr\/?page_id=2927"},"modified":"2022-12-05T13:39:32","modified_gmt":"2022-12-05T12:39:32","slug":"membres-sylvie-sammut","status":"publish","type":"page","link":"https:\/\/labex-entreprendre.fr\/?page_id=2927","title":{"rendered":"Membres &#8211; Sylvie Sammut"},"content":{"rendered":"<p>[et_pb_section fb_built=\u00a0\u00bb1&Prime; _builder_version=\u00a0\u00bb4.16&Prime; _module_preset=\u00a0\u00bbdefault\u00a0\u00bb locked=\u00a0\u00bboff\u00a0\u00bb global_colors_info=\u00a0\u00bb{}\u00a0\u00bb][et_pb_row _builder_version=\u00a0\u00bb4.16&Prime; _module_preset=\u00a0\u00bbdefault\u00a0\u00bb global_colors_info=\u00a0\u00bb{}\u00a0\u00bb][et_pb_column type=\u00a0\u00bb4_4&Prime; _builder_version=\u00a0\u00bb4.16&Prime; _module_preset=\u00a0\u00bbdefault\u00a0\u00bb global_colors_info=\u00a0\u00bb{}\u00a0\u00bb][et_pb_text _builder_version=\u00a0\u00bb4.17.4&Prime; _module_preset=\u00a0\u00bbdefault\u00a0\u00bb text_font=\u00a0\u00bb|600||on|||||\u00a0\u00bb text_text_color=\u00a0\u00bb#18305D\u00a0\u00bb header_3_font=\u00a0\u00bb|700||on|||||\u00a0\u00bb header_3_text_color=\u00a0\u00bb#18305D\u00a0\u00bb global_colors_info=\u00a0\u00bb{}\u00a0\u00bb]<\/p>\n<h3><span style=\"color: #993366;\">Sylvie Sammut<\/span><\/h3>\n<p>Professeur des Universit\u00e9s en Entrepreneuriat et management strat\u00e9gique (Universit\u00e9 de Montpellier)<\/p>\n<p>[\/et_pb_text][\/et_pb_column][\/et_pb_row][et_pb_row column_structure=\u00a0\u00bb1_3,2_3&Prime; custom_padding_last_edited=\u00a0\u00bbon|desktop\u00a0\u00bb module_class=\u00a0\u00bbprofiles\u00a0\u00bb _builder_version=\u00a0\u00bb4.16&Prime; _module_preset=\u00a0\u00bbdefault\u00a0\u00bb background_color=\u00a0\u00bbRGBA(0,0,0,0)\u00a0\u00bb custom_margin=\u00a0\u00bb40px||||false|false\u00a0\u00bb custom_padding=\u00a0\u00bb0px|0px|0px|0px|true|true\u00a0\u00bb custom_padding_tablet=\u00a0\u00bb80px|80px|80px|80px|true|true\u00a0\u00bb custom_padding_phone=\u00a0\u00bb0px|0px|0px|0px|true|true\u00a0\u00bb locked=\u00a0\u00bboff\u00a0\u00bb global_colors_info=\u00a0\u00bb{}\u00a0\u00bb][et_pb_column type=\u00a0\u00bb1_3&Prime; _builder_version=\u00a0\u00bb4.16&Prime; _module_preset=\u00a0\u00bbdefault\u00a0\u00bb background_enable_image=\u00a0\u00bboff\u00a0\u00bb global_colors_info=\u00a0\u00bb{}\u00a0\u00bb][et_pb_image src=\u00a0\u00bbhttps:\/\/labex-entreprendre.fr\/wp-content\/uploads\/2022\/10\/Sylvie-Sammut-web-1.jpg\u00a0\u00bb title_text=\u00a0\u00bbSylvie-Sammut-web\u00a0\u00bb _builder_version=\u00a0\u00bb4.17.4&Prime; _module_preset=\u00a0\u00bbdefault\u00a0\u00bb global_colors_info=\u00a0\u00bb{}\u00a0\u00bb][\/et_pb_image][et_pb_text _builder_version=\u00a0\u00bb4.17.4&Prime; _module_preset=\u00a0\u00bbdefault\u00a0\u00bb text_font=\u00a0\u00bbSource Sans Pro||||||||\u00a0\u00bb text_text_color=\u00a0\u00bb#18305D\u00a0\u00bb text_line_height=\u00a0\u00bb1.3em\u00a0\u00bb header_font=\u00a0\u00bb|800|||||||\u00a0\u00bb header_text_color=\u00a0\u00bb#8E2DAF\u00a0\u00bb header_2_font=\u00a0\u00bb|800|||||||\u00a0\u00bb header_2_text_color=\u00a0\u00bb#18305D\u00a0\u00bb header_3_font=\u00a0\u00bbSource Sans Pro|700||on|||||\u00a0\u00bb header_3_text_color=\u00a0\u00bb#18305D\u00a0\u00bb header_3_font_size=\u00a0\u00bb18px\u00a0\u00bb hover_enabled=\u00a0\u00bb0&Prime; global_colors_info=\u00a0\u00bb{}\u00a0\u00bb sticky_enabled=\u00a0\u00bb0&Prime;]<\/p>\n<h3>Coordonn\u00e9es<\/h3>\n<p>Montpellier Management \u2013 Espace Richter, Rue Vend\u00e9miaire, 34000 Montpellier<\/p>\n<p><span><strong>Email :<\/strong> <a href=\"mailto:sylvie.sammut@umontpellier.fr\">sylvie.sammut[a]umontpellier.fr<\/a><\/span><\/p>\n<p><strong>T\u00e9l\u00e9phone : <\/strong>+33 (0)4 34 43 20 94<\/p>\n<p><span><strong>Bureau :<\/strong> B519<\/span><\/p>\n<p>[\/et_pb_text][et_pb_button button_url=\u00a0\u00bbhttps:\/\/www.montpellier-management.fr\/liste-des-enseignant-chercheur\/full-professor-sylvie-sammut\/\u00a0\u00bb button_text=\u00a0\u00bbEn savoir plus\u00a0\u00bb button_alignment=\u00a0\u00bbcenter\u00a0\u00bb _builder_version=\u00a0\u00bb4.17.4&Prime; custom_button=\u00a0\u00bbon\u00a0\u00bb button_text_size=\u00a0\u00bb14px\u00a0\u00bb button_text_color=\u00a0\u00bb#FFFFFF\u00a0\u00bb button_bg_color=\u00a0\u00bb#8E2DAF\u00a0\u00bb button_border_width=\u00a0\u00bb0px\u00a0\u00bb button_border_color=\u00a0\u00bb#FFFFFF\u00a0\u00bb button_border_radius=\u00a0\u00bb0px\u00a0\u00bb button_letter_spacing=\u00a0\u00bb1px\u00a0\u00bb button_font=\u00a0\u00bb|700||on|||||\u00a0\u00bb button_icon=\u00a0\u00bb&#xf061;||fa||900&Prime; custom_margin=\u00a0\u00bb0px||||false|false\u00a0\u00bb custom_padding=\u00a0\u00bb14px|40px|14px|40px|true|false\u00a0\u00bb locked=\u00a0\u00bboff\u00a0\u00bb global_colors_info=\u00a0\u00bb{}\u00a0\u00bb button_bg_color__hover_enabled=\u00a0\u00bbon\u00a0\u00bb box_shadow_vertical__hover=\u00a0\u00bb200px\u00a0\u00bb box_shadow_horizontal__hover_enabled=\u00a0\u00bbon\u00a0\u00bb box_shadow_horizontal__hover=\u00a0\u00bb350px\u00a0\u00bb button_text_color__hover_enabled=\u00a0\u00bbon|hover\u00a0\u00bb button_text_color__hover=\u00a0\u00bb#56BADE\u00a0\u00bb button_bg_color__hover=\u00a0\u00bbrgba(255,255,255,0)\u00a0\u00bb][\/et_pb_button][\/et_pb_column][et_pb_column type=\u00a0\u00bb2_3&Prime; _builder_version=\u00a0\u00bb4.16&Prime; _module_preset=\u00a0\u00bbdefault\u00a0\u00bb background_enable_image=\u00a0\u00bboff\u00a0\u00bb global_colors_info=\u00a0\u00bb{}\u00a0\u00bb][et_pb_text _builder_version=\u00a0\u00bb4.17.4&Prime; _module_preset=\u00a0\u00bbdefault\u00a0\u00bb text_font=\u00a0\u00bbSource Sans Pro||||||||\u00a0\u00bb text_text_color=\u00a0\u00bb#18305D\u00a0\u00bb text_line_height=\u00a0\u00bb1.3em\u00a0\u00bb header_font=\u00a0\u00bb|800|||||||\u00a0\u00bb header_text_color=\u00a0\u00bb#8E2DAF\u00a0\u00bb header_2_font=\u00a0\u00bb|800|||||||\u00a0\u00bb header_2_text_color=\u00a0\u00bb#18305D\u00a0\u00bb header_3_font=\u00a0\u00bbSource Sans Pro|700||on|||||\u00a0\u00bb header_3_text_color=\u00a0\u00bb#18305D\u00a0\u00bb header_3_font_size=\u00a0\u00bb18px\u00a0\u00bb global_colors_info=\u00a0\u00bb{}\u00a0\u00bb]<\/p>\n<p><strong>FONCTIONS<\/strong><\/p>\n<ul>\n<li>Directrice de Montpellier Management<\/li>\n<li>\u00a0Co-r\u00e9dactrice en chef de la Revue de l\u2019Entrepeneuriat<\/li>\n<li>\u00a0Directrice de la Licence 3 Entrepreneuriat et PME<\/li>\n<li>\u00a0Co-directrice du Master 1 &amp; 2 Accompagnement Entrepreneurial<\/li>\n<li>Membre de l\u2019\u00e9quipe France du Global Entrepreneurship Monitor (GEM)<\/li>\n<\/ul>\n<p><strong><\/strong><\/p>\n<p><strong>FORMATION<\/strong><\/p>\n<ul>\n<li>Doctorat en Sciences de gestion (Montpellier 1, 1995)<\/li>\n<li><span>Habilitation \u00e0 diriger des recherches (2009)<\/span><\/li>\n<\/ul>\n<p><span><\/span><\/p>\n<p><strong>TH\u00c9MATIQUE(S) DE RECHERCHE<\/strong><\/p>\n<p>Mes recherches portent sur l&rsquo;accompagnement entrepreneurial, les strat\u00e9gies de croissance des PME<br \/>l&rsquo;accompagnement \u00e0 la lib\u00e9ration de l\u2019entreprise et au d\u00e9veloppement durable.<\/p>\n<p><strong><\/strong><\/p>\n<p><strong>PRINCIPALES PUBLICATIONS<\/strong><\/p>\n<ul>\n<li>MESSEGHEM K., SAMMUT S., TEMRI L. St JEAN E., (2020) (ed), Les mutations<br \/>de l\u2019accompagnement entrepreneurial, Revue Fran\u00e7aise de Gestion, vol.46<br \/>n\u00b0286, janv-fev., p. 59-67.<\/li>\n<li>CASANOVA S., MESSEGHEM K., SAMMUT S., (2019), Id\u00e9altype de l\u2019\u00e9mergence<br \/>collective des opportunit\u00e9s d\u2019affaires sous l\u2019angle intersubjective, Management<br \/>International, vol.23 n\u00b03, p.106-117.<\/li>\n<li>CATANZARO A., MESSEGHEM K., SAMMUT S., (2019), Effectiveness of Export<br \/>Support Programs: Impact on the Relational Capital and International<br \/>Performance of Early Internationalizing Small Businesses, Journal of Small<br \/>Business Management, n\u00b0 57, issue S2, nov., p.436-461.<\/li>\n<li>MESSEGHEM K., BAKKALI C., SAMMUT S., SWALHI A., (2018), \u00ab Measuring<br \/>nonprofit incubator performance: toward an adapted balanced scorecard<br \/>approach \u00bb, Journal of Small Business Management, Vol. 56, n\u00b04, p. 658\u2013680.<\/li>\n<li>MAUS A. SAMMUT S., (2017), \u00ab Les structures d\u2019accompagnement, des<br \/>entreprises comme les autres. Contribution de la th\u00e9orie des capacit\u00e9s<br \/>dynamiques \u00bb, Revue Gestion 2000, vol. 34, n\u00b05, p. 203- 226.<\/li>\n<li>MAUS A., SAMMUT S., (2017), Evolution In Incubators&rsquo; Business Model, The<br \/>Contribution Of Individual And Collective Sensing Of Opportunities And Dynamic<br \/>Capabilities, Frontiers of Entrepreneurship Research, Babson Publication, vol 37<br \/>n\u00b08, art.4, p.202-207.<\/li>\n<\/ul>\n<p><strong><\/strong><\/p>\n<p><strong>ENSEIGNEMENTS<\/strong><\/p>\n<p>Mes enseignements concernent l&rsquo;entrepreneuriat et les strat\u00e9gies entrepreneuriales, le management, les Business Model et Business Plan, l&rsquo;accompagnement entrepreneurial et la probl\u00e9matisation de la recherche.<\/p>\n<p><strong><\/strong><\/p>\n<p><strong>TRANSFERT ET VALORISATION DE LA RECHERCHE<\/strong><\/p>\n<ul>\n<li>Co-directrice de UM I-Lab by MOMA, l\u2019incubateur de l\u2019Universit\u00e9 de Montpellier<\/li>\n<li>Co-directrice du programme de recherche Entrepreneurial Support Lab<\/li>\n<li>Organisation et Pr\u00e9sidence du Congr\u00e8s de l\u2019Acad\u00e9mie de l\u2019Entrepreneuriat et de l\u2019Innovation juin 2019<\/li>\n<li>R\u00e9alisation de MOOC pour l&rsquo;Universit\u00e9 de Montpellier<\/li>\n<li><span>Directrice de PEPITE-LR (P\u00f4le \u00c9tudiant Pour l&rsquo;Innovation, le Transfert et l&rsquo;Entrepreuneuriat du Languedoc-Roussillon) (2010-2017)<\/span><\/li>\n<\/ul>\n<p>[\/et_pb_text][\/et_pb_column][\/et_pb_row][\/et_pb_section]<\/p>\n","protected":false},"excerpt":{"rendered":"<p>Sylvie Sammut Professeur des Universit\u00e9s en Entrepreneuriat et management strat\u00e9gique (Universit\u00e9 de Montpellier)Coordonn\u00e9es Montpellier Management \u2013 Espace Richter, Rue Vend\u00e9miaire, 34000 Montpellier Email : sylvie.sammut[a]umontpellier.fr T\u00e9l\u00e9phone : +33 (0)4 34 43 20 94 Bureau : B519FONCTIONS Directrice de Montpellier Management \u00a0Co-r\u00e9dactrice en chef de la Revue de l\u2019Entrepeneuriat \u00a0Directrice de la Licence 3 Entrepreneuriat et [&hellip;]<\/p>\n","protected":false},"author":4,"featured_media":0,"parent":0,"menu_order":0,"comment_status":"closed","ping_status":"closed","template":"","meta":{"_et_pb_use_builder":"on","_et_pb_old_content":"","_et_gb_content_width":"","footnotes":""},"class_list":["post-2927","page","type-page","status-publish","hentry"],"yoast_head":"<!-- This site is optimized with the Yoast SEO plugin v23.4 - https:\/\/yoast.com\/wordpress\/plugins\/seo\/ -->\n<title>Membres - Sylvie Sammut - Lab Entreprendre<\/title>\n<meta name=\"robots\" content=\"index, follow, max-snippet:-1, max-image-preview:large, max-video-preview:-1\" \/>\n<link rel=\"canonical\" href=\"https:\/\/labex-entreprendre.fr\/?page_id=2927\" \/>\n<meta property=\"og:locale\" content=\"fr_FR\" \/>\n<meta property=\"og:type\" content=\"article\" \/>\n<meta property=\"og:title\" content=\"Membres - Sylvie Sammut - Lab Entreprendre\" \/>\n<meta property=\"og:description\" content=\"Sylvie Sammut Professeur des Universit\u00e9s en Entrepreneuriat et management strat\u00e9gique (Universit\u00e9 de Montpellier)Coordonn\u00e9es Montpellier Management \u2013 Espace Richter, Rue Vend\u00e9miaire, 34000 Montpellier Email : sylvie.sammut[a]umontpellier.fr T\u00e9l\u00e9phone : +33 (0)4 34 43 20 94 Bureau : B519FONCTIONS Directrice de Montpellier Management \u00a0Co-r\u00e9dactrice en chef de la Revue de l\u2019Entrepeneuriat \u00a0Directrice de la Licence 3 Entrepreneuriat et [&hellip;]\" \/>\n<meta property=\"og:url\" content=\"https:\/\/labex-entreprendre.fr\/?page_id=2927\" \/>\n<meta property=\"og:site_name\" content=\"Lab Entreprendre\" \/>\n<meta property=\"article:modified_time\" content=\"2022-12-05T12:39:32+00:00\" \/>\n<meta name=\"twitter:card\" content=\"summary_large_image\" \/>\n<meta name=\"twitter:label1\" content=\"Dur\u00e9e de lecture estim\u00e9e\" \/>\n\t<meta name=\"twitter:data1\" content=\"4 minutes\" \/>\n<script type=\"application\/ld+json\" class=\"yoast-schema-graph\">{\"@context\":\"https:\/\/schema.org\",\"@graph\":[{\"@type\":\"WebPage\",\"@id\":\"https:\/\/labex-entreprendre.fr\/?page_id=2927\",\"url\":\"https:\/\/labex-entreprendre.fr\/?page_id=2927\",\"name\":\"Membres - Sylvie Sammut - Lab Entreprendre\",\"isPartOf\":{\"@id\":\"https:\/\/labex-entreprendre.fr\/#website\"},\"datePublished\":\"2022-10-12T08:43:15+00:00\",\"dateModified\":\"2022-12-05T12:39:32+00:00\",\"breadcrumb\":{\"@id\":\"https:\/\/labex-entreprendre.fr\/?page_id=2927#breadcrumb\"},\"inLanguage\":\"fr-FR\",\"potentialAction\":[{\"@type\":\"ReadAction\",\"target\":[\"https:\/\/labex-entreprendre.fr\/?page_id=2927\"]}]},{\"@type\":\"BreadcrumbList\",\"@id\":\"https:\/\/labex-entreprendre.fr\/?page_id=2927#breadcrumb\",\"itemListElement\":[{\"@type\":\"ListItem\",\"position\":1,\"name\":\"Home\",\"item\":\"https:\/\/labex-entreprendre.fr\/\"},{\"@type\":\"ListItem\",\"position\":2,\"name\":\"Membres &#8211; Sylvie Sammut\"}]},{\"@type\":\"WebSite\",\"@id\":\"https:\/\/labex-entreprendre.fr\/#website\",\"url\":\"https:\/\/labex-entreprendre.fr\/\",\"name\":\"Lab Entreprendre\",\"description\":\"Universit\u00e9 de Montpellier\",\"potentialAction\":[{\"@type\":\"SearchAction\",\"target\":{\"@type\":\"EntryPoint\",\"urlTemplate\":\"https:\/\/labex-entreprendre.fr\/?s={search_term_string}\"},\"query-input\":{\"@type\":\"PropertyValueSpecification\",\"valueRequired\":true,\"valueName\":\"search_term_string\"}}],\"inLanguage\":\"fr-FR\"}]}<\/script>\n<!-- \/ Yoast SEO plugin. -->","yoast_head_json":{"title":"Membres - Sylvie Sammut - Lab Entreprendre","robots":{"index":"index","follow":"follow","max-snippet":"max-snippet:-1","max-image-preview":"max-image-preview:large","max-video-preview":"max-video-preview:-1"},"canonical":"https:\/\/labex-entreprendre.fr\/?page_id=2927","og_locale":"fr_FR","og_type":"article","og_title":"Membres - Sylvie Sammut - Lab Entreprendre","og_description":"Sylvie Sammut Professeur des Universit\u00e9s en Entrepreneuriat et management strat\u00e9gique (Universit\u00e9 de Montpellier)Coordonn\u00e9es Montpellier Management \u2013 Espace Richter, Rue Vend\u00e9miaire, 34000 Montpellier Email : sylvie.sammut[a]umontpellier.fr T\u00e9l\u00e9phone : +33 (0)4 34 43 20 94 Bureau : B519FONCTIONS Directrice de Montpellier Management \u00a0Co-r\u00e9dactrice en chef de la Revue de l\u2019Entrepeneuriat \u00a0Directrice de la Licence 3 Entrepreneuriat et [&hellip;]","og_url":"https:\/\/labex-entreprendre.fr\/?page_id=2927","og_site_name":"Lab Entreprendre","article_modified_time":"2022-12-05T12:39:32+00:00","twitter_card":"summary_large_image","twitter_misc":{"Dur\u00e9e de lecture estim\u00e9e":"4 minutes"},"schema":{"@context":"https:\/\/schema.org","@graph":[{"@type":"WebPage","@id":"https:\/\/labex-entreprendre.fr\/?page_id=2927","url":"https:\/\/labex-entreprendre.fr\/?page_id=2927","name":"Membres - Sylvie Sammut - Lab Entreprendre","isPartOf":{"@id":"https:\/\/labex-entreprendre.fr\/#website"},"datePublished":"2022-10-12T08:43:15+00:00","dateModified":"2022-12-05T12:39:32+00:00","breadcrumb":{"@id":"https:\/\/labex-entreprendre.fr\/?page_id=2927#breadcrumb"},"inLanguage":"fr-FR","potentialAction":[{"@type":"ReadAction","target":["https:\/\/labex-entreprendre.fr\/?page_id=2927"]}]},{"@type":"BreadcrumbList","@id":"https:\/\/labex-entreprendre.fr\/?page_id=2927#breadcrumb","itemListElement":[{"@type":"ListItem","position":1,"name":"Home","item":"https:\/\/labex-entreprendre.fr\/"},{"@type":"ListItem","position":2,"name":"Membres &#8211; Sylvie Sammut"}]},{"@type":"WebSite","@id":"https:\/\/labex-entreprendre.fr\/#website","url":"https:\/\/labex-entreprendre.fr\/","name":"Lab Entreprendre","description":"Universit\u00e9 de Montpellier","potentialAction":[{"@type":"SearchAction","target":{"@type":"EntryPoint","urlTemplate":"https:\/\/labex-entreprendre.fr\/?s={search_term_string}"},"query-input":{"@type":"PropertyValueSpecification","valueRequired":true,"valueName":"search_term_string"}}],"inLanguage":"fr-FR"}]}},"_links":{"self":[{"href":"https:\/\/labex-entreprendre.fr\/index.php?rest_route=\/wp\/v2\/pages\/2927","targetHints":{"allow":["GET"]}}],"collection":[{"href":"https:\/\/labex-entreprendre.fr\/index.php?rest_route=\/wp\/v2\/pages"}],"about":[{"href":"https:\/\/labex-entreprendre.fr\/index.php?rest_route=\/wp\/v2\/types\/page"}],"author":[{"embeddable":true,"href":"https:\/\/labex-entreprendre.fr\/index.php?rest_route=\/wp\/v2\/users\/4"}],"replies":[{"embeddable":true,"href":"https:\/\/labex-entreprendre.fr\/index.php?rest_route=%2Fwp%2Fv2%2Fcomments&post=2927"}],"version-history":[{"count":3,"href":"https:\/\/labex-entreprendre.fr\/index.php?rest_route=\/wp\/v2\/pages\/2927\/revisions"}],"predecessor-version":[{"id":2948,"href":"https:\/\/labex-entreprendre.fr\/index.php?rest_route=\/wp\/v2\/pages\/2927\/revisions\/2948"}],"wp:attachment":[{"href":"https:\/\/labex-entreprendre.fr\/index.php?rest_route=%2Fwp%2Fv2%2Fmedia&parent=2927"}],"curies":[{"name":"wp","href":"https:\/\/api.w.org\/{rel}","templated":true}]}}