{"id":2920,"date":"2022-10-12T10:42:32","date_gmt":"2022-10-12T08:42:32","guid":{"rendered":"https:\/\/labex-entreprendre.fr\/?page_id=2920"},"modified":"2022-12-05T13:39:38","modified_gmt":"2022-12-05T12:39:38","slug":"membres-walid-nakara","status":"publish","type":"page","link":"https:\/\/labex-entreprendre.fr\/?page_id=2920","title":{"rendered":"Membres &#8211; Walid Nakara"},"content":{"rendered":"<p>[et_pb_section fb_built=\u00a0\u00bb1&Prime; _builder_version=\u00a0\u00bb4.16&Prime; _module_preset=\u00a0\u00bbdefault\u00a0\u00bb locked=\u00a0\u00bboff\u00a0\u00bb global_colors_info=\u00a0\u00bb{}\u00a0\u00bb][et_pb_row _builder_version=\u00a0\u00bb4.16&Prime; _module_preset=\u00a0\u00bbdefault\u00a0\u00bb global_colors_info=\u00a0\u00bb{}\u00a0\u00bb][et_pb_column type=\u00a0\u00bb4_4&Prime; _builder_version=\u00a0\u00bb4.16&Prime; _module_preset=\u00a0\u00bbdefault\u00a0\u00bb global_colors_info=\u00a0\u00bb{}\u00a0\u00bb][et_pb_text _builder_version=\u00a0\u00bb4.17.4&Prime; _module_preset=\u00a0\u00bbdefault\u00a0\u00bb text_font=\u00a0\u00bb|600||on|||||\u00a0\u00bb text_text_color=\u00a0\u00bb#18305D\u00a0\u00bb header_3_font=\u00a0\u00bb|700||on|||||\u00a0\u00bb header_3_text_color=\u00a0\u00bb#18305D\u00a0\u00bb global_colors_info=\u00a0\u00bb{}\u00a0\u00bb]<\/p>\n<h3><span style=\"color: #993366;\">Walid A. Nakara<\/span><\/h3>\n<p>Professeur en entrepreneuriat et innovation (Montpellier Business School)<\/p>\n<p>[\/et_pb_text][\/et_pb_column][\/et_pb_row][et_pb_row column_structure=\u00a0\u00bb1_3,2_3&Prime; custom_padding_last_edited=\u00a0\u00bbon|desktop\u00a0\u00bb module_class=\u00a0\u00bbprofiles\u00a0\u00bb _builder_version=\u00a0\u00bb4.16&Prime; _module_preset=\u00a0\u00bbdefault\u00a0\u00bb background_color=\u00a0\u00bbRGBA(0,0,0,0)\u00a0\u00bb custom_margin=\u00a0\u00bb40px||||false|false\u00a0\u00bb custom_padding=\u00a0\u00bb0px|0px|0px|0px|true|true\u00a0\u00bb custom_padding_tablet=\u00a0\u00bb80px|80px|80px|80px|true|true\u00a0\u00bb custom_padding_phone=\u00a0\u00bb0px|0px|0px|0px|true|true\u00a0\u00bb locked=\u00a0\u00bboff\u00a0\u00bb global_colors_info=\u00a0\u00bb{}\u00a0\u00bb][et_pb_column type=\u00a0\u00bb1_3&Prime; _builder_version=\u00a0\u00bb4.16&Prime; _module_preset=\u00a0\u00bbdefault\u00a0\u00bb background_enable_image=\u00a0\u00bboff\u00a0\u00bb global_colors_info=\u00a0\u00bb{}\u00a0\u00bb][et_pb_image src=\u00a0\u00bbhttps:\/\/labex-entreprendre.fr\/wp-content\/uploads\/2022\/10\/photo_W-NAKARA.jpg\u00a0\u00bb title_text=\u00a0\u00bbphoto_W NAKARA\u00a0\u00bb _builder_version=\u00a0\u00bb4.17.4&Prime; _module_preset=\u00a0\u00bbdefault\u00a0\u00bb global_colors_info=\u00a0\u00bb{}\u00a0\u00bb][\/et_pb_image][et_pb_text _builder_version=\u00a0\u00bb4.17.4&Prime; _module_preset=\u00a0\u00bbdefault\u00a0\u00bb text_font=\u00a0\u00bbSource Sans Pro||||||||\u00a0\u00bb text_text_color=\u00a0\u00bb#18305D\u00a0\u00bb text_line_height=\u00a0\u00bb1.3em\u00a0\u00bb header_font=\u00a0\u00bb|800|||||||\u00a0\u00bb header_text_color=\u00a0\u00bb#8E2DAF\u00a0\u00bb header_2_font=\u00a0\u00bb|800|||||||\u00a0\u00bb header_2_text_color=\u00a0\u00bb#18305D\u00a0\u00bb header_3_font=\u00a0\u00bbSource Sans Pro|700||on|||||\u00a0\u00bb header_3_text_color=\u00a0\u00bb#18305D\u00a0\u00bb header_3_font_size=\u00a0\u00bb18px\u00a0\u00bb global_colors_info=\u00a0\u00bb{}\u00a0\u00bb]<\/p>\n<h3>Coordonn\u00e9es<\/h3>\n<p>Montpellier Business School, 2300, Avenue des Moulins, 34185 Montpellier Cedex 4 \u2013 France<\/p>\n<p><span><strong>Email :<\/strong> <a href=\"mailto:w.nakara@montpellier-bs.com \">w.nakara[a]montpellier-bs.com<\/a><\/span><\/p>\n<p>[\/et_pb_text][et_pb_button button_url=\u00a0\u00bbhttps:\/\/www.montpellier-bs.com\/?post_type=annuaire&#038;p=15503%20&Prime; button_text=\u00a0\u00bbEn savoir plus\u00a0\u00bb button_alignment=\u00a0\u00bbcenter\u00a0\u00bb _builder_version=\u00a0\u00bb4.17.4&Prime; custom_button=\u00a0\u00bbon\u00a0\u00bb button_text_size=\u00a0\u00bb14px\u00a0\u00bb button_text_color=\u00a0\u00bb#FFFFFF\u00a0\u00bb button_bg_color=\u00a0\u00bb#8E2DAF\u00a0\u00bb button_border_width=\u00a0\u00bb0px\u00a0\u00bb button_border_color=\u00a0\u00bb#FFFFFF\u00a0\u00bb button_border_radius=\u00a0\u00bb0px\u00a0\u00bb button_letter_spacing=\u00a0\u00bb1px\u00a0\u00bb button_font=\u00a0\u00bb|700||on|||||\u00a0\u00bb button_icon=\u00a0\u00bb&#xf061;||fa||900&Prime; custom_margin=\u00a0\u00bb0px||||false|false\u00a0\u00bb custom_padding=\u00a0\u00bb14px|40px|14px|40px|true|false\u00a0\u00bb locked=\u00a0\u00bboff\u00a0\u00bb global_colors_info=\u00a0\u00bb{}\u00a0\u00bb button_bg_color__hover_enabled=\u00a0\u00bbon\u00a0\u00bb box_shadow_vertical__hover=\u00a0\u00bb200px\u00a0\u00bb box_shadow_horizontal__hover_enabled=\u00a0\u00bbon\u00a0\u00bb box_shadow_horizontal__hover=\u00a0\u00bb350px\u00a0\u00bb button_text_color__hover_enabled=\u00a0\u00bbon|hover\u00a0\u00bb button_text_color__hover=\u00a0\u00bb#56BADE\u00a0\u00bb button_bg_color__hover=\u00a0\u00bbrgba(255,255,255,0)\u00a0\u00bb][\/et_pb_button][\/et_pb_column][et_pb_column type=\u00a0\u00bb2_3&Prime; _builder_version=\u00a0\u00bb4.16&Prime; _module_preset=\u00a0\u00bbdefault\u00a0\u00bb background_enable_image=\u00a0\u00bboff\u00a0\u00bb global_colors_info=\u00a0\u00bb{}\u00a0\u00bb][et_pb_text _builder_version=\u00a0\u00bb4.17.4&Prime; _module_preset=\u00a0\u00bbdefault\u00a0\u00bb text_font=\u00a0\u00bbSource Sans Pro||||||||\u00a0\u00bb text_text_color=\u00a0\u00bb#18305D\u00a0\u00bb text_line_height=\u00a0\u00bb1.3em\u00a0\u00bb header_font=\u00a0\u00bb|800|||||||\u00a0\u00bb header_text_color=\u00a0\u00bb#8E2DAF\u00a0\u00bb header_2_font=\u00a0\u00bb|800|||||||\u00a0\u00bb header_2_text_color=\u00a0\u00bb#18305D\u00a0\u00bb header_3_font=\u00a0\u00bbSource Sans Pro|700||on|||||\u00a0\u00bb header_3_text_color=\u00a0\u00bb#18305D\u00a0\u00bb header_3_font_size=\u00a0\u00bb18px\u00a0\u00bb hover_enabled=\u00a0\u00bb0&Prime; global_colors_info=\u00a0\u00bb{}\u00a0\u00bb sticky_enabled=\u00a0\u00bb0&Prime;]<\/p>\n<p><strong>FONCTIONS<\/strong><\/p>\n<ul>\n<li>Directeur du d\u00e9partement Entrepreneuriat-Strat\u00e9gie-Management<\/li>\n<li>Fondateur de la <a href=\"http:\/\/chaire-esi.fr\/\">Chaire ESI<\/a><\/li>\n<li>Membre de l&rsquo;\u00e9quipe France du Global Entrepreneurship Monitor (GEM)<\/li>\n<\/ul>\n<p><strong><\/strong><\/p>\n<p><strong>FORMATION<\/strong><\/p>\n<ul>\n<li>Doctorat en Sciences de Gestion (Universit\u00e9 de Toulouse 1 Capitole)<\/li>\n<li>Habilitation \u00e0 diriger des recherches (Universit\u00e9 de Montpellier)<\/li>\n<\/ul>\n<p>&nbsp;<\/p>\n<p><strong>TH\u00c9MATIQUE(S) DE RECHERCHE<\/strong><\/p>\n<p>Mes recherches portent sur l\u2019entrepreneuriat social et inclusif, le bien-\u00eatre des entrepreneurs, l\u2019innovation.<\/p>\n<p><strong><\/strong><\/p>\n<p><strong>PRINCIPALES PUBLICATIONS<\/strong><\/p>\n<ul>\n<li>Nakara, W. A., Messeghem, K., &amp; Ramaroson, A. 2021. Innovation and entrepreneurship in a context of poverty: a multilevel approach.\u00a0<strong><em>Small Business Economics<\/em><\/strong>,\u00a056(4), 1601-1617.<\/li>\n<li>Miao C., Laouiti R., Gast J. &amp; Nakara W. 2022. Institutional factors, religiosity, and entrepreneurial activity: A quantitative examination across 85 countries. <strong><em>World Development<\/em><\/strong><em>, <\/em>149: 105695.<\/li>\n<li>Laouiti R., Haddoud M.Y., Nakara W.A &amp; Onjewu A. 2022. A gender-based approach to the influence of personality traits on entrepreneurial intention. <strong><em>Journal of Business Research<\/em>, <\/strong>142: 819-829.<strong><\/strong><\/li>\n<\/ul>\n<p><strong><\/strong><\/p>\n<p><strong>ENSEIGNEMENTS<\/strong><\/p>\n<p>Mes enseignements portent sur l\u2019entrepreneuriat, la strat\u00e9gie et le management.<\/p>\n<p>&nbsp;<\/p>\n<p><strong>TRANSFERT ET VALORISATION DE LA RECHERCHE<\/strong><\/p>\n<ul>\n<li>Vers un entrepreneuriat inclusif \u00e0 impact positif\u00a0: <a href=\"https:\/\/www.cge.asso.fr\/liste-actualites\/vers-un-entrepreneuriat-inclusif-a-impact-positif\/\">https:\/\/www.cge.asso.fr\/liste-actualites\/vers-un-entrepreneuriat-inclusif-a-impact-positif\/<\/a><\/li>\n<li>Les quatre leviers pour rendre l\u2019entreprise plus inclusive\u00a0: <a href=\"https:\/\/theconversation.com\/les-quatre-leviers-pour-rendre-lentreprise-plus-inclusive-139980\">https:\/\/theconversation.com\/les-quatre-leviers-pour-rendre-lentreprise-plus-inclusive-139980<\/a><\/li>\n<li>L\u2019entrepreneuriat, une voie d\u2019\u00e9mancipation pour les femmes battues\u00a0: <a href=\"https:\/\/theconversation.com\/lentrepreneuriat-une-voie-demancipation-pour-les-femmes-battues-120434\">https:\/\/theconversation.com\/lentrepreneuriat-une-voie-demancipation-pour-les-femmes-battues-120434<\/a><\/li>\n<li>Entreprendre pour s\u2019\u00e9vader de la case prison\u00a0: <a href=\"https:\/\/theconversation.com\/entreprendre-pour-sevader-de-la-case-prison-95541\">https:\/\/theconversation.com\/entreprendre-pour-sevader-de-la-case-prison-95541<\/a><\/li>\n<\/ul>\n<p>[\/et_pb_text][\/et_pb_column][\/et_pb_row][\/et_pb_section]<\/p>\n","protected":false},"excerpt":{"rendered":"<p>Walid A. Nakara Professeur en entrepreneuriat et innovation (Montpellier Business School)Coordonn\u00e9es Montpellier Business School, 2300, Avenue des Moulins, 34185 Montpellier Cedex 4 \u2013 France Email : w.nakara[a]montpellier-bs.comFONCTIONS Directeur du d\u00e9partement Entrepreneuriat-Strat\u00e9gie-Management Fondateur de la Chaire ESI Membre de l&rsquo;\u00e9quipe France du Global Entrepreneurship Monitor (GEM) FORMATION Doctorat en Sciences de Gestion (Universit\u00e9 de Toulouse 1 [&hellip;]<\/p>\n","protected":false},"author":4,"featured_media":0,"parent":0,"menu_order":0,"comment_status":"closed","ping_status":"closed","template":"","meta":{"_et_pb_use_builder":"on","_et_pb_old_content":"","_et_gb_content_width":"","footnotes":""},"class_list":["post-2920","page","type-page","status-publish","hentry"],"yoast_head":"<!-- This site is optimized with the Yoast SEO plugin v23.4 - https:\/\/yoast.com\/wordpress\/plugins\/seo\/ -->\n<title>Membres - Walid Nakara - Lab Entreprendre<\/title>\n<meta name=\"robots\" content=\"index, follow, max-snippet:-1, max-image-preview:large, max-video-preview:-1\" \/>\n<link rel=\"canonical\" href=\"https:\/\/labex-entreprendre.fr\/?page_id=2920\" \/>\n<meta property=\"og:locale\" content=\"fr_FR\" \/>\n<meta property=\"og:type\" content=\"article\" \/>\n<meta property=\"og:title\" content=\"Membres - Walid Nakara - Lab Entreprendre\" \/>\n<meta property=\"og:description\" content=\"Walid A. Nakara Professeur en entrepreneuriat et innovation (Montpellier Business School)Coordonn\u00e9es Montpellier Business School, 2300, Avenue des Moulins, 34185 Montpellier Cedex 4 \u2013 France Email : w.nakara[a]montpellier-bs.comFONCTIONS Directeur du d\u00e9partement Entrepreneuriat-Strat\u00e9gie-Management Fondateur de la Chaire ESI Membre de l&#039;\u00e9quipe France du Global Entrepreneurship Monitor (GEM) FORMATION Doctorat en Sciences de Gestion (Universit\u00e9 de Toulouse 1 [&hellip;]\" \/>\n<meta property=\"og:url\" content=\"https:\/\/labex-entreprendre.fr\/?page_id=2920\" \/>\n<meta property=\"og:site_name\" content=\"Lab Entreprendre\" \/>\n<meta property=\"article:modified_time\" content=\"2022-12-05T12:39:38+00:00\" \/>\n<meta name=\"twitter:card\" content=\"summary_large_image\" \/>\n<meta name=\"twitter:label1\" content=\"Dur\u00e9e de lecture estim\u00e9e\" \/>\n\t<meta name=\"twitter:data1\" content=\"3 minutes\" \/>\n<script type=\"application\/ld+json\" class=\"yoast-schema-graph\">{\"@context\":\"https:\/\/schema.org\",\"@graph\":[{\"@type\":\"WebPage\",\"@id\":\"https:\/\/labex-entreprendre.fr\/?page_id=2920\",\"url\":\"https:\/\/labex-entreprendre.fr\/?page_id=2920\",\"name\":\"Membres - Walid Nakara - Lab Entreprendre\",\"isPartOf\":{\"@id\":\"https:\/\/labex-entreprendre.fr\/#website\"},\"datePublished\":\"2022-10-12T08:42:32+00:00\",\"dateModified\":\"2022-12-05T12:39:38+00:00\",\"breadcrumb\":{\"@id\":\"https:\/\/labex-entreprendre.fr\/?page_id=2920#breadcrumb\"},\"inLanguage\":\"fr-FR\",\"potentialAction\":[{\"@type\":\"ReadAction\",\"target\":[\"https:\/\/labex-entreprendre.fr\/?page_id=2920\"]}]},{\"@type\":\"BreadcrumbList\",\"@id\":\"https:\/\/labex-entreprendre.fr\/?page_id=2920#breadcrumb\",\"itemListElement\":[{\"@type\":\"ListItem\",\"position\":1,\"name\":\"Home\",\"item\":\"https:\/\/labex-entreprendre.fr\/\"},{\"@type\":\"ListItem\",\"position\":2,\"name\":\"Membres &#8211; Walid Nakara\"}]},{\"@type\":\"WebSite\",\"@id\":\"https:\/\/labex-entreprendre.fr\/#website\",\"url\":\"https:\/\/labex-entreprendre.fr\/\",\"name\":\"Lab Entreprendre\",\"description\":\"Universit\u00e9 de Montpellier\",\"potentialAction\":[{\"@type\":\"SearchAction\",\"target\":{\"@type\":\"EntryPoint\",\"urlTemplate\":\"https:\/\/labex-entreprendre.fr\/?s={search_term_string}\"},\"query-input\":{\"@type\":\"PropertyValueSpecification\",\"valueRequired\":true,\"valueName\":\"search_term_string\"}}],\"inLanguage\":\"fr-FR\"}]}<\/script>\n<!-- \/ Yoast SEO plugin. -->","yoast_head_json":{"title":"Membres - Walid Nakara - Lab Entreprendre","robots":{"index":"index","follow":"follow","max-snippet":"max-snippet:-1","max-image-preview":"max-image-preview:large","max-video-preview":"max-video-preview:-1"},"canonical":"https:\/\/labex-entreprendre.fr\/?page_id=2920","og_locale":"fr_FR","og_type":"article","og_title":"Membres - Walid Nakara - Lab Entreprendre","og_description":"Walid A. Nakara Professeur en entrepreneuriat et innovation (Montpellier Business School)Coordonn\u00e9es Montpellier Business School, 2300, Avenue des Moulins, 34185 Montpellier Cedex 4 \u2013 France Email : w.nakara[a]montpellier-bs.comFONCTIONS Directeur du d\u00e9partement Entrepreneuriat-Strat\u00e9gie-Management Fondateur de la Chaire ESI Membre de l'\u00e9quipe France du Global Entrepreneurship Monitor (GEM) FORMATION Doctorat en Sciences de Gestion (Universit\u00e9 de Toulouse 1 [&hellip;]","og_url":"https:\/\/labex-entreprendre.fr\/?page_id=2920","og_site_name":"Lab Entreprendre","article_modified_time":"2022-12-05T12:39:38+00:00","twitter_card":"summary_large_image","twitter_misc":{"Dur\u00e9e de lecture estim\u00e9e":"3 minutes"},"schema":{"@context":"https:\/\/schema.org","@graph":[{"@type":"WebPage","@id":"https:\/\/labex-entreprendre.fr\/?page_id=2920","url":"https:\/\/labex-entreprendre.fr\/?page_id=2920","name":"Membres - Walid Nakara - Lab Entreprendre","isPartOf":{"@id":"https:\/\/labex-entreprendre.fr\/#website"},"datePublished":"2022-10-12T08:42:32+00:00","dateModified":"2022-12-05T12:39:38+00:00","breadcrumb":{"@id":"https:\/\/labex-entreprendre.fr\/?page_id=2920#breadcrumb"},"inLanguage":"fr-FR","potentialAction":[{"@type":"ReadAction","target":["https:\/\/labex-entreprendre.fr\/?page_id=2920"]}]},{"@type":"BreadcrumbList","@id":"https:\/\/labex-entreprendre.fr\/?page_id=2920#breadcrumb","itemListElement":[{"@type":"ListItem","position":1,"name":"Home","item":"https:\/\/labex-entreprendre.fr\/"},{"@type":"ListItem","position":2,"name":"Membres &#8211; Walid Nakara"}]},{"@type":"WebSite","@id":"https:\/\/labex-entreprendre.fr\/#website","url":"https:\/\/labex-entreprendre.fr\/","name":"Lab Entreprendre","description":"Universit\u00e9 de Montpellier","potentialAction":[{"@type":"SearchAction","target":{"@type":"EntryPoint","urlTemplate":"https:\/\/labex-entreprendre.fr\/?s={search_term_string}"},"query-input":{"@type":"PropertyValueSpecification","valueRequired":true,"valueName":"search_term_string"}}],"inLanguage":"fr-FR"}]}},"_links":{"self":[{"href":"https:\/\/labex-entreprendre.fr\/index.php?rest_route=\/wp\/v2\/pages\/2920","targetHints":{"allow":["GET"]}}],"collection":[{"href":"https:\/\/labex-entreprendre.fr\/index.php?rest_route=\/wp\/v2\/pages"}],"about":[{"href":"https:\/\/labex-entreprendre.fr\/index.php?rest_route=\/wp\/v2\/types\/page"}],"author":[{"embeddable":true,"href":"https:\/\/labex-entreprendre.fr\/index.php?rest_route=\/wp\/v2\/users\/4"}],"replies":[{"embeddable":true,"href":"https:\/\/labex-entreprendre.fr\/index.php?rest_route=%2Fwp%2Fv2%2Fcomments&post=2920"}],"version-history":[{"count":3,"href":"https:\/\/labex-entreprendre.fr\/index.php?rest_route=\/wp\/v2\/pages\/2920\/revisions"}],"predecessor-version":[{"id":2947,"href":"https:\/\/labex-entreprendre.fr\/index.php?rest_route=\/wp\/v2\/pages\/2920\/revisions\/2947"}],"wp:attachment":[{"href":"https:\/\/labex-entreprendre.fr\/index.php?rest_route=%2Fwp%2Fv2%2Fmedia&parent=2920"}],"curies":[{"name":"wp","href":"https:\/\/api.w.org\/{rel}","templated":true}]}}