{"id":2867,"date":"2022-10-06T14:55:37","date_gmt":"2022-10-06T12:55:37","guid":{"rendered":"https:\/\/labex-entreprendre.fr\/?page_id=2867"},"modified":"2022-12-05T13:39:03","modified_gmt":"2022-12-05T12:39:03","slug":"membres-olivier-torres","status":"publish","type":"page","link":"https:\/\/labex-entreprendre.fr\/?page_id=2867","title":{"rendered":"Membres &#8211; Olivier Torr\u00e8s"},"content":{"rendered":"<p>[et_pb_section fb_built=\u00a0\u00bb1&Prime; _builder_version=\u00a0\u00bb4.16&Prime; _module_preset=\u00a0\u00bbdefault\u00a0\u00bb locked=\u00a0\u00bboff\u00a0\u00bb global_colors_info=\u00a0\u00bb{}\u00a0\u00bb][et_pb_row _builder_version=\u00a0\u00bb4.16&Prime; _module_preset=\u00a0\u00bbdefault\u00a0\u00bb global_colors_info=\u00a0\u00bb{}\u00a0\u00bb][et_pb_column type=\u00a0\u00bb4_4&Prime; _builder_version=\u00a0\u00bb4.16&Prime; _module_preset=\u00a0\u00bbdefault\u00a0\u00bb global_colors_info=\u00a0\u00bb{}\u00a0\u00bb][et_pb_text _builder_version=\u00a0\u00bb4.17.4&Prime; _module_preset=\u00a0\u00bbdefault\u00a0\u00bb text_font=\u00a0\u00bb|600||on|||||\u00a0\u00bb text_text_color=\u00a0\u00bb#18305D\u00a0\u00bb header_3_font=\u00a0\u00bb|700||on|||||\u00a0\u00bb header_3_text_color=\u00a0\u00bb#18305D\u00a0\u00bb global_colors_info=\u00a0\u00bb{}\u00a0\u00bb]<\/p>\n<h3><span style=\"color: #993366;\">Olivier Torr\u00e8s<\/span><\/h3>\n<p>Professeur des universit\u00e9s &#8211; Montpellier Management (<span style=\"color: #000000;\">Universit\u00e9 de Montpellier)<\/span><\/p>\n<p>[\/et_pb_text][\/et_pb_column][\/et_pb_row][et_pb_row column_structure=\u00a0\u00bb1_3,2_3&Prime; custom_padding_last_edited=\u00a0\u00bbon|desktop\u00a0\u00bb module_class=\u00a0\u00bbprofiles\u00a0\u00bb _builder_version=\u00a0\u00bb4.16&Prime; _module_preset=\u00a0\u00bbdefault\u00a0\u00bb background_color=\u00a0\u00bbRGBA(0,0,0,0)\u00a0\u00bb custom_margin=\u00a0\u00bb40px||||false|false\u00a0\u00bb custom_padding=\u00a0\u00bb0px|0px|0px|0px|true|true\u00a0\u00bb custom_padding_tablet=\u00a0\u00bb80px|80px|80px|80px|true|true\u00a0\u00bb custom_padding_phone=\u00a0\u00bb0px|0px|0px|0px|true|true\u00a0\u00bb locked=\u00a0\u00bboff\u00a0\u00bb global_colors_info=\u00a0\u00bb{}\u00a0\u00bb][et_pb_column type=\u00a0\u00bb1_3&Prime; _builder_version=\u00a0\u00bb4.16&Prime; _module_preset=\u00a0\u00bbdefault\u00a0\u00bb background_enable_image=\u00a0\u00bboff\u00a0\u00bb global_colors_info=\u00a0\u00bb{}\u00a0\u00bb][et_pb_image src=\u00a0\u00bbhttps:\/\/labex-entreprendre.fr\/wp-content\/uploads\/2022\/10\/OT.png\u00a0\u00bb title_text=\u00a0\u00bbOT\u00a0\u00bb _builder_version=\u00a0\u00bb4.17.4&Prime; _module_preset=\u00a0\u00bbdefault\u00a0\u00bb global_colors_info=\u00a0\u00bb{}\u00a0\u00bb][\/et_pb_image][et_pb_text _builder_version=\u00a0\u00bb4.17.4&Prime; _module_preset=\u00a0\u00bbdefault\u00a0\u00bb text_font=\u00a0\u00bbSource Sans Pro||||||||\u00a0\u00bb text_text_color=\u00a0\u00bb#18305D\u00a0\u00bb text_line_height=\u00a0\u00bb1.3em\u00a0\u00bb header_font=\u00a0\u00bb|800|||||||\u00a0\u00bb header_text_color=\u00a0\u00bb#8E2DAF\u00a0\u00bb header_2_font=\u00a0\u00bb|800|||||||\u00a0\u00bb header_2_text_color=\u00a0\u00bb#18305D\u00a0\u00bb header_3_font=\u00a0\u00bbSource Sans Pro|700||on|||||\u00a0\u00bb header_3_text_color=\u00a0\u00bb#18305D\u00a0\u00bb header_3_font_size=\u00a0\u00bb18px\u00a0\u00bb hover_enabled=\u00a0\u00bb0&Prime; global_colors_info=\u00a0\u00bb{}\u00a0\u00bb sticky_enabled=\u00a0\u00bb0&Prime;]<\/p>\n<h3>Coordonn\u00e9es<\/h3>\n<p>Montpellier Management &#8211;\u00a0<span>Espace Richter, Rue Vend\u00e9miaire, 34000 Montpellier<\/span><\/p>\n<p><span><strong>Email :<\/strong> <a href=\"mailto:olivier.torres@umontpellier.fr\">olivier.torres[a]umontpellier.fr<\/a><\/span><\/p>\n<p><strong>Bureau :<\/strong><span>\u00a0D208<\/span><\/p>\n<p>[\/et_pb_text][et_pb_button button_url=\u00a0\u00bbhttps:\/\/www.montpellier-management.fr\/liste-des-enseignant-chercheur\/professeur-des-universites-olivier-torres\/\u00a0\u00bb button_text=\u00a0\u00bbEn savoir plus\u00a0\u00bb button_alignment=\u00a0\u00bbcenter\u00a0\u00bb _builder_version=\u00a0\u00bb4.17.4&Prime; custom_button=\u00a0\u00bbon\u00a0\u00bb button_text_size=\u00a0\u00bb14px\u00a0\u00bb button_text_color=\u00a0\u00bb#FFFFFF\u00a0\u00bb button_bg_color=\u00a0\u00bb#8E2DAF\u00a0\u00bb button_border_width=\u00a0\u00bb0px\u00a0\u00bb button_border_color=\u00a0\u00bb#FFFFFF\u00a0\u00bb button_border_radius=\u00a0\u00bb0px\u00a0\u00bb button_letter_spacing=\u00a0\u00bb1px\u00a0\u00bb button_font=\u00a0\u00bb|700||on|||||\u00a0\u00bb button_icon=\u00a0\u00bb&#xf061;||fa||900&Prime; custom_margin=\u00a0\u00bb0px||||false|false\u00a0\u00bb custom_padding=\u00a0\u00bb14px|40px|14px|40px|true|false\u00a0\u00bb locked=\u00a0\u00bboff\u00a0\u00bb global_colors_info=\u00a0\u00bb{}\u00a0\u00bb button_bg_color__hover_enabled=\u00a0\u00bbon\u00a0\u00bb box_shadow_vertical__hover=\u00a0\u00bb200px\u00a0\u00bb box_shadow_horizontal__hover_enabled=\u00a0\u00bbon\u00a0\u00bb box_shadow_horizontal__hover=\u00a0\u00bb350px\u00a0\u00bb button_text_color__hover_enabled=\u00a0\u00bbon|hover\u00a0\u00bb button_text_color__hover=\u00a0\u00bb#56BADE\u00a0\u00bb button_bg_color__hover=\u00a0\u00bbrgba(255,255,255,0)\u00a0\u00bb][\/et_pb_button][\/et_pb_column][et_pb_column type=\u00a0\u00bb2_3&Prime; _builder_version=\u00a0\u00bb4.16&Prime; _module_preset=\u00a0\u00bbdefault\u00a0\u00bb background_enable_image=\u00a0\u00bboff\u00a0\u00bb global_colors_info=\u00a0\u00bb{}\u00a0\u00bb][et_pb_text _builder_version=\u00a0\u00bb4.17.4&Prime; _module_preset=\u00a0\u00bbdefault\u00a0\u00bb text_font=\u00a0\u00bbSource Sans Pro||||||||\u00a0\u00bb text_text_color=\u00a0\u00bb#18305D\u00a0\u00bb text_line_height=\u00a0\u00bb1.3em\u00a0\u00bb header_font=\u00a0\u00bb|800|||||||\u00a0\u00bb header_text_color=\u00a0\u00bb#8E2DAF\u00a0\u00bb header_2_font=\u00a0\u00bb|800|||||||\u00a0\u00bb header_2_text_color=\u00a0\u00bb#18305D\u00a0\u00bb header_3_font=\u00a0\u00bbSource Sans Pro|700||on|||||\u00a0\u00bb header_3_text_color=\u00a0\u00bb#18305D\u00a0\u00bb header_3_font_size=\u00a0\u00bb18px\u00a0\u00bb hover_enabled=\u00a0\u00bb0&Prime; global_colors_info=\u00a0\u00bb{}\u00a0\u00bb sticky_enabled=\u00a0\u00bb0&Prime;]<\/p>\n<p><strong>FONCTIONS<\/strong><\/p>\n<ul>\n<li>Pr\u00e9sident du Conseil scientifique du LABEX Entreprendre<\/li>\n<li>Pr\u00e9sident du Comit\u00e9 d\u2019Int\u00e9grit\u00e9 Scientifique de MBS<\/li>\n<li>Fondateur d\u2019Amarok \u2013 Institut de la sant\u00e9 des entrepreneurs \u2013 membre du Portail du Rebond<\/li>\n<li>Membre de l\u2019\u00e9quipe France du Global Entrepreneurship Monitor (GEM)<\/li>\n<\/ul>\n<p><strong><\/strong><\/p>\n<p><strong>FORMATION<\/strong><\/p>\n<ul>\n<li>Doctorat en Sciences de gestion sous la dir. de Michel MARCHESNAY (1997)<\/li>\n<li>Habilitation \u00e0 diriger des recherches en Sciences de Gestion sous la dir. de Patrick JOFFRE (2004)<\/li>\n<\/ul>\n<p>&nbsp;<\/p>\n<p><strong>TH\u00c9MATIQUE(S) DE RECHERCHE<\/strong><\/p>\n<p>Mes recherches portent sur sant\u00e9 des entrepreneurs patrimoniaux (commer\u00e7ants, artisans, professionnels lib\u00e9raux, agriculteurs, dirigeants de TPE\/PME\u2026)<\/p>\n<p><strong><\/strong><\/p>\n<p><strong>PRINCIPALES PUBLICATIONS<\/strong><\/p>\n<ul>\n<li>TORRES O, GUILIANI F, THURIK R, (\u00e0 para\u00eetre), \u201cEntrepreneurship and health: an existential perspective\u201d, <em>Revue d\u2019Entrepreneuriat<\/em>.<\/li>\n<li>BAH T, KINOWSKI-MOYSAN C, TORRES O, GAILLON D (\u00e0 para\u00eetre), \u00ab Essai typologique du sens et des causes du suicide des dirigeants-propri\u00e9taires de PME en France et en Italie \u00bb, <em>Revue Internationale PME<\/em>.<\/li>\n<li>BENZARI A, KHEDHAOURIA A, TORRES O, CUCCHI A (\u00e0 para\u00eetre), \u201cThe impact of technostress on small-business owners\u2019 burnout: The mediating role of strain\u201d, <em>International Journal Entrepreneurship and Small Business<\/em>.<\/li>\n<li>TORR\u00c8S, O., BENZARI, A., FISCH, C.H., MUKERJEE, J., SWALHI, A. et THURIK, R. (2021). Risk of burnout in French entrepreneurs during the COVID-19 crisis. <em>Small Business Economics<\/em>, Vol. 58, Issue 2, pp. 717-739.<\/li>\n<li>TORRES O., BENZARI A., SWALHI A., THURIK R. (2021) \u00ab Confinement et risque de burnout des dirigeants-propri\u00e9taires de PME : le syndrome d\u2019\u00e9puisement d\u2019emp\u00eachement \u00bb, <em>Revue Internationale PME<\/em>, Vol. 34, n\u00b02, pp.62-80.<\/li>\n<li>TORRES O. et C. KINOWSKI-MOYSAN (2019), \u201cD\u00e9pistage de l\u2019\u00e9puisement et pr\u00e9vention du burnout des dirigeants de PME : d\u2019une recherche acad\u00e9mique \u00e0 une valorisation soci\u00e9tale\u201d, <em>Revue Fran\u00e7aise de Gestion<\/em>, n\u00b0 284, pp. 171-189.<\/li>\n<li>TORRES O and R. THURIK (2019), \u201cSmall Business Owners and Health\u201d, <em>Small Business Economics,<\/em> Vol. 53, n\u00b02, pp. 311\u2013321.<\/li>\n<\/ul>\n<p>&nbsp;<\/p>\n<p><strong>ENSEIGNEMENTS<\/strong><\/p>\n<p>Mes enseignements portent sur le management des PME et la sant\u00e9 au travail des entrepreneurs et dirigeants de PME<\/p>\n<p><strong><\/strong><\/p>\n<p><strong>TRANSFERT ET VALORISATION DE LA RECHERCHE<\/strong><\/p>\n<ul>\n<li><strong><em>Amarok e-Sant\u00e9<\/em><\/strong> est un outil d\u2019\u00e9valuation de la sant\u00e9 des entrepreneurs avec un syst\u00e8me int\u00e9gr\u00e9 de d\u00e9pistage du risque de burnout (40 partenariats \u2013 FFB, AGEFICE, 35 Services de Pr\u00e9vention et en Sant\u00e9 au Travail\u2026<\/li>\n<li><strong><em>Amarok e-Sant\u00e9 agri<\/em><\/strong> (en cours de d\u00e9ploiement \u2013 MSA Languedoc, UNEP, Chambre d\u2019agriculture de Sa\u00f4ne et Loire)<\/li>\n<\/ul>\n<ul style=\"font-weight: 400;\"><\/ul>\n<p style=\"font-weight: 400;\">[\/et_pb_text][\/et_pb_column][\/et_pb_row][\/et_pb_section]<\/p>\n","protected":false},"excerpt":{"rendered":"<p>Olivier Torr\u00e8s Professeur des universit\u00e9s &#8211; Montpellier Management (Universit\u00e9 de Montpellier)Coordonn\u00e9es Montpellier Management &#8211;\u00a0Espace Richter, Rue Vend\u00e9miaire, 34000 Montpellier Email : olivier.torres[a]umontpellier.fr Bureau :\u00a0D208FONCTIONS Pr\u00e9sident du Conseil scientifique du LABEX Entreprendre Pr\u00e9sident du Comit\u00e9 d\u2019Int\u00e9grit\u00e9 Scientifique de MBS Fondateur d\u2019Amarok \u2013 Institut de la sant\u00e9 des entrepreneurs \u2013 membre du Portail du Rebond Membre de [&hellip;]<\/p>\n","protected":false},"author":4,"featured_media":0,"parent":0,"menu_order":0,"comment_status":"closed","ping_status":"closed","template":"","meta":{"_et_pb_use_builder":"on","_et_pb_old_content":"","_et_gb_content_width":"","footnotes":""},"class_list":["post-2867","page","type-page","status-publish","hentry"],"yoast_head":"<!-- This site is optimized with the Yoast SEO plugin v23.4 - https:\/\/yoast.com\/wordpress\/plugins\/seo\/ -->\n<title>Membres - Olivier Torr\u00e8s - Lab Entreprendre<\/title>\n<meta name=\"robots\" content=\"index, follow, max-snippet:-1, max-image-preview:large, max-video-preview:-1\" \/>\n<link rel=\"canonical\" href=\"https:\/\/labex-entreprendre.fr\/?page_id=2867\" \/>\n<meta property=\"og:locale\" content=\"fr_FR\" \/>\n<meta property=\"og:type\" content=\"article\" \/>\n<meta property=\"og:title\" content=\"Membres - Olivier Torr\u00e8s - Lab Entreprendre\" \/>\n<meta property=\"og:description\" content=\"Olivier Torr\u00e8s Professeur des universit\u00e9s - Montpellier Management (Universit\u00e9 de Montpellier)Coordonn\u00e9es Montpellier Management -\u00a0Espace Richter, Rue Vend\u00e9miaire, 34000 Montpellier Email : olivier.torres[a]umontpellier.fr Bureau :\u00a0D208FONCTIONS Pr\u00e9sident du Conseil scientifique du LABEX Entreprendre Pr\u00e9sident du Comit\u00e9 d\u2019Int\u00e9grit\u00e9 Scientifique de MBS Fondateur d\u2019Amarok \u2013 Institut de la sant\u00e9 des entrepreneurs \u2013 membre du Portail du Rebond Membre de [&hellip;]\" \/>\n<meta property=\"og:url\" content=\"https:\/\/labex-entreprendre.fr\/?page_id=2867\" \/>\n<meta property=\"og:site_name\" content=\"Lab Entreprendre\" \/>\n<meta property=\"article:modified_time\" content=\"2022-12-05T12:39:03+00:00\" \/>\n<meta name=\"twitter:card\" content=\"summary_large_image\" \/>\n<meta name=\"twitter:label1\" content=\"Dur\u00e9e de lecture estim\u00e9e\" \/>\n\t<meta name=\"twitter:data1\" content=\"4 minutes\" \/>\n<script type=\"application\/ld+json\" class=\"yoast-schema-graph\">{\"@context\":\"https:\/\/schema.org\",\"@graph\":[{\"@type\":\"WebPage\",\"@id\":\"https:\/\/labex-entreprendre.fr\/?page_id=2867\",\"url\":\"https:\/\/labex-entreprendre.fr\/?page_id=2867\",\"name\":\"Membres - Olivier Torr\u00e8s - Lab Entreprendre\",\"isPartOf\":{\"@id\":\"https:\/\/labex-entreprendre.fr\/#website\"},\"datePublished\":\"2022-10-06T12:55:37+00:00\",\"dateModified\":\"2022-12-05T12:39:03+00:00\",\"breadcrumb\":{\"@id\":\"https:\/\/labex-entreprendre.fr\/?page_id=2867#breadcrumb\"},\"inLanguage\":\"fr-FR\",\"potentialAction\":[{\"@type\":\"ReadAction\",\"target\":[\"https:\/\/labex-entreprendre.fr\/?page_id=2867\"]}]},{\"@type\":\"BreadcrumbList\",\"@id\":\"https:\/\/labex-entreprendre.fr\/?page_id=2867#breadcrumb\",\"itemListElement\":[{\"@type\":\"ListItem\",\"position\":1,\"name\":\"Home\",\"item\":\"https:\/\/labex-entreprendre.fr\/\"},{\"@type\":\"ListItem\",\"position\":2,\"name\":\"Membres &#8211; Olivier Torr\u00e8s\"}]},{\"@type\":\"WebSite\",\"@id\":\"https:\/\/labex-entreprendre.fr\/#website\",\"url\":\"https:\/\/labex-entreprendre.fr\/\",\"name\":\"Lab Entreprendre\",\"description\":\"Universit\u00e9 de Montpellier\",\"potentialAction\":[{\"@type\":\"SearchAction\",\"target\":{\"@type\":\"EntryPoint\",\"urlTemplate\":\"https:\/\/labex-entreprendre.fr\/?s={search_term_string}\"},\"query-input\":{\"@type\":\"PropertyValueSpecification\",\"valueRequired\":true,\"valueName\":\"search_term_string\"}}],\"inLanguage\":\"fr-FR\"}]}<\/script>\n<!-- \/ Yoast SEO plugin. -->","yoast_head_json":{"title":"Membres - Olivier Torr\u00e8s - Lab Entreprendre","robots":{"index":"index","follow":"follow","max-snippet":"max-snippet:-1","max-image-preview":"max-image-preview:large","max-video-preview":"max-video-preview:-1"},"canonical":"https:\/\/labex-entreprendre.fr\/?page_id=2867","og_locale":"fr_FR","og_type":"article","og_title":"Membres - Olivier Torr\u00e8s - Lab Entreprendre","og_description":"Olivier Torr\u00e8s Professeur des universit\u00e9s - Montpellier Management (Universit\u00e9 de Montpellier)Coordonn\u00e9es Montpellier Management -\u00a0Espace Richter, Rue Vend\u00e9miaire, 34000 Montpellier Email : olivier.torres[a]umontpellier.fr Bureau :\u00a0D208FONCTIONS Pr\u00e9sident du Conseil scientifique du LABEX Entreprendre Pr\u00e9sident du Comit\u00e9 d\u2019Int\u00e9grit\u00e9 Scientifique de MBS Fondateur d\u2019Amarok \u2013 Institut de la sant\u00e9 des entrepreneurs \u2013 membre du Portail du Rebond Membre de [&hellip;]","og_url":"https:\/\/labex-entreprendre.fr\/?page_id=2867","og_site_name":"Lab Entreprendre","article_modified_time":"2022-12-05T12:39:03+00:00","twitter_card":"summary_large_image","twitter_misc":{"Dur\u00e9e de lecture estim\u00e9e":"4 minutes"},"schema":{"@context":"https:\/\/schema.org","@graph":[{"@type":"WebPage","@id":"https:\/\/labex-entreprendre.fr\/?page_id=2867","url":"https:\/\/labex-entreprendre.fr\/?page_id=2867","name":"Membres - Olivier Torr\u00e8s - Lab Entreprendre","isPartOf":{"@id":"https:\/\/labex-entreprendre.fr\/#website"},"datePublished":"2022-10-06T12:55:37+00:00","dateModified":"2022-12-05T12:39:03+00:00","breadcrumb":{"@id":"https:\/\/labex-entreprendre.fr\/?page_id=2867#breadcrumb"},"inLanguage":"fr-FR","potentialAction":[{"@type":"ReadAction","target":["https:\/\/labex-entreprendre.fr\/?page_id=2867"]}]},{"@type":"BreadcrumbList","@id":"https:\/\/labex-entreprendre.fr\/?page_id=2867#breadcrumb","itemListElement":[{"@type":"ListItem","position":1,"name":"Home","item":"https:\/\/labex-entreprendre.fr\/"},{"@type":"ListItem","position":2,"name":"Membres &#8211; Olivier Torr\u00e8s"}]},{"@type":"WebSite","@id":"https:\/\/labex-entreprendre.fr\/#website","url":"https:\/\/labex-entreprendre.fr\/","name":"Lab Entreprendre","description":"Universit\u00e9 de Montpellier","potentialAction":[{"@type":"SearchAction","target":{"@type":"EntryPoint","urlTemplate":"https:\/\/labex-entreprendre.fr\/?s={search_term_string}"},"query-input":{"@type":"PropertyValueSpecification","valueRequired":true,"valueName":"search_term_string"}}],"inLanguage":"fr-FR"}]}},"_links":{"self":[{"href":"https:\/\/labex-entreprendre.fr\/index.php?rest_route=\/wp\/v2\/pages\/2867","targetHints":{"allow":["GET"]}}],"collection":[{"href":"https:\/\/labex-entreprendre.fr\/index.php?rest_route=\/wp\/v2\/pages"}],"about":[{"href":"https:\/\/labex-entreprendre.fr\/index.php?rest_route=\/wp\/v2\/types\/page"}],"author":[{"embeddable":true,"href":"https:\/\/labex-entreprendre.fr\/index.php?rest_route=\/wp\/v2\/users\/4"}],"replies":[{"embeddable":true,"href":"https:\/\/labex-entreprendre.fr\/index.php?rest_route=%2Fwp%2Fv2%2Fcomments&post=2867"}],"version-history":[{"count":5,"href":"https:\/\/labex-entreprendre.fr\/index.php?rest_route=\/wp\/v2\/pages\/2867\/revisions"}],"predecessor-version":[{"id":2949,"href":"https:\/\/labex-entreprendre.fr\/index.php?rest_route=\/wp\/v2\/pages\/2867\/revisions\/2949"}],"wp:attachment":[{"href":"https:\/\/labex-entreprendre.fr\/index.php?rest_route=%2Fwp%2Fv2%2Fmedia&parent=2867"}],"curies":[{"name":"wp","href":"https:\/\/api.w.org\/{rel}","templated":true}]}}